{"id":40227,"date":"2026-03-30T14:47:54","date_gmt":"2026-03-30T12:47:54","guid":{"rendered":"https:\/\/axkid.com\/de\/?post_type=product&#038;p=40227"},"modified":"2026-04-20T07:58:28","modified_gmt":"2026-04-20T05:58:28","slug":"axkid-up-x-jon-olsson-1","status":"publish","type":"product","link":"https:\/\/axkid.com\/de\/product\/axkid-up-x-jon-olsson-1\/","title":{"rendered":"Axkid Up x Jon Olsson"},"content":{"rendered":"","protected":false},"excerpt":{"rendered":"<p>Der Axkid Up\u2122, unser innovativster Folgesitz, ist jetzt in einer limitierten Edition in Zusammenarbeit mit Jon Olsson erh\u00e4ltlich. Geeignet f\u00fcr Kinder von 4 bis 12 Jahren (100\u2013150 cm \/ bis 50 kg), w\u00e4chst der Sitz mit deinem Kind mit und sorgt dank der h\u00f6henverstellbaren Sitzfl\u00e4che f\u00fcr eine optimale Gurtf\u00fchrung. Eine integrierte St\u00fctzst\u00fctze bietet zus\u00e4tzliche Stabilit\u00e4t.<\/p>\n","protected":false},"featured_media":3700000853829,"template":"","meta":{"_acf_changed":false,"_seopress_robots_primary_cat":"18","_seopress_titles_title":"","_seopress_titles_desc":"Der Axkid Up\u2122, unser innovativster Folgesitz, ist jetzt in einer limitierten Edition in Zusammenarbeit mit Jon Olsson erh\u00e4ltlich.","_seopress_robots_index":"","content-type":"","_relevanssi_hide_post":"","_relevanssi_hide_content":"","_relevanssi_pin_for_all":"","_relevanssi_pin_keywords":"","_relevanssi_unpin_keywords":"","_relevanssi_related_keywords":"","_relevanssi_related_include_ids":"","_relevanssi_related_exclude_ids":"","_relevanssi_related_no_append":"","_relevanssi_related_not_related":"","_relevanssi_related_posts":"","_relevanssi_noindex_reason":"WooCommerce Relevanssi Index ausgeschlossen","editor_notices":[]},"product_brand":[],"product_cat":[18,81,175],"product_tag":[],"class_list":{"0":"post-40227","1":"product","2":"type-product","3":"status-publish","4":"has-post-thumbnail","6":"product_cat-kindersitze","7":"product_cat-folgesitze","8":"product_cat-sets","10":"first","11":"onbackorder","12":"taxable","13":"shipping-taxable","14":"purchasable","15":"product-type-variable","16":"has-default-attributes"},"bundled_by":["40235"],"bundle_stock_status":"onbackorder","bundle_stock_quantity":null,"bundle_virtual":false,"bundle_layout":"","bundle_add_to_cart_form_location":"","bundle_editable_in_cart":false,"bundle_sold_individually_context":"","bundle_item_grouping":"","bundle_min_size":"","bundle_max_size":"","bundle_price":[],"bundled_items":[],"bundle_sell_ids":[],"acf":[],"jetpack_sharing_enabled":true,"_links":{"self":[{"href":"https:\/\/axkid.com\/de\/wp-json\/wp\/v2\/product\/40227","targetHints":{"allow":["GET"]}}],"collection":[{"href":"https:\/\/axkid.com\/de\/wp-json\/wp\/v2\/product"}],"about":[{"href":"https:\/\/axkid.com\/de\/wp-json\/wp\/v2\/types\/product"}],"wp:featuredmedia":[{"embeddable":true,"href":"https:\/\/axkid.com\/de\/wp-json\/"}],"wp:attachment":[{"href":"https:\/\/axkid.com\/de\/wp-json\/wp\/v2\/media?parent=40227"}],"wp:term":[{"taxonomy":"product_brand","embeddable":true,"href":"https:\/\/axkid.com\/de\/wp-json\/wp\/v2\/product_brand?post=40227"},{"taxonomy":"product_cat","embeddable":true,"href":"https:\/\/axkid.com\/de\/wp-json\/wp\/v2\/product_cat?post=40227"},{"taxonomy":"product_tag","embeddable":true,"href":"https:\/\/axkid.com\/de\/wp-json\/wp\/v2\/product_tag?post=40227"}],"curies":[{"name":"wp","href":"https:\/\/api.w.org\/{rel}","templated":true}]}}