{"id":40461,"date":"2026-04-22T12:54:11","date_gmt":"2026-04-22T10:54:11","guid":{"rendered":"https:\/\/axkid.com\/de\/?post_type=product&#038;p=40461"},"modified":"2026-04-24T10:44:02","modified_gmt":"2026-04-24T08:44:02","slug":"zero-pro","status":"publish","type":"product","link":"https:\/\/axkid.com\/de\/product\/zero-pro\/","title":{"rendered":"Zero Pro"},"content":{"rendered":"","protected":false},"excerpt":{"rendered":"<p>Die Zero Pro ist eine Babyschale, die dein Neugeborenes vom ersten Tag an zuverl\u00e4ssig sch\u00fctzt. Leicht und komfortabel zu tragen, bietet sie kleinen Babys optimalen Halt und ergonomische Unterst\u00fctzung \u2013 von der allerersten Fahrt nach Hause an. Geeignet f\u00fcr K\u00f6rpergr\u00f6\u00dfen von 40\u201387 cm und bis zu 13 kg, ist die Zero Pro nach R129 i-Size zertifiziert. Sie kann flexibel mit der Zero Pro Base oder dem Fahrzeuggurt installiert werden.<\/p>\n","protected":false},"featured_media":40433,"template":"","meta":{"_acf_changed":false,"_seopress_robots_primary_cat":"none","_seopress_titles_title":"Zero Pro Baby Babyschale | Leicht & sicher ab Geburt","_seopress_titles_desc":"Die Zero Pro ist eine leichte Babyschale f\u00fcr Neugeborene bis ca. 15 Monate (40\u201387 cm, bis 13 kg). R129 i-Size zertifiziert und Travel-System-kompatibel.","_seopress_robots_index":"","content-type":"","_relevanssi_hide_post":"","_relevanssi_hide_content":"","_relevanssi_pin_for_all":"","_relevanssi_pin_keywords":"","_relevanssi_unpin_keywords":"","_relevanssi_related_keywords":"","_relevanssi_related_include_ids":"","_relevanssi_related_exclude_ids":"","_relevanssi_related_no_append":"","_relevanssi_related_not_related":"","_relevanssi_related_posts":"","_relevanssi_noindex_reason":"","editor_notices":[]},"product_brand":[],"product_cat":[18,79],"product_tag":[],"class_list":{"0":"post-40461","1":"product","2":"type-product","3":"status-publish","4":"has-post-thumbnail","6":"product_cat-kindersitze","7":"product_cat-babyschalen","9":"first","10":"onbackorder","11":"taxable","12":"shipping-taxable","13":"purchasable","14":"product-type-variable","15":"has-default-attributes"},"bundled_by":["40472"],"bundle_stock_status":"onbackorder","bundle_stock_quantity":null,"bundle_virtual":false,"bundle_layout":"","bundle_add_to_cart_form_location":"","bundle_editable_in_cart":false,"bundle_sold_individually_context":"","bundle_item_grouping":"","bundle_min_size":"","bundle_max_size":"","bundle_price":[],"bundled_items":[],"bundle_sell_ids":[],"acf":[],"jetpack_sharing_enabled":true,"_links":{"self":[{"href":"https:\/\/axkid.com\/de\/wp-json\/wp\/v2\/product\/40461","targetHints":{"allow":["GET"]}}],"collection":[{"href":"https:\/\/axkid.com\/de\/wp-json\/wp\/v2\/product"}],"about":[{"href":"https:\/\/axkid.com\/de\/wp-json\/wp\/v2\/types\/product"}],"wp:featuredmedia":[{"embeddable":true,"href":"https:\/\/axkid.com\/de\/wp-json\/wp\/v2\/media\/40433"}],"wp:attachment":[{"href":"https:\/\/axkid.com\/de\/wp-json\/wp\/v2\/media?parent=40461"}],"wp:term":[{"taxonomy":"product_brand","embeddable":true,"href":"https:\/\/axkid.com\/de\/wp-json\/wp\/v2\/product_brand?post=40461"},{"taxonomy":"product_cat","embeddable":true,"href":"https:\/\/axkid.com\/de\/wp-json\/wp\/v2\/product_cat?post=40461"},{"taxonomy":"product_tag","embeddable":true,"href":"https:\/\/axkid.com\/de\/wp-json\/wp\/v2\/product_tag?post=40461"}],"curies":[{"name":"wp","href":"https:\/\/api.w.org\/{rel}","templated":true}]}}