{"id":15264,"date":"2023-04-19T14:52:28","date_gmt":"2023-04-19T13:52:28","guid":{"rendered":"https:\/\/axkid.com\/?post_type=product&#038;p=15264"},"modified":"2026-04-13T18:43:32","modified_gmt":"2026-04-13T17:43:32","slug":"babyhynde-premium","status":"publish","type":"product","link":"https:\/\/axkid.com\/dk\/product\/babyhynde-premium\/","title":{"rendered":"Babyhynde Premium"},"content":{"rendered":"<p>The comfortable memory foam baby cushion provides smaller children with more support and maximum comfort. The smart material in the insert adapts perfectly to your child. It is the perfect accessory for the rear-facing car seat from Axkid.<\/p>\n<p>The baby cushion makes your child sit higher so that the seat belt is placed better and the belt buckle is not placed too high over the abdomen. Your child is supported in different ways in the baby cushion, which reduces the space on the sides and increases the side support for your child.<\/p>\n<h3>Term of use<\/h3>\n<p>You can use the Baby Cushion Premium until you feel that your child&#8217;s sitting position and seat belt are optimal even without the insert. Removing the seat cushion often helps extend the life of the child seat.<\/p>\n<p>Compatible with all Axkid rear-facing car seats.<\/p>\n","protected":false},"excerpt":{"rendered":"<p>Den komfortable babypude i memory foam giver mindre b\u00f8rn bedre st\u00f8tte og maksimal komfort. Det smarte materiale i indsatsen tilpasser sig perfekt til dit barn. Det er det perfekte tilbeh\u00f8r til den bagudvendte autostol fra Axkid.<\/p>\n","protected":false},"featured_media":15266,"comment_status":"closed","ping_status":"closed","template":"","meta":{"_acf_changed":false,"_seopress_robots_primary_cat":"435","_seopress_titles_title":"","_seopress_titles_desc":"","_seopress_robots_index":"","content-type":"","_relevanssi_hide_post":"","_relevanssi_hide_content":"","_relevanssi_pin_for_all":"","_relevanssi_pin_keywords":"","_relevanssi_unpin_keywords":"","_relevanssi_related_keywords":"","_relevanssi_related_include_ids":"","_relevanssi_related_exclude_ids":"","_relevanssi_related_no_append":"","_relevanssi_related_not_related":"","_relevanssi_related_posts":"","_relevanssi_noindex_reason":"","editor_notices":["While copying content, some attachments were not duplicated due to existing attachments with the same name on the remote site. The following attachments were not duplicated: \u010ce\u0161tina site - 1103319-side.png, Axkid-Move-Lifestyle-20-2-scaled.jpg, Axkid-Minikid2-premium-2022-23-Lifestyle-scaled.jpg, 1103319-front.png."]},"product_brand":[],"product_cat":[435,17],"product_tag":[94],"class_list":{"0":"post-15264","1":"product","2":"type-product","3":"status-publish","4":"has-post-thumbnail","6":"product_cat-indlaeg-og-puder-til-autostole","7":"product_cat-tilbehoer","8":"product_tag-accessories-comfort-and-protection","10":"first","11":"instock","12":"taxable","13":"shipping-taxable","14":"purchasable","15":"product-type-simple"},"bundled_by":[],"bundle_stock_status":"instock","bundle_stock_quantity":22,"bundle_virtual":false,"bundle_layout":"","bundle_add_to_cart_form_location":"","bundle_editable_in_cart":false,"bundle_sold_individually_context":"","bundle_item_grouping":"","bundle_min_size":"","bundle_max_size":"","bundle_price":[],"bundled_items":[],"bundle_sell_ids":[],"acf":[],"_links":{"self":[{"href":"https:\/\/axkid.com\/dk\/wp-json\/wp\/v2\/product\/15264","targetHints":{"allow":["GET"]}}],"collection":[{"href":"https:\/\/axkid.com\/dk\/wp-json\/wp\/v2\/product"}],"about":[{"href":"https:\/\/axkid.com\/dk\/wp-json\/wp\/v2\/types\/product"}],"replies":[{"embeddable":true,"href":"https:\/\/axkid.com\/dk\/wp-json\/wp\/v2\/comments?post=15264"}],"wp:featuredmedia":[{"embeddable":true,"href":"https:\/\/axkid.com\/dk\/wp-json\/wp\/v2\/media\/15266"}],"wp:attachment":[{"href":"https:\/\/axkid.com\/dk\/wp-json\/wp\/v2\/media?parent=15264"}],"wp:term":[{"taxonomy":"product_brand","embeddable":true,"href":"https:\/\/axkid.com\/dk\/wp-json\/wp\/v2\/product_brand?post=15264"},{"taxonomy":"product_cat","embeddable":true,"href":"https:\/\/axkid.com\/dk\/wp-json\/wp\/v2\/product_cat?post=15264"},{"taxonomy":"product_tag","embeddable":true,"href":"https:\/\/axkid.com\/dk\/wp-json\/wp\/v2\/product_tag?post=15264"}],"curies":[{"name":"wp","href":"https:\/\/api.w.org\/{rel}","templated":true}]}}