{"id":15719,"date":"2023-06-01T09:49:55","date_gmt":"2023-06-01T08:49:55","guid":{"rendered":"https:\/\/axkid.com\/?post_type=product&#038;p=15719"},"modified":"2026-04-24T14:47:49","modified_gmt":"2026-04-24T13:47:49","slug":"fastgoerelsessloejfer-120-mm","status":"publish","type":"product","link":"https:\/\/axkid.com\/dk\/product\/fastgoerelsessloejfer-120-mm\/","title":{"rendered":"Fastg\u00f8relsessl\u00f8jfer 120 mm"},"content":{"rendered":"<p>Axkid-fastg\u00f8relsessl\u00f8jfer er designet til at g\u00f8re det nemmere at montere autostolen i din bil. Disse sl\u00f8jfer kan monteres under fors\u00e6dets skinner, s\u00e5 Axkid Minikid-sp\u00e6ndere nemt kan fastg\u00f8res direkte til bilen uden behov for ekstra fastg\u00f8relsesremme.<\/p>\n<p>To fastg\u00f8relsessl\u00f8jfer i hver pakke.<\/p>\n<p>L\u00e6ngde 120 mm.<\/p>\n<p>Andre l\u00e6ngder findes: <a href=\"https:\/\/axkid.com\/dk\/product\/attachment-loops\/\">70 mm<\/a> og <a href=\"https:\/\/axkid.com\/dk\/product\/axkid-attachment-loops-160-mm\/\">160<\/a> mm<\/p>\n","protected":false},"excerpt":{"rendered":"<p>Axkid-fastg\u00f8relsessl\u00f8jfer er designet til at g\u00f8re det nemmere at montere autostolen i din bil.<\/p>\n","protected":false},"featured_media":15726,"comment_status":"closed","ping_status":"closed","template":"","meta":{"_acf_changed":false,"_seopress_robots_primary_cat":"438","_seopress_titles_title":"Axkid attachment loops 120 mm","_seopress_titles_desc":"Axkid Attachment Loops are designed to simplify installing the car seat in your vehicle.","_seopress_robots_index":"","content-type":"","_relevanssi_hide_post":"","_relevanssi_hide_content":"","_relevanssi_pin_for_all":"","_relevanssi_pin_keywords":"","_relevanssi_unpin_keywords":"","_relevanssi_related_keywords":"","_relevanssi_related_include_ids":"","_relevanssi_related_exclude_ids":"","_relevanssi_related_no_append":"","_relevanssi_related_not_related":"","_relevanssi_related_posts":"","_relevanssi_noindex_reason":"","editor_notices":[]},"product_brand":[],"product_cat":[438,17],"product_tag":[],"class_list":{"0":"post-15719","1":"product","2":"type-product","3":"status-publish","4":"has-post-thumbnail","6":"product_cat-forankringsremme-og-fastgoerelsesloekker","7":"product_cat-tilbehoer","9":"first","10":"instock","11":"taxable","12":"shipping-taxable","13":"purchasable","14":"product-type-simple"},"bundled_by":[],"bundle_stock_status":"instock","bundle_stock_quantity":17,"bundle_virtual":false,"bundle_layout":"","bundle_add_to_cart_form_location":"","bundle_editable_in_cart":false,"bundle_sold_individually_context":"","bundle_item_grouping":"","bundle_min_size":"","bundle_max_size":"","bundle_price":[],"bundled_items":[],"bundle_sell_ids":[],"acf":[],"_links":{"self":[{"href":"https:\/\/axkid.com\/dk\/wp-json\/wp\/v2\/product\/15719","targetHints":{"allow":["GET"]}}],"collection":[{"href":"https:\/\/axkid.com\/dk\/wp-json\/wp\/v2\/product"}],"about":[{"href":"https:\/\/axkid.com\/dk\/wp-json\/wp\/v2\/types\/product"}],"replies":[{"embeddable":true,"href":"https:\/\/axkid.com\/dk\/wp-json\/wp\/v2\/comments?post=15719"}],"wp:featuredmedia":[{"embeddable":true,"href":"https:\/\/axkid.com\/dk\/wp-json\/wp\/v2\/media\/15726"}],"wp:attachment":[{"href":"https:\/\/axkid.com\/dk\/wp-json\/wp\/v2\/media?parent=15719"}],"wp:term":[{"taxonomy":"product_brand","embeddable":true,"href":"https:\/\/axkid.com\/dk\/wp-json\/wp\/v2\/product_brand?post=15719"},{"taxonomy":"product_cat","embeddable":true,"href":"https:\/\/axkid.com\/dk\/wp-json\/wp\/v2\/product_cat?post=15719"},{"taxonomy":"product_tag","embeddable":true,"href":"https:\/\/axkid.com\/dk\/wp-json\/wp\/v2\/product_tag?post=15719"}],"curies":[{"name":"wp","href":"https:\/\/api.w.org\/{rel}","templated":true}]}}