{"id":16991,"date":"2024-09-11T06:07:40","date_gmt":"2024-09-11T05:07:40","guid":{"rendered":"https:\/\/axkid.com\/?post_type=product&#038;p=16991"},"modified":"2026-04-15T15:13:40","modified_gmt":"2026-04-15T14:13:40","slug":"envirobaby","status":"publish","type":"product","link":"https:\/\/axkid.com\/dk\/product\/envirobaby\/","title":{"rendered":"Envirobaby"},"content":{"rendered":"","protected":false},"excerpt":{"rendered":"<p>En af markedets letteste autostole til sp\u00e6db\u00f8rn, fremstillet af b\u00e6redygtigt Biolite-materiale og genanvendte tekstiler. Med ISOFIX-basen (ekstraudstyr) kan stolen monteres med et enkelt klik. Kompatibel med n\u00e6sten alle st\u00f8rre barnevognsm\u00e6rker p\u00e5 det europ\u00e6iske marked.<\/p>\n","protected":false},"featured_media":370000025606,"comment_status":"open","ping_status":"closed","template":"","meta":{"_acf_changed":false,"_seopress_robots_primary_cat":"79","_seopress_titles_title":"Axkid Envirobaby: Safety and security on the go | Axkid","_seopress_titles_desc":"Axkid Envirobaby: Where Safety meet Responsibility. Choose conscious comfort for your child's travel.","_seopress_robots_index":"","content-type":"","_relevanssi_hide_post":"","_relevanssi_hide_content":"","_relevanssi_pin_for_all":"","_relevanssi_pin_keywords":"","_relevanssi_unpin_keywords":"","_relevanssi_related_keywords":"","_relevanssi_related_include_ids":"","_relevanssi_related_exclude_ids":"","_relevanssi_related_no_append":"","_relevanssi_related_not_related":"","_relevanssi_related_posts":"","_relevanssi_noindex_reason":"","editor_notices":[]},"product_brand":[],"product_cat":[18,79,412],"product_tag":[],"class_list":{"0":"post-16991","1":"product","2":"type-product","3":"status-publish","4":"has-post-thumbnail","6":"product_cat-autostole","7":"product_cat-nyfoedt-og-baby-autostole","8":"product_cat-outlet","10":"first","11":"instock","12":"taxable","13":"shipping-taxable","14":"purchasable","15":"product-type-variable","16":"has-default-attributes"},"bundled_by":["17029","17033"],"bundle_stock_status":"instock","bundle_stock_quantity":null,"bundle_virtual":false,"bundle_layout":"","bundle_add_to_cart_form_location":"","bundle_editable_in_cart":false,"bundle_sold_individually_context":"","bundle_item_grouping":"","bundle_min_size":"","bundle_max_size":"","bundle_price":[],"bundled_items":[],"bundle_sell_ids":[],"acf":[],"_links":{"self":[{"href":"https:\/\/axkid.com\/dk\/wp-json\/wp\/v2\/product\/16991","targetHints":{"allow":["GET"]}}],"collection":[{"href":"https:\/\/axkid.com\/dk\/wp-json\/wp\/v2\/product"}],"about":[{"href":"https:\/\/axkid.com\/dk\/wp-json\/wp\/v2\/types\/product"}],"replies":[{"embeddable":true,"href":"https:\/\/axkid.com\/dk\/wp-json\/wp\/v2\/comments?post=16991"}],"wp:featuredmedia":[{"embeddable":true,"href":"https:\/\/axkid.com\/dk\/wp-json\/"}],"wp:attachment":[{"href":"https:\/\/axkid.com\/dk\/wp-json\/wp\/v2\/media?parent=16991"}],"wp:term":[{"taxonomy":"product_brand","embeddable":true,"href":"https:\/\/axkid.com\/dk\/wp-json\/wp\/v2\/product_brand?post=16991"},{"taxonomy":"product_cat","embeddable":true,"href":"https:\/\/axkid.com\/dk\/wp-json\/wp\/v2\/product_cat?post=16991"},{"taxonomy":"product_tag","embeddable":true,"href":"https:\/\/axkid.com\/dk\/wp-json\/wp\/v2\/product_tag?post=16991"}],"curies":[{"name":"wp","href":"https:\/\/api.w.org\/{rel}","templated":true}]}}