{"id":17029,"date":"2023-11-21T09:47:17","date_gmt":"2023-11-21T08:47:17","guid":{"rendered":"https:\/\/axkid.com\/?post_type=product&#038;p=17029"},"modified":"2026-01-15T10:57:39","modified_gmt":"2026-01-15T09:57:39","slug":"envirobaby-base-pakke","status":"publish","type":"product","link":"https:\/\/axkid.com\/dk\/product\/envirobaby-base-pakke\/","title":{"rendered":"Envirobaby + Base-pakke"},"content":{"rendered":"","protected":false},"excerpt":{"rendered":"<p>F\u00e5 den bedste start p\u00e5 din families rejse med Enviro Baby Pack. Dette s\u00e6t indeholder b\u00e5de Envirobaby-autostolen og Envirobase, der er udviklet til at give dit barn sikkerhed og samtidig reducere milj\u00f8p\u00e5virkningen.<\/p>\n","protected":false},"featured_media":848194,"comment_status":"open","ping_status":"closed","template":"","meta":{"_acf_changed":false,"_seopress_robots_primary_cat":"none","_seopress_titles_title":"Package: Axkid Envirobaby + Base | Car seats | Axkid","_seopress_titles_desc":"Start your parenting journey with the Enviro Baby Package: Axkid Envirobaby infant car seat & Envirobase. Innovative materials, comfort, and safety in one.","_seopress_robots_index":"","content-type":"","_relevanssi_hide_post":"","_relevanssi_hide_content":"","_relevanssi_pin_for_all":"","_relevanssi_pin_keywords":"","_relevanssi_unpin_keywords":"","_relevanssi_related_keywords":"","_relevanssi_related_include_ids":"","_relevanssi_related_exclude_ids":"","_relevanssi_related_no_append":"","_relevanssi_related_not_related":"","_relevanssi_related_posts":"","_relevanssi_noindex_reason":"","editor_notices":["While copying content, some attachments were not duplicated due to existing attachments with the same name on the remote site. The following attachments were not duplicated: Italiano site - 7350057588468-3.png, 7350057588475-3.png, 7350057588482-6.png, 7350057588482-5.png."]},"product_brand":[],"product_cat":[18,79,412,175],"product_tag":[],"class_list":{"0":"post-17029","1":"product","2":"type-product","3":"status-publish","4":"has-post-thumbnail","6":"product_cat-autostole","7":"product_cat-nyfoedt-og-baby-autostole","8":"product_cat-outlet","9":"product_cat-pakker","11":"first","12":"instock","13":"sale","14":"virtual","15":"taxable","16":"purchasable","17":"product-type-bundle"},"bundled_by":[],"bundle_stock_status":"insufficientstock","bundle_stock_quantity":0,"bundle_virtual":false,"bundle_layout":"default","bundle_add_to_cart_form_location":"default","bundle_editable_in_cart":false,"bundle_sold_individually_context":"product","bundle_item_grouping":"parent","bundle_min_size":"","bundle_max_size":"","bundle_price":{"price":{"min":{"incl_tax":"1499","excl_tax":"1199.2"},"max":{"incl_tax":"1499","excl_tax":"1199.2"}},"regular_price":{"min":{"incl_tax":"2309","excl_tax":"1847.2"},"max":{"incl_tax":"2309","excl_tax":"1847.2"}}},"bundled_items":[{"bundled_item_id":11,"product_id":16991,"menu_order":0,"quantity_min":1,"quantity_max":1,"quantity_default":1,"priced_individually":true,"shipped_individually":false,"override_title":false,"title":"Envirobaby","override_description":false,"description":"","optional":false,"hide_thumbnail":false,"discount":"35.08","override_variations":false,"allowed_variations":[],"override_default_variation_attributes":false,"default_variation_attributes":[],"single_product_visibility":"visible","cart_visibility":"visible","order_visibility":"visible","single_product_price_visibility":"visible","cart_price_visibility":"visible","order_price_visibility":"visible","stock_status":"in_stock"},{"bundled_item_id":54,"product_id":129,"menu_order":1,"quantity_min":1,"quantity_max":1,"quantity_default":1,"priced_individually":true,"shipped_individually":true,"override_title":false,"title":"Modukid Base","override_description":false,"description":"","optional":false,"hide_thumbnail":false,"discount":"35.08","override_variations":false,"allowed_variations":[],"override_default_variation_attributes":false,"default_variation_attributes":[],"single_product_visibility":"visible","cart_visibility":"visible","order_visibility":"visible","single_product_price_visibility":"visible","cart_price_visibility":"visible","order_price_visibility":"visible","stock_status":"out_of_stock"}],"bundle_sell_ids":[],"acf":[],"_links":{"self":[{"href":"https:\/\/axkid.com\/dk\/wp-json\/wp\/v2\/product\/17029","targetHints":{"allow":["GET"]}}],"collection":[{"href":"https:\/\/axkid.com\/dk\/wp-json\/wp\/v2\/product"}],"about":[{"href":"https:\/\/axkid.com\/dk\/wp-json\/wp\/v2\/types\/product"}],"replies":[{"embeddable":true,"href":"https:\/\/axkid.com\/dk\/wp-json\/wp\/v2\/comments?post=17029"}],"wp:featuredmedia":[{"embeddable":true,"href":"https:\/\/axkid.com\/dk\/wp-json\/wp\/v2\/media\/848194"}],"wp:attachment":[{"href":"https:\/\/axkid.com\/dk\/wp-json\/wp\/v2\/media?parent=17029"}],"wp:term":[{"taxonomy":"product_brand","embeddable":true,"href":"https:\/\/axkid.com\/dk\/wp-json\/wp\/v2\/product_brand?post=17029"},{"taxonomy":"product_cat","embeddable":true,"href":"https:\/\/axkid.com\/dk\/wp-json\/wp\/v2\/product_cat?post=17029"},{"taxonomy":"product_tag","embeddable":true,"href":"https:\/\/axkid.com\/dk\/wp-json\/wp\/v2\/product_tag?post=17029"}],"curies":[{"name":"wp","href":"https:\/\/api.w.org\/{rel}","templated":true}]}}