{"id":20239,"date":"2024-03-15T14:55:54","date_gmt":"2024-03-15T13:55:54","guid":{"rendered":"https:\/\/axkid.com\/?post_type=product&#038;p=20239"},"modified":"2026-04-15T15:13:47","modified_gmt":"2026-04-15T14:13:47","slug":"nextkid-kopholder","status":"publish","type":"product","link":"https:\/\/axkid.com\/dk\/product\/nextkid-kopholder\/","title":{"rendered":"Nextkid kopholder"},"content":{"rendered":"<p>Forbedr din Nextkid-autostol med Nextkid-kopholderen, det perfekte tilbeh\u00f8r til at holde dit barns drikkevarer inden for r\u00e6kkevidde p\u00e5 hver eneste tur. Den holdbare kopholder fastg\u00f8res nemt til enten h\u00f8jre eller venstre side af b\u00e6ltets h\u00e5ndtag p\u00e5 Nexktid-autostolen. Uanset om det er vand, juice eller en snackb\u00e6ger, holder denne holder alting stabilt og spildfrit og g\u00f8r hver eneste tur mere behagelig for dit barn.<\/p>\n","protected":false},"excerpt":{"rendered":"<p>Forbedr din Nextkid-autostol med Nextkid-kopholderen, det perfekte tilbeh\u00f8r til at holde dit barns drikkevarer inden for r\u00e6kkevidde p\u00e5 hver eneste tur.<\/p>\n","protected":false},"featured_media":20235,"comment_status":"closed","ping_status":"closed","template":"","meta":{"_acf_changed":false,"_seopress_robots_primary_cat":"17","_seopress_titles_title":"","_seopress_titles_desc":"Cupholder for Axkid Nextkid booster seat. Keeps drinks and snacks close at hand for your little one.","_seopress_robots_index":"","content-type":"","_relevanssi_hide_post":"","_relevanssi_hide_content":"","_relevanssi_pin_for_all":"","_relevanssi_pin_keywords":"","_relevanssi_unpin_keywords":"","_relevanssi_related_keywords":"","_relevanssi_related_include_ids":"","_relevanssi_related_exclude_ids":"","_relevanssi_related_no_append":"","_relevanssi_related_not_related":"","_relevanssi_related_posts":"","_relevanssi_noindex_reason":"","editor_notices":[]},"product_brand":[],"product_cat":[17],"product_tag":[],"class_list":{"0":"post-20239","1":"product","2":"type-product","3":"status-publish","4":"has-post-thumbnail","6":"product_cat-tilbehoer","8":"first","9":"instock","10":"taxable","11":"shipping-taxable","12":"purchasable","13":"product-type-simple"},"bundled_by":["852855","852861"],"bundle_stock_status":"instock","bundle_stock_quantity":74,"bundle_virtual":false,"bundle_layout":"","bundle_add_to_cart_form_location":"","bundle_editable_in_cart":false,"bundle_sold_individually_context":"","bundle_item_grouping":"","bundle_min_size":"","bundle_max_size":"","bundle_price":[],"bundled_items":[],"bundle_sell_ids":[],"acf":[],"_links":{"self":[{"href":"https:\/\/axkid.com\/dk\/wp-json\/wp\/v2\/product\/20239","targetHints":{"allow":["GET"]}}],"collection":[{"href":"https:\/\/axkid.com\/dk\/wp-json\/wp\/v2\/product"}],"about":[{"href":"https:\/\/axkid.com\/dk\/wp-json\/wp\/v2\/types\/product"}],"replies":[{"embeddable":true,"href":"https:\/\/axkid.com\/dk\/wp-json\/wp\/v2\/comments?post=20239"}],"wp:featuredmedia":[{"embeddable":true,"href":"https:\/\/axkid.com\/dk\/wp-json\/wp\/v2\/media\/20235"}],"wp:attachment":[{"href":"https:\/\/axkid.com\/dk\/wp-json\/wp\/v2\/media?parent=20239"}],"wp:term":[{"taxonomy":"product_brand","embeddable":true,"href":"https:\/\/axkid.com\/dk\/wp-json\/wp\/v2\/product_brand?post=20239"},{"taxonomy":"product_cat","embeddable":true,"href":"https:\/\/axkid.com\/dk\/wp-json\/wp\/v2\/product_cat?post=20239"},{"taxonomy":"product_tag","embeddable":true,"href":"https:\/\/axkid.com\/dk\/wp-json\/wp\/v2\/product_tag?post=20239"}],"curies":[{"name":"wp","href":"https:\/\/api.w.org\/{rel}","templated":true}]}}