{"id":25703,"date":"2026-01-29T08:29:52","date_gmt":"2026-01-29T07:29:52","guid":{"rendered":"https:\/\/axkid.com\/?post_type=product&#038;p=25703"},"modified":"2026-04-21T21:29:09","modified_gmt":"2026-04-21T20:29:09","slug":"one-3","status":"publish","type":"product","link":"https:\/\/axkid.com\/dk\/product\/one-3\/","title":{"rendered":"One 3"},"content":{"rendered":"<p>Rear-facing car seats are proven to be the safest option for young children. However, their design and space constraints have made them less popular. That&#8217;s why we&#8217;ve introduced Axkid One\u2014an innovative solution that solves these challenges, for the safety of our children.<\/p>\n","protected":false},"excerpt":{"rendered":"<p>Det eneste Plus Test-certificerede ISOFIX-s\u00e6de p\u00e5 markedet, der tillader bagudvendt transport op til 7 \u00e5rs alderen (61-125 cm\/23 kg).\u202f Sikker installation p\u00e5 mindre end 30 sekunder. Justerbar benplads efter installation op til 30 cm.<\/p>\n","protected":false},"featured_media":3700000853083,"comment_status":"open","ping_status":"closed","template":"","meta":{"_acf_changed":false,"_seopress_robots_primary_cat":"80","_seopress_titles_title":"Axkid One 3 - rear facing car seat from 6 months | Axkid","_seopress_titles_desc":"Axkid ONE 3 \u2013 Rear-facing ISOFIX car seat for children 0\u20137 years (61\u2013125 cm). Plus Test approved and award-winning for superior safety.","_seopress_robots_index":"","content-type":"","_relevanssi_hide_post":"","_relevanssi_hide_content":"","_relevanssi_pin_for_all":"","_relevanssi_pin_keywords":"","_relevanssi_unpin_keywords":"","_relevanssi_related_keywords":"","_relevanssi_related_include_ids":"","_relevanssi_related_exclude_ids":"","_relevanssi_related_no_append":"","_relevanssi_related_not_related":"","_relevanssi_related_posts":"","_relevanssi_noindex_reason":"","editor_notices":[]},"product_brand":[],"product_cat":[18,80,431],"product_tag":[],"class_list":{"0":"post-25703","1":"product","2":"type-product","3":"status-publish","4":"has-post-thumbnail","6":"product_cat-autostole","7":"product_cat-bagudvendte-autostole","8":"product_cat-smaboern","10":"first","11":"instock","12":"taxable","13":"shipping-taxable","14":"purchasable","15":"product-type-variable","16":"has-default-attributes"},"bundled_by":["851676"],"bundle_stock_status":"instock","bundle_stock_quantity":null,"bundle_virtual":false,"bundle_layout":"","bundle_add_to_cart_form_location":"","bundle_editable_in_cart":false,"bundle_sold_individually_context":"","bundle_item_grouping":"","bundle_min_size":"","bundle_max_size":"","bundle_price":[],"bundled_items":[],"bundle_sell_ids":[],"acf":[],"_links":{"self":[{"href":"https:\/\/axkid.com\/dk\/wp-json\/wp\/v2\/product\/25703","targetHints":{"allow":["GET"]}}],"collection":[{"href":"https:\/\/axkid.com\/dk\/wp-json\/wp\/v2\/product"}],"about":[{"href":"https:\/\/axkid.com\/dk\/wp-json\/wp\/v2\/types\/product"}],"replies":[{"embeddable":true,"href":"https:\/\/axkid.com\/dk\/wp-json\/wp\/v2\/comments?post=25703"}],"wp:featuredmedia":[{"embeddable":true,"href":"https:\/\/axkid.com\/dk\/wp-json\/"}],"wp:attachment":[{"href":"https:\/\/axkid.com\/dk\/wp-json\/wp\/v2\/media?parent=25703"}],"wp:term":[{"taxonomy":"product_brand","embeddable":true,"href":"https:\/\/axkid.com\/dk\/wp-json\/wp\/v2\/product_brand?post=25703"},{"taxonomy":"product_cat","embeddable":true,"href":"https:\/\/axkid.com\/dk\/wp-json\/wp\/v2\/product_cat?post=25703"},{"taxonomy":"product_tag","embeddable":true,"href":"https:\/\/axkid.com\/dk\/wp-json\/wp\/v2\/product_tag?post=25703"}],"curies":[{"name":"wp","href":"https:\/\/api.w.org\/{rel}","templated":true}]}}