{"id":25707,"date":"2025-06-13T08:00:18","date_gmt":"2025-06-13T07:00:18","guid":{"rendered":"https:\/\/axkid.com\/?post_type=product&#038;p=25707"},"modified":"2026-04-27T10:28:59","modified_gmt":"2026-04-27T09:28:59","slug":"one-plus-3","status":"publish","type":"product","link":"https:\/\/axkid.com\/dk\/product\/one-plus-3\/","title":{"rendered":"One+ 3"},"content":{"rendered":"<p>Bagudvendte autostole er bevist den sikreste l\u00f8sning for sm\u00e5 b\u00f8rn. Men deres design og pladsbegr\u00e6nsninger har gjort dem mindre popul\u00e6re. Derfor har vi introduceret Axkid One \u2013 en innovativ l\u00f8sning, der l\u00f8ser disse udfordringer for vores b\u00f8rns sikkerhed.<\/p>\n","protected":false},"excerpt":{"rendered":"<p>Axkid ONE+ 3 er den eneste plus-testcertificerede ISOFIX-autostol p\u00e5 markedet, der tillader bagudvendt transport fra f\u00f8dslen til 7 \u00e5r (40-125 cm). Nem og sikker installation p\u00e5 30 sekunder. Den glidende benplads giver uovertruffen plads og muligg\u00f8r samtidig et kompakt design af den bagudvendte autostol.<\/p>\n","protected":false},"featured_media":844642,"comment_status":"open","ping_status":"closed","template":"","meta":{"_acf_changed":false,"_seopress_robots_primary_cat":"80","_seopress_titles_title":"Axkid One+ 3 - rear facing car seat from day one | Axkid","_seopress_titles_desc":"Axkid One+ 3 \u2013 Rear-facing ISOFIX car seat from birth to 7 years (40\u2013125 cm). Plus Test approved, award-winning safety and comfort in a compact design.","_seopress_robots_index":"","content-type":"","_relevanssi_hide_post":"","_relevanssi_hide_content":"","_relevanssi_pin_for_all":"","_relevanssi_pin_keywords":"","_relevanssi_unpin_keywords":"","_relevanssi_related_keywords":"","_relevanssi_related_include_ids":"","_relevanssi_related_exclude_ids":"","_relevanssi_related_no_append":"","_relevanssi_related_not_related":"","_relevanssi_related_posts":"","_relevanssi_noindex_reason":"","editor_notices":[]},"product_brand":[],"product_cat":[18,80,79,431],"product_tag":[],"class_list":{"0":"post-25707","1":"product","2":"type-product","3":"status-publish","4":"has-post-thumbnail","6":"product_cat-autostole","7":"product_cat-bagudvendte-autostole","8":"product_cat-nyfoedt-og-baby-autostole","9":"product_cat-smaboern","11":"first","12":"instock","13":"taxable","14":"shipping-taxable","15":"purchasable","16":"product-type-variable","17":"has-default-attributes"},"bundled_by":[],"bundle_stock_status":"instock","bundle_stock_quantity":null,"bundle_virtual":false,"bundle_layout":"","bundle_add_to_cart_form_location":"","bundle_editable_in_cart":false,"bundle_sold_individually_context":"","bundle_item_grouping":"","bundle_min_size":"","bundle_max_size":"","bundle_price":[],"bundled_items":[],"bundle_sell_ids":[],"acf":[],"_links":{"self":[{"href":"https:\/\/axkid.com\/dk\/wp-json\/wp\/v2\/product\/25707","targetHints":{"allow":["GET"]}}],"collection":[{"href":"https:\/\/axkid.com\/dk\/wp-json\/wp\/v2\/product"}],"about":[{"href":"https:\/\/axkid.com\/dk\/wp-json\/wp\/v2\/types\/product"}],"replies":[{"embeddable":true,"href":"https:\/\/axkid.com\/dk\/wp-json\/wp\/v2\/comments?post=25707"}],"wp:featuredmedia":[{"embeddable":true,"href":"https:\/\/axkid.com\/dk\/wp-json\/wp\/v2\/media\/844642"}],"wp:attachment":[{"href":"https:\/\/axkid.com\/dk\/wp-json\/wp\/v2\/media?parent=25707"}],"wp:term":[{"taxonomy":"product_brand","embeddable":true,"href":"https:\/\/axkid.com\/dk\/wp-json\/wp\/v2\/product_brand?post=25707"},{"taxonomy":"product_cat","embeddable":true,"href":"https:\/\/axkid.com\/dk\/wp-json\/wp\/v2\/product_cat?post=25707"},{"taxonomy":"product_tag","embeddable":true,"href":"https:\/\/axkid.com\/dk\/wp-json\/wp\/v2\/product_tag?post=25707"}],"curies":[{"name":"wp","href":"https:\/\/api.w.org\/{rel}","templated":true}]}}