{"id":3018,"date":"2021-09-21T14:10:36","date_gmt":"2021-09-21T13:10:36","guid":{"rendered":"https:\/\/axkid.com\/?post_type=product&#038;p=3018"},"modified":"2026-04-24T11:28:44","modified_gmt":"2026-04-24T10:28:44","slug":"asip","status":"publish","type":"product","link":"https:\/\/axkid.com\/dk\/product\/asip\/","title":{"rendered":"ASIP"},"content":{"rendered":"<div>Sideskydsbeskyttelsen ASIP absorberer og fordeler kr\u00e6fterne i tilf\u00e6lde af en kollision, hvilket reducerer risikoen for alvorlige skader. Den kan monteres p\u00e5 modellerne <a href=\"https:\/\/axkid.com\/dk\/product\/axkid-move\/\">Axkid Move,<\/a> <a href=\"https:\/\/axkid.com\/dk\/product\/axkid-minikid\/\">Axkid Minikid 2<\/a> og <a href=\"https:\/\/axkid.com\/dk\/product\/axkid-modukid-seat\/\">Axkid Modukid Seat<\/a>. Beskyttelsen er udviklet i samarbejde med ADAC i Tyskland, som er verdens mest anerkendte institut for kollisionstest.<\/p>\n<div>\n<p>&nbsp;<\/p>\n<p>Bem\u00e6rk, at ASIP altid f\u00f8lger med ved k\u00f8b af Axkid Move, Axkid Minikid 2 og Axkid Modukid Seat.<\/p>\n<\/div>\n<div><\/div>\n<div><\/div>\n<\/div>\n","protected":false},"excerpt":{"rendered":"<p>Sideskydsbeskyttelsen ASIP absorberer og fordeler kr\u00e6fterne i tilf\u00e6lde af en kollision, hvilket reducerer risikoen for alvorlige skader. Den kan monteres p\u00e5 modellerne Axkid Move, Axkid Minikid 2 og Axkid Modukid Seat. Beskyttelsen er udviklet i samarbejde med ADAC i Tyskland, som er verdens mest anerkendte kollisionsinstitut.<\/p>\n<p>Bem\u00e6rk, at ASIP altid f\u00f8lger med ved k\u00f8b af Axkid Move, Axkid Minikid 2 og Axkid Modukid Seat.<\/p>\n","protected":false},"featured_media":3019,"comment_status":"closed","ping_status":"closed","template":"","meta":{"_acf_changed":false,"_seopress_robots_primary_cat":"375","_seopress_titles_title":"Axkid ASIP | Car seat accessory | Axkid","_seopress_titles_desc":"The side impact protection ASIP can be combined with\u00a0Axkid Move,\u00a0Axkid Minikid 2\u00a0and\u00a0Axkid Modukid Seat.","_seopress_robots_index":"","content-type":"","_relevanssi_hide_post":"","_relevanssi_hide_content":"","_relevanssi_pin_for_all":"","_relevanssi_pin_keywords":"","_relevanssi_unpin_keywords":"","_relevanssi_related_keywords":"","_relevanssi_related_include_ids":"","_relevanssi_related_exclude_ids":"","_relevanssi_related_no_append":"","_relevanssi_related_not_related":"","_relevanssi_related_posts":"","_relevanssi_noindex_reason":"","editor_notices":[]},"product_brand":[],"product_cat":[375,17],"product_tag":[],"class_list":{"0":"post-3018","1":"product","2":"type-product","3":"status-publish","4":"has-post-thumbnail","6":"product_cat-reservedele","7":"product_cat-tilbehoer","9":"first","10":"instock","11":"taxable","12":"shipping-taxable","13":"purchasable","14":"product-type-simple"},"bundled_by":[],"bundle_stock_status":"instock","bundle_stock_quantity":10,"bundle_virtual":false,"bundle_layout":"","bundle_add_to_cart_form_location":"","bundle_editable_in_cart":false,"bundle_sold_individually_context":"","bundle_item_grouping":"","bundle_min_size":"","bundle_max_size":"","bundle_price":[],"bundled_items":[],"bundle_sell_ids":[],"acf":[],"_links":{"self":[{"href":"https:\/\/axkid.com\/dk\/wp-json\/wp\/v2\/product\/3018","targetHints":{"allow":["GET"]}}],"collection":[{"href":"https:\/\/axkid.com\/dk\/wp-json\/wp\/v2\/product"}],"about":[{"href":"https:\/\/axkid.com\/dk\/wp-json\/wp\/v2\/types\/product"}],"replies":[{"embeddable":true,"href":"https:\/\/axkid.com\/dk\/wp-json\/wp\/v2\/comments?post=3018"}],"wp:featuredmedia":[{"embeddable":true,"href":"https:\/\/axkid.com\/dk\/wp-json\/wp\/v2\/media\/3019"}],"wp:attachment":[{"href":"https:\/\/axkid.com\/dk\/wp-json\/wp\/v2\/media?parent=3018"}],"wp:term":[{"taxonomy":"product_brand","embeddable":true,"href":"https:\/\/axkid.com\/dk\/wp-json\/wp\/v2\/product_brand?post=3018"},{"taxonomy":"product_cat","embeddable":true,"href":"https:\/\/axkid.com\/dk\/wp-json\/wp\/v2\/product_cat?post=3018"},{"taxonomy":"product_tag","embeddable":true,"href":"https:\/\/axkid.com\/dk\/wp-json\/wp\/v2\/product_tag?post=3018"}],"curies":[{"name":"wp","href":"https:\/\/api.w.org\/{rel}","templated":true}]}}