{"id":3020,"date":"2021-09-21T18:00:14","date_gmt":"2021-09-21T17:00:14","guid":{"rendered":"https:\/\/axkid.com\/?post_type=product&#038;p=3020"},"modified":"2026-04-28T20:28:55","modified_gmt":"2026-04-28T19:28:55","slug":"asip-one","status":"publish","type":"product","link":"https:\/\/axkid.com\/dk\/product\/asip-one\/","title":{"rendered":"ASIP ONE"},"content":{"rendered":"<p>Sideskydsbeskyttelsen ASIP absorberer og fordeler kr\u00e6fterne i tilf\u00e6lde af en kollision, hvilket reducerer risikoen for alvorlige skader. Denne sideskydsbeskyttelse er specielt designet til <a href=\"https:\/\/axkid.com\/dk\/product\/one\/\">Axkid ONE<\/a>, <a href=\"https:\/\/axkid.com\/dk\/product\/one-plus\/\">Axkid ONE +<\/a>, <a href=\"https:\/\/axkid.com\/dk\/product\/axkid-one-2\/\">Axkid ONE 2<\/a>, <a href=\"https:\/\/axkid.com\/dk\/product\/axkid-one-plus-2\/\">Axkid ONE+ 2<\/a>,&nbsp; <a href=\"https:\/\/axkid.com\/dk\/product\/axkid-minikid-3\/\">Axkid Minikid 3<\/a>, <a href=\"https:\/\/axkid.com\/dk\/product\/axkid-minikid-3-premium\/\">Axkid Minikid 3 Premium<\/a> og <a href=\"https:\/\/axkid.com\/dk\/product\/axkid-minikid-4\/\">Axkid Minikid 4<\/a>.<\/p>\n<p>Bem\u00e6rk, at ASIP altid er inkluderet ved k\u00f8b af Axkid ONE \/ ONE +.<\/p>\n","protected":false},"excerpt":{"rendered":"<p>Sidep\u00e5virkningsbeskyttelsen ASIP absorberer og fordeler kr\u00e6fterne i tilf\u00e6lde af en kollision, hvilket reducerer risikoen for alvorlige skader. Denne sidep\u00e5virkningsbeskyttelse er specielt designet til Axkid ONE, Axkid ONE +, Axkid ONE 2, Axkid ONE+ 2, Axkid Minikid 3, Axkid Minikid 3 Premium, Axkid Minikid 4 og Movekid.<\/p>\n<p>Bem\u00e6rk, at ASIP altid f\u00f8lger med ved k\u00f8b af en af de n\u00e6vnte autostole.<\/p>\n","protected":false},"featured_media":3021,"comment_status":"closed","ping_status":"closed","template":"","meta":{"_acf_changed":false,"_seopress_robots_primary_cat":"375","_seopress_titles_title":"ASIP Axkid ONE | Car seat accessory | Axkid","_seopress_titles_desc":"The side impact protection ASIP distributes the forces in a collision and reduces the risk of serious injuries. This ASIP is specifically designed for Axkid ONE and Axkid ONE +","_seopress_robots_index":"","content-type":"","_relevanssi_hide_post":"","_relevanssi_hide_content":"","_relevanssi_pin_for_all":"","_relevanssi_pin_keywords":"","_relevanssi_unpin_keywords":"","_relevanssi_related_keywords":"","_relevanssi_related_include_ids":"","_relevanssi_related_exclude_ids":"","_relevanssi_related_no_append":"","_relevanssi_related_not_related":"","_relevanssi_related_posts":"","_relevanssi_noindex_reason":"","editor_notices":[]},"product_brand":[],"product_cat":[375,17],"product_tag":[],"class_list":{"0":"post-3020","1":"product","2":"type-product","3":"status-publish","4":"has-post-thumbnail","6":"product_cat-reservedele","7":"product_cat-tilbehoer","9":"first","10":"instock","11":"taxable","12":"shipping-taxable","13":"purchasable","14":"product-type-simple"},"bundled_by":[],"bundle_stock_status":"instock","bundle_stock_quantity":64,"bundle_virtual":false,"bundle_layout":"","bundle_add_to_cart_form_location":"","bundle_editable_in_cart":false,"bundle_sold_individually_context":"","bundle_item_grouping":"","bundle_min_size":"","bundle_max_size":"","bundle_price":[],"bundled_items":[],"bundle_sell_ids":[],"acf":[],"_links":{"self":[{"href":"https:\/\/axkid.com\/dk\/wp-json\/wp\/v2\/product\/3020","targetHints":{"allow":["GET"]}}],"collection":[{"href":"https:\/\/axkid.com\/dk\/wp-json\/wp\/v2\/product"}],"about":[{"href":"https:\/\/axkid.com\/dk\/wp-json\/wp\/v2\/types\/product"}],"replies":[{"embeddable":true,"href":"https:\/\/axkid.com\/dk\/wp-json\/wp\/v2\/comments?post=3020"}],"wp:featuredmedia":[{"embeddable":true,"href":"https:\/\/axkid.com\/dk\/wp-json\/wp\/v2\/media\/3021"}],"wp:attachment":[{"href":"https:\/\/axkid.com\/dk\/wp-json\/wp\/v2\/media?parent=3020"}],"wp:term":[{"taxonomy":"product_brand","embeddable":true,"href":"https:\/\/axkid.com\/dk\/wp-json\/wp\/v2\/product_brand?post=3020"},{"taxonomy":"product_cat","embeddable":true,"href":"https:\/\/axkid.com\/dk\/wp-json\/wp\/v2\/product_cat?post=3020"},{"taxonomy":"product_tag","embeddable":true,"href":"https:\/\/axkid.com\/dk\/wp-json\/wp\/v2\/product_tag?post=3020"}],"curies":[{"name":"wp","href":"https:\/\/api.w.org\/{rel}","templated":true}]}}