{"id":4160,"date":"2022-05-19T15:50:35","date_gmt":"2022-05-19T14:50:35","guid":{"rendered":"https:\/\/axkid.com\/?post_type=product&#038;p=4160"},"modified":"2026-04-15T15:13:49","modified_gmt":"2026-04-15T14:13:49","slug":"koelepuder-hoejrygget-selepude","status":"publish","type":"product","link":"https:\/\/axkid.com\/dk\/product\/koelepuder-hoejrygget-selepude\/","title":{"rendered":"K\u00f8lepuder (H\u00f8jrygget selepude)"},"content":{"rendered":"<p>Hold dig komfortabel og glad p\u00e5 farten i en Axkid-h\u00f8jrygget autostol. Axkid Cooling Pads hj\u00e6lper barnet med at opretholde den optimale kropstemperatur i autostolen p\u00e5 varme dage.<\/p>\n<p><strong>Reducer risikoen for overophedning<\/strong> og undg\u00e5 v\u00e5d ryg eller klamt h\u00e5r. Hold dig komfortabel og glad med Axkid Cooling Pads. Axkid Cooling Pads hj\u00e6lper barnet med at opretholde den rette kropstemperatur i autostolen p\u00e5 varme dage.<\/p>\n<ul>\n<li>Unik 3D-teknologi leder overskydende varme v\u00e6k og cirkulerer frisk luft.\n<li>Absorberer fugt og sved. <\/li>\n<li>Bl\u00f8dt, behageligt og maskinvaskbart. <\/li>\n<li>Velegnet til autostole med h\u00f8j rygl\u00e6n. <\/li>\n<li>\u00d8kologisk bomuld og genanvendeligt. <\/li>\n<\/li>\n<\/ul>\n<p>Axkid Cooling pads fra AeroMoov er specielt designet til at sikre, at dit barn ikke bliver overophedet i bils\u00e6det. Den unikke 3D-honningkagestruktur indeni skaber en luftpude mellem barnet og s\u00e6det. Dette regulerer luftcirkulationen omkring dit barns ryg, ben og hoved. 3D-luftlaget kan ikke komprimeres og sikrer derfor konstant luftcirkulation og komfort for barnet.<\/p>\n<p>Hypertermi og overophedning i biler er mere almindeligt, end man m\u00e5ske tror, og hvert \u00e5r sker der ulykker, hvor b\u00f8rn bliver overophedede i bilerne p\u00e5 varme sommerdage. Axkid Cooling pads kan v\u00e6re en hj\u00e6lp til at forhindre overophedning, og takket v\u00e6re den specielle 3D-teknologi cirkulerer luftstr\u00f8mmen konstant. Det betyder, at udflugter og ture i varmt vejr fra nu af ogs\u00e5 kan v\u00e6re behagelige for dit barn i bils\u00e6det.<\/p>\n<p>Ved at kombinere Aeromoov, den bedste leverand\u00f8r af luftlag, med Axkid, som eksperter i b\u00f8rnesikkerhed, kan du forvente en h\u00f8j standard, n\u00e5r det kommer til komfort og kvalitet. Axkid Cooling Pads fra AeroMoov er designet eksklusivt til at passe perfekt til din Axkid-h\u00f8jryggede autostol. Med det unikke todelte design kan du nemt justere nakkest\u00f8tten, selv n\u00e5r dit barn sidder i autostolen.<\/p>\n<p>Axkid Cooling Pads kommer i to dele, en hoveddel til selve s\u00e6det og en anden del til nakkest\u00f8tten. Dette giver fleksibilitet, s\u00e5 den passer til alle l\u00e6ngder og st\u00f8rrelser for dit barn i din Axkid-h\u00f8jrygsbooster.<\/p>\n<p>Axkid Cooling Pads er lavet af \u00f8kologisk bomuld og g\u00f8r s\u00e6det behageligt for dit barn. Det er ogs\u00e5 meget praktisk for dig som for\u00e6lder, da puden kan vaskes ved 40 \u00b0C og t\u00f8rrer hurtigt. Det er v\u00e6rd at bem\u00e6rke, at Air Layer er OekoTex 100 klasse 1-certificeret. Det betyder, at Air Layer er helt fri for stoffer, der kan v\u00e6re skadelige for dit barn. Sikkerhed f\u00f8rst \u2013 altid.<\/p>\n","protected":false},"excerpt":{"rendered":"<p>Axkid Cooling Pads fra AeroMoov har en unik 3D-honningkagestruktur, der sikrer kontinuerlig luftcirkulation, s\u00e5 dit barn holder sig k\u00f8ligt i sin autostol. Disse puder er nemme at installere og kan tilpasses alle st\u00f8rrelser, og de tilbyder ultimativ komfort p\u00e5 hver eneste tur.<\/p>\n","protected":false},"featured_media":4168,"comment_status":"open","ping_status":"closed","template":"","meta":{"_acf_changed":false,"_seopress_robots_primary_cat":"none","_seopress_titles_title":"","_seopress_titles_desc":"","_seopress_robots_index":"","content-type":"","_relevanssi_hide_post":"","_relevanssi_hide_content":"","_relevanssi_pin_for_all":"","_relevanssi_pin_keywords":"","_relevanssi_unpin_keywords":"","_relevanssi_related_keywords":"","_relevanssi_related_include_ids":"","_relevanssi_related_exclude_ids":"","_relevanssi_related_no_append":"","_relevanssi_related_not_related":"","_relevanssi_related_posts":"","_relevanssi_noindex_reason":"","editor_notices":[]},"product_brand":[],"product_cat":[434,435,412,17],"product_tag":[],"class_list":{"0":"post-4160","1":"product","2":"type-product","3":"status-publish","4":"has-post-thumbnail","6":"product_cat-autostolebetraek","7":"product_cat-indlaeg-og-puder-til-autostole","8":"product_cat-outlet","9":"product_cat-tilbehoer","11":"first","12":"instock","13":"taxable","14":"shipping-taxable","15":"purchasable","16":"product-type-simple"},"bundled_by":["852861"],"bundle_stock_status":"instock","bundle_stock_quantity":143,"bundle_virtual":false,"bundle_layout":"","bundle_add_to_cart_form_location":"","bundle_editable_in_cart":false,"bundle_sold_individually_context":"","bundle_item_grouping":"","bundle_min_size":"","bundle_max_size":"","bundle_price":[],"bundled_items":[],"bundle_sell_ids":[],"acf":[],"_links":{"self":[{"href":"https:\/\/axkid.com\/dk\/wp-json\/wp\/v2\/product\/4160","targetHints":{"allow":["GET"]}}],"collection":[{"href":"https:\/\/axkid.com\/dk\/wp-json\/wp\/v2\/product"}],"about":[{"href":"https:\/\/axkid.com\/dk\/wp-json\/wp\/v2\/types\/product"}],"replies":[{"embeddable":true,"href":"https:\/\/axkid.com\/dk\/wp-json\/wp\/v2\/comments?post=4160"}],"wp:featuredmedia":[{"embeddable":true,"href":"https:\/\/axkid.com\/dk\/wp-json\/wp\/v2\/media\/4168"}],"wp:attachment":[{"href":"https:\/\/axkid.com\/dk\/wp-json\/wp\/v2\/media?parent=4160"}],"wp:term":[{"taxonomy":"product_brand","embeddable":true,"href":"https:\/\/axkid.com\/dk\/wp-json\/wp\/v2\/product_brand?post=4160"},{"taxonomy":"product_cat","embeddable":true,"href":"https:\/\/axkid.com\/dk\/wp-json\/wp\/v2\/product_cat?post=4160"},{"taxonomy":"product_tag","embeddable":true,"href":"https:\/\/axkid.com\/dk\/wp-json\/wp\/v2\/product_tag?post=4160"}],"curies":[{"name":"wp","href":"https:\/\/api.w.org\/{rel}","templated":true}]}}