{"id":71385,"date":"2025-04-22T08:00:28","date_gmt":"2025-04-22T07:00:28","guid":{"rendered":"https:\/\/axkid.com\/?post_type=product&#038;p=71385"},"modified":"2026-05-05T06:58:58","modified_gmt":"2026-05-05T05:58:58","slug":"saedebeskyttelse-forward-anti-sub","status":"publish","type":"product","link":"https:\/\/axkid.com\/dk\/product\/saedebeskyttelse-forward-anti-sub\/","title":{"rendered":"S\u00e6debeskyttelse: Forward Anti-sub"},"content":{"rendered":"","protected":false},"excerpt":{"rendered":"<p>Udviklet til at sikre, at bils\u00e6det forbliver sikkert p\u00e5 plads, hvilket \u00f8ger sikkerheden og komforten for dit barn og samtidig beskytter din bils interi\u00f8r. Kompatibel med b\u00e5de bagudvendte og fremadvendte b\u00f8rnes\u00e6der, hvilket g\u00f8r det til et alsidigt supplement til dit bilsikkerhedsudstyr.<\/p>\n","protected":false},"featured_media":3700000779441,"comment_status":"open","ping_status":"closed","template":"","meta":{"_acf_changed":false,"_seopress_robots_primary_cat":"436","_seopress_titles_title":"","_seopress_titles_desc":"","_seopress_robots_index":"","content-type":"","_relevanssi_hide_post":"","_relevanssi_hide_content":"","_relevanssi_pin_for_all":"","_relevanssi_pin_keywords":"","_relevanssi_unpin_keywords":"","_relevanssi_related_keywords":"","_relevanssi_related_include_ids":"","_relevanssi_related_exclude_ids":"","_relevanssi_related_no_append":"","_relevanssi_related_not_related":"","_relevanssi_related_posts":"","_relevanssi_noindex_reason":"","editor_notices":[]},"product_brand":[],"product_cat":[436,17],"product_tag":[],"class_list":{"0":"post-71385","1":"product","2":"type-product","3":"status-publish","4":"has-post-thumbnail","6":"product_cat-saedebeskyttelse-og-opbevaring","7":"product_cat-tilbehoer","9":"first","10":"instock","11":"taxable","12":"shipping-taxable","13":"purchasable","14":"product-type-simple"},"bundled_by":[],"bundle_stock_status":"instock","bundle_stock_quantity":24,"bundle_virtual":false,"bundle_layout":"","bundle_add_to_cart_form_location":"","bundle_editable_in_cart":false,"bundle_sold_individually_context":"","bundle_item_grouping":"","bundle_min_size":"","bundle_max_size":"","bundle_price":[],"bundled_items":[],"bundle_sell_ids":[],"acf":[],"_links":{"self":[{"href":"https:\/\/axkid.com\/dk\/wp-json\/wp\/v2\/product\/71385","targetHints":{"allow":["GET"]}}],"collection":[{"href":"https:\/\/axkid.com\/dk\/wp-json\/wp\/v2\/product"}],"about":[{"href":"https:\/\/axkid.com\/dk\/wp-json\/wp\/v2\/types\/product"}],"replies":[{"embeddable":true,"href":"https:\/\/axkid.com\/dk\/wp-json\/wp\/v2\/comments?post=71385"}],"wp:featuredmedia":[{"embeddable":true,"href":"https:\/\/axkid.com\/dk\/wp-json\/"}],"wp:attachment":[{"href":"https:\/\/axkid.com\/dk\/wp-json\/wp\/v2\/media?parent=71385"}],"wp:term":[{"taxonomy":"product_brand","embeddable":true,"href":"https:\/\/axkid.com\/dk\/wp-json\/wp\/v2\/product_brand?post=71385"},{"taxonomy":"product_cat","embeddable":true,"href":"https:\/\/axkid.com\/dk\/wp-json\/wp\/v2\/product_cat?post=71385"},{"taxonomy":"product_tag","embeddable":true,"href":"https:\/\/axkid.com\/dk\/wp-json\/wp\/v2\/product_tag?post=71385"}],"curies":[{"name":"wp","href":"https:\/\/api.w.org\/{rel}","templated":true}]}}