{"id":72807,"date":"2024-09-02T14:50:12","date_gmt":"2024-09-02T13:50:12","guid":{"rendered":"https:\/\/axkid.com\/?post_type=product&#038;p=72807"},"modified":"2026-05-09T07:13:02","modified_gmt":"2026-05-09T06:13:02","slug":"autostolbeskyttelsesunderlag","status":"publish","type":"product","link":"https:\/\/axkid.com\/dk\/product\/autostolbeskyttelsesunderlag\/","title":{"rendered":"Autostolbeskyttelsesunderlag"},"content":{"rendered":"","protected":false},"excerpt":{"rendered":"<p>Kollisionstestet vandt\u00e6t beskyttelsesunderlag med universalpasform til bagudvendte autostole fra Axkid. Forl\u00e6nger levetiden p\u00e5 din autostol ved at fungere som et skjold, der beskytter den mod l\u00e6kager og v\u00e6sker, der samler sig p\u00e5 jeres eventyr.<\/p>\n","protected":false},"featured_media":3700000779440,"comment_status":"open","ping_status":"closed","template":"","meta":{"_acf_changed":false,"_seopress_robots_primary_cat":"17","_seopress_titles_title":"","_seopress_titles_desc":"","_seopress_robots_index":"","_seopress_analysis_target_kw":"","content-type":"","_relevanssi_hide_post":"","_relevanssi_hide_content":"","_relevanssi_pin_for_all":"","_relevanssi_pin_keywords":"","_relevanssi_unpin_keywords":"","_relevanssi_related_keywords":"","_relevanssi_related_include_ids":"","_relevanssi_related_exclude_ids":"","_relevanssi_related_no_append":"","_relevanssi_related_not_related":"","_relevanssi_related_posts":"","_relevanssi_noindex_reason":"","editor_notices":["While copying content, some attachments were not duplicated due to existing attachments with the same name on the remote site. The following attachments were not duplicated: English site - Portable-protector-pad-for-car-seat.png."]},"product_brand":[],"product_cat":[434,435,17],"product_tag":[],"class_list":{"0":"post-72807","1":"product","2":"type-product","3":"status-publish","4":"has-post-thumbnail","6":"product_cat-autostolebetraek","7":"product_cat-indlaeg-og-puder-til-autostole","8":"product_cat-tilbehoer","10":"first","11":"instock","12":"taxable","13":"shipping-taxable","14":"purchasable","15":"product-type-simple"},"bundled_by":[],"bundle_stock_status":"instock","bundle_stock_quantity":38,"bundle_virtual":false,"bundle_layout":"","bundle_add_to_cart_form_location":"","bundle_editable_in_cart":false,"bundle_sold_individually_context":"","bundle_item_grouping":"","bundle_min_size":"","bundle_max_size":"","bundle_price":[],"bundled_items":[],"bundle_sell_ids":[],"acf":[],"_links":{"self":[{"href":"https:\/\/axkid.com\/dk\/wp-json\/wp\/v2\/product\/72807","targetHints":{"allow":["GET"]}}],"collection":[{"href":"https:\/\/axkid.com\/dk\/wp-json\/wp\/v2\/product"}],"about":[{"href":"https:\/\/axkid.com\/dk\/wp-json\/wp\/v2\/types\/product"}],"replies":[{"embeddable":true,"href":"https:\/\/axkid.com\/dk\/wp-json\/wp\/v2\/comments?post=72807"}],"wp:featuredmedia":[{"embeddable":true,"href":"https:\/\/axkid.com\/dk\/wp-json\/"}],"wp:attachment":[{"href":"https:\/\/axkid.com\/dk\/wp-json\/wp\/v2\/media?parent=72807"}],"wp:term":[{"taxonomy":"product_brand","embeddable":true,"href":"https:\/\/axkid.com\/dk\/wp-json\/wp\/v2\/product_brand?post=72807"},{"taxonomy":"product_cat","embeddable":true,"href":"https:\/\/axkid.com\/dk\/wp-json\/wp\/v2\/product_cat?post=72807"},{"taxonomy":"product_tag","embeddable":true,"href":"https:\/\/axkid.com\/dk\/wp-json\/wp\/v2\/product_tag?post=72807"}],"curies":[{"name":"wp","href":"https:\/\/api.w.org\/{rel}","templated":true}]}}