{"id":73031,"date":"2024-09-02T14:50:15","date_gmt":"2024-09-02T13:50:15","guid":{"rendered":"https:\/\/axkid.com\/?post_type=product&#038;p=73031"},"modified":"2026-04-20T14:20:43","modified_gmt":"2026-04-20T13:20:43","slug":"axkid-baby-on-board-skilt","status":"publish","type":"product","link":"https:\/\/axkid.com\/dk\/product\/axkid-baby-on-board-skilt\/","title":{"rendered":"Axkid Baby On Board-skilt"},"content":{"rendered":"","protected":false},"excerpt":{"rendered":"<p>Baby om bord-skilt til at advare andre bilister. I tilf\u00e6lde af en kollision kan l\u00e6gehj\u00e6lp let se, om der er b\u00f8rn i bilen, og prioritere l\u00e6gehj\u00e6lp. Fremstillet af materialer af h\u00f8j kvalitet i en lys, i\u00f8jnefaldende farve. Som en bonus bidrager du til at sprede budskabet om sikkerhedsfordelene ved bagudvendte autostole.<\/p>\n","protected":false},"featured_media":3700000779437,"comment_status":"open","ping_status":"closed","template":"","meta":{"_acf_changed":false,"_seopress_robots_primary_cat":"17","_seopress_titles_title":"","_seopress_titles_desc":"","_seopress_robots_index":"","content-type":"","_relevanssi_hide_post":"","_relevanssi_hide_content":"","_relevanssi_pin_for_all":"","_relevanssi_pin_keywords":"","_relevanssi_unpin_keywords":"","_relevanssi_related_keywords":"","_relevanssi_related_include_ids":"","_relevanssi_related_exclude_ids":"","_relevanssi_related_no_append":"","_relevanssi_related_not_related":"","_relevanssi_related_posts":"","_relevanssi_noindex_reason":"","editor_notices":[]},"product_brand":[],"product_cat":[17],"product_tag":[],"class_list":{"0":"post-73031","1":"product","2":"type-product","3":"status-publish","4":"has-post-thumbnail","6":"product_cat-tilbehoer","8":"first","9":"instock","10":"taxable","11":"shipping-taxable","12":"purchasable","13":"product-type-simple"},"bundled_by":[],"bundle_stock_status":"instock","bundle_stock_quantity":22,"bundle_virtual":false,"bundle_layout":"","bundle_add_to_cart_form_location":"","bundle_editable_in_cart":false,"bundle_sold_individually_context":"","bundle_item_grouping":"","bundle_min_size":"","bundle_max_size":"","bundle_price":[],"bundled_items":[],"bundle_sell_ids":[],"acf":[],"_links":{"self":[{"href":"https:\/\/axkid.com\/dk\/wp-json\/wp\/v2\/product\/73031","targetHints":{"allow":["GET"]}}],"collection":[{"href":"https:\/\/axkid.com\/dk\/wp-json\/wp\/v2\/product"}],"about":[{"href":"https:\/\/axkid.com\/dk\/wp-json\/wp\/v2\/types\/product"}],"replies":[{"embeddable":true,"href":"https:\/\/axkid.com\/dk\/wp-json\/wp\/v2\/comments?post=73031"}],"wp:featuredmedia":[{"embeddable":true,"href":"https:\/\/axkid.com\/dk\/wp-json\/"}],"wp:attachment":[{"href":"https:\/\/axkid.com\/dk\/wp-json\/wp\/v2\/media?parent=73031"}],"wp:term":[{"taxonomy":"product_brand","embeddable":true,"href":"https:\/\/axkid.com\/dk\/wp-json\/wp\/v2\/product_brand?post=73031"},{"taxonomy":"product_cat","embeddable":true,"href":"https:\/\/axkid.com\/dk\/wp-json\/wp\/v2\/product_cat?post=73031"},{"taxonomy":"product_tag","embeddable":true,"href":"https:\/\/axkid.com\/dk\/wp-json\/wp\/v2\/product_tag?post=73031"}],"curies":[{"name":"wp","href":"https:\/\/api.w.org\/{rel}","templated":true}]}}