{"id":73406,"date":"2024-09-02T14:50:18","date_gmt":"2024-09-02T13:50:18","guid":{"rendered":"https:\/\/axkid.com\/?post_type=product&#038;p=73406"},"modified":"2026-03-12T11:39:42","modified_gmt":"2026-03-12T10:39:42","slug":"solskaerme-til-bilruder","status":"publish","type":"product","link":"https:\/\/axkid.com\/dk\/product\/solskaerme-til-bilruder\/","title":{"rendered":"Solsk\u00e6rme til bilruder"},"content":{"rendered":"","protected":false},"excerpt":{"rendered":"<p>Beskytter dit barn mod solens str\u00e5ler under bilture og hj\u00e6lper med at skabe et k\u00f8ligere og mere behageligt milj\u00f8 i din bil. Designet med kl\u00e6bende overflade, s\u00e5 solsk\u00e6rmen bliver p\u00e5 plads under hele turen uden at efterlade rester. Hver pakke indeholder to solsk\u00e6rme.<\/p>\n","protected":false},"featured_media":3700000779333,"comment_status":"open","ping_status":"closed","template":"","meta":{"_acf_changed":false,"_seopress_robots_primary_cat":"437","_seopress_titles_title":"","_seopress_titles_desc":"","_seopress_robots_index":"","_seopress_analysis_target_kw":"","content-type":"","_relevanssi_hide_post":"","_relevanssi_hide_content":"","_relevanssi_pin_for_all":"","_relevanssi_pin_keywords":"","_relevanssi_unpin_keywords":"","_relevanssi_related_keywords":"","_relevanssi_related_include_ids":"","_relevanssi_related_exclude_ids":"","_relevanssi_related_no_append":"","_relevanssi_related_not_related":"","_relevanssi_related_posts":"","_relevanssi_noindex_reason":"","editor_notices":["While copying content, some attachments were not duplicated due to existing attachments with the same name on the remote site. The following attachments were not duplicated: English site - sun-cover-with-axkid-logo.png."]},"product_brand":[],"product_cat":[437,17],"product_tag":[],"class_list":{"0":"post-73406","1":"product","2":"type-product","3":"status-publish","4":"has-post-thumbnail","6":"product_cat-solskaerme","7":"product_cat-tilbehoer","9":"first","10":"instock","11":"taxable","12":"shipping-taxable","13":"purchasable","14":"product-type-simple"},"bundled_by":[],"bundle_stock_status":"instock","bundle_stock_quantity":37,"bundle_virtual":false,"bundle_layout":"","bundle_add_to_cart_form_location":"","bundle_editable_in_cart":false,"bundle_sold_individually_context":"","bundle_item_grouping":"","bundle_min_size":"","bundle_max_size":"","bundle_price":[],"bundled_items":[],"bundle_sell_ids":[],"acf":[],"_links":{"self":[{"href":"https:\/\/axkid.com\/dk\/wp-json\/wp\/v2\/product\/73406","targetHints":{"allow":["GET"]}}],"collection":[{"href":"https:\/\/axkid.com\/dk\/wp-json\/wp\/v2\/product"}],"about":[{"href":"https:\/\/axkid.com\/dk\/wp-json\/wp\/v2\/types\/product"}],"replies":[{"embeddable":true,"href":"https:\/\/axkid.com\/dk\/wp-json\/wp\/v2\/comments?post=73406"}],"wp:featuredmedia":[{"embeddable":true,"href":"https:\/\/axkid.com\/dk\/wp-json\/"}],"wp:attachment":[{"href":"https:\/\/axkid.com\/dk\/wp-json\/wp\/v2\/media?parent=73406"}],"wp:term":[{"taxonomy":"product_brand","embeddable":true,"href":"https:\/\/axkid.com\/dk\/wp-json\/wp\/v2\/product_brand?post=73406"},{"taxonomy":"product_cat","embeddable":true,"href":"https:\/\/axkid.com\/dk\/wp-json\/wp\/v2\/product_cat?post=73406"},{"taxonomy":"product_tag","embeddable":true,"href":"https:\/\/axkid.com\/dk\/wp-json\/wp\/v2\/product_tag?post=73406"}],"curies":[{"name":"wp","href":"https:\/\/api.w.org\/{rel}","templated":true}]}}