{"id":74043,"date":"2024-10-22T11:32:53","date_gmt":"2024-10-22T10:32:53","guid":{"rendered":"https:\/\/axkid.com\/?post_type=product&#038;p=74043"},"modified":"2026-05-10T06:14:42","modified_gmt":"2026-05-10T05:14:42","slug":"swedish-safety-kit-classic","status":"publish","type":"product","link":"https:\/\/axkid.com\/dk\/product\/swedish-safety-kit-classic\/","title":{"rendered":"Swedish Safety Kit Classic"},"content":{"rendered":"","protected":false},"excerpt":{"rendered":"<p>Axkid Swedish Safety Kit Classic best\u00e5r af kollisionstestede tilbeh\u00f8rsdele, der opfylder de h\u00f8jeste sikkerhedsstandarder. Hvert produkt er designet til at v\u00e6re b\u00e5de sikkert og praktisk.<\/p>\n<ul>\n<li>Swedish Safety Kit Premium best\u00e5r af:<\/li>\n<li>S\u00e6debeskyttelse: Classic bagudvendt<\/li>\n<li>Bilspejl<\/li>\n<li>Solsk\u00e6rme til bilruder (2 stk.)<\/li>\n<\/ul>\n","protected":false},"featured_media":3700000845196,"comment_status":"open","ping_status":"closed","template":"","meta":{"_acf_changed":false,"_seopress_robots_primary_cat":"17","_seopress_titles_title":"","_seopress_titles_desc":"","_seopress_robots_index":"","_seopress_analysis_target_kw":"","content-type":"","_relevanssi_hide_post":"","_relevanssi_hide_content":"","_relevanssi_pin_for_all":"","_relevanssi_pin_keywords":"","_relevanssi_unpin_keywords":"","_relevanssi_related_keywords":"","_relevanssi_related_include_ids":"","_relevanssi_related_exclude_ids":"","_relevanssi_related_no_append":"","_relevanssi_related_not_related":"","_relevanssi_related_posts":"","_relevanssi_noindex_reason":"","editor_notices":[]},"product_brand":[],"product_cat":[436,437,17],"product_tag":[],"class_list":{"0":"post-74043","1":"product","2":"type-product","3":"status-publish","4":"has-post-thumbnail","6":"product_cat-saedebeskyttelse-og-opbevaring","7":"product_cat-solskaerme","8":"product_cat-tilbehoer","10":"first","11":"instock","12":"taxable","13":"shipping-taxable","14":"purchasable","15":"product-type-simple"},"bundled_by":[],"bundle_stock_status":"instock","bundle_stock_quantity":13,"bundle_virtual":false,"bundle_layout":"","bundle_add_to_cart_form_location":"","bundle_editable_in_cart":false,"bundle_sold_individually_context":"","bundle_item_grouping":"","bundle_min_size":"","bundle_max_size":"","bundle_price":[],"bundled_items":[],"bundle_sell_ids":[],"acf":[],"_links":{"self":[{"href":"https:\/\/axkid.com\/dk\/wp-json\/wp\/v2\/product\/74043","targetHints":{"allow":["GET"]}}],"collection":[{"href":"https:\/\/axkid.com\/dk\/wp-json\/wp\/v2\/product"}],"about":[{"href":"https:\/\/axkid.com\/dk\/wp-json\/wp\/v2\/types\/product"}],"replies":[{"embeddable":true,"href":"https:\/\/axkid.com\/dk\/wp-json\/wp\/v2\/comments?post=74043"}],"wp:featuredmedia":[{"embeddable":true,"href":"https:\/\/axkid.com\/dk\/wp-json\/"}],"wp:attachment":[{"href":"https:\/\/axkid.com\/dk\/wp-json\/wp\/v2\/media?parent=74043"}],"wp:term":[{"taxonomy":"product_brand","embeddable":true,"href":"https:\/\/axkid.com\/dk\/wp-json\/wp\/v2\/product_brand?post=74043"},{"taxonomy":"product_cat","embeddable":true,"href":"https:\/\/axkid.com\/dk\/wp-json\/wp\/v2\/product_cat?post=74043"},{"taxonomy":"product_tag","embeddable":true,"href":"https:\/\/axkid.com\/dk\/wp-json\/wp\/v2\/product_tag?post=74043"}],"curies":[{"name":"wp","href":"https:\/\/api.w.org\/{rel}","templated":true}]}}