{"id":845125,"date":"2025-11-21T20:20:04","date_gmt":"2025-11-21T19:20:04","guid":{"rendered":"https:\/\/axkid.com\/?post_type=product&#038;p=845125"},"modified":"2026-04-27T14:59:55","modified_gmt":"2026-04-27T13:59:55","slug":"minikid-4-pro","status":"publish","type":"product","link":"https:\/\/axkid.com\/dk\/product\/minikid-4-pro\/","title":{"rendered":"Minikid 4 Pro"},"content":{"rendered":"","protected":false},"excerpt":{"rendered":"<p>Oplev 15 \u00e5rs udvikling af den originale bagudvendte autostol. Minikid 4 Pro tilbyder forl\u00e6nget bagudvendt brug op til 7 \u00e5r (61-125 cm\/36 kg). Denne autostol er udviklet til at udvide anvendelsesomr\u00e5det ved at skubbe v\u00e6gt- og l\u00e6ngdegr\u00e6nserne l\u00e6ngere, og den er overtestet og garanterer sikkerhed op til 36 kg. Smal design, der g\u00f8r det muligt at placere tre p\u00e5 r\u00e6kke.<\/p>\n","protected":false},"featured_media":3700000853065,"comment_status":"open","ping_status":"closed","template":"","meta":{"_acf_changed":false,"_seopress_robots_primary_cat":"80","_seopress_titles_title":"Minikid 4 Pro \u2013 Rear-facing car seat up to 7 years | Axkid","_seopress_titles_desc":"Minikid 4 Pro \u2013 Safe, compact, and rear-facing up to 7 years (36 kg). Plus Test approved, easy installation, and maximum legroom. Security on every journey!","_seopress_robots_index":"","content-type":"","_relevanssi_hide_post":"","_relevanssi_hide_content":"","_relevanssi_pin_for_all":"","_relevanssi_pin_keywords":"","_relevanssi_unpin_keywords":"","_relevanssi_related_keywords":"","_relevanssi_related_include_ids":"","_relevanssi_related_exclude_ids":"","_relevanssi_related_no_append":"","_relevanssi_related_not_related":"","_relevanssi_related_posts":"","_relevanssi_noindex_reason":"","editor_notices":[]},"product_brand":[],"product_cat":[18,80,431],"product_tag":[],"class_list":{"0":"post-845125","1":"product","2":"type-product","3":"status-publish","4":"has-post-thumbnail","6":"product_cat-autostole","7":"product_cat-bagudvendte-autostole","8":"product_cat-smaboern","10":"first","11":"instock","12":"taxable","13":"shipping-taxable","14":"purchasable","15":"product-type-variable","16":"has-default-attributes"},"bundled_by":[],"bundle_stock_status":"instock","bundle_stock_quantity":null,"bundle_virtual":false,"bundle_layout":"","bundle_add_to_cart_form_location":"","bundle_editable_in_cart":false,"bundle_sold_individually_context":"","bundle_item_grouping":"","bundle_min_size":"","bundle_max_size":"","bundle_price":[],"bundled_items":[],"bundle_sell_ids":[],"acf":[],"_links":{"self":[{"href":"https:\/\/axkid.com\/dk\/wp-json\/wp\/v2\/product\/845125","targetHints":{"allow":["GET"]}}],"collection":[{"href":"https:\/\/axkid.com\/dk\/wp-json\/wp\/v2\/product"}],"about":[{"href":"https:\/\/axkid.com\/dk\/wp-json\/wp\/v2\/types\/product"}],"replies":[{"embeddable":true,"href":"https:\/\/axkid.com\/dk\/wp-json\/wp\/v2\/comments?post=845125"}],"wp:featuredmedia":[{"embeddable":true,"href":"https:\/\/axkid.com\/dk\/wp-json\/"}],"wp:attachment":[{"href":"https:\/\/axkid.com\/dk\/wp-json\/wp\/v2\/media?parent=845125"}],"wp:term":[{"taxonomy":"product_brand","embeddable":true,"href":"https:\/\/axkid.com\/dk\/wp-json\/wp\/v2\/product_brand?post=845125"},{"taxonomy":"product_cat","embeddable":true,"href":"https:\/\/axkid.com\/dk\/wp-json\/wp\/v2\/product_cat?post=845125"},{"taxonomy":"product_tag","embeddable":true,"href":"https:\/\/axkid.com\/dk\/wp-json\/wp\/v2\/product_tag?post=845125"}],"curies":[{"name":"wp","href":"https:\/\/api.w.org\/{rel}","templated":true}]}}