{"id":847784,"date":"2025-06-15T23:58:43","date_gmt":"2025-06-15T22:58:43","guid":{"rendered":"https:\/\/axkid.com\/?post_type=product&#038;p=847784"},"modified":"2026-04-25T09:43:53","modified_gmt":"2026-04-25T08:43:53","slug":"spinkid-2","status":"publish","type":"product","link":"https:\/\/axkid.com\/dk\/product\/spinkid-2\/","title":{"rendered":"Spinkid 2"},"content":{"rendered":"","protected":false},"excerpt":{"rendered":"<p>Spinkid 2 er en 180\u00b0 drejelig autostol, der tilbyder alsidig fleksibilitet fra nyf\u00f8dt til 4 \u00e5r (40-105 cm\/18 kg). Den har en 12-trins justerbar nakkest\u00f8tte, flere tilbagel\u00e6ningspositioner, tilpasningsdygtig indl\u00e6g og magnetisk sele. Udstyret med de innovative EasyClimb\u2122-h\u00e5ndtag for nem daglig brug.<\/p>\n","protected":false},"featured_media":3700000847856,"comment_status":"open","ping_status":"closed","template":"","meta":{"_acf_changed":false,"_seopress_robots_primary_cat":"80","_seopress_titles_title":"Axkid Spinkid 2 \u2013 180\u00b0 Rotating Rear-Facing Car Seat | Axkid","_seopress_titles_desc":"Discover Axkid Spinkid 2, the 180\u00b0 rotating car seat designed for safety and comfort from newborn up to 4 years (40-105 cm).","_seopress_robots_index":"","content-type":"","_relevanssi_hide_post":"","_relevanssi_hide_content":"","_relevanssi_pin_for_all":"","_relevanssi_pin_keywords":"","_relevanssi_unpin_keywords":"","_relevanssi_related_keywords":"","_relevanssi_related_include_ids":"","_relevanssi_related_exclude_ids":"","_relevanssi_related_no_append":"","_relevanssi_related_not_related":"","_relevanssi_related_posts":"","_relevanssi_noindex_reason":"","editor_notices":[]},"product_brand":[],"product_cat":[18,80,79,431],"product_tag":[],"class_list":{"0":"post-847784","1":"product","2":"type-product","3":"status-publish","4":"has-post-thumbnail","6":"product_cat-autostole","7":"product_cat-bagudvendte-autostole","8":"product_cat-nyfoedt-og-baby-autostole","9":"product_cat-smaboern","11":"first","12":"instock","13":"taxable","14":"shipping-taxable","15":"purchasable","16":"product-type-variable","17":"has-default-attributes"},"bundled_by":[],"bundle_stock_status":"instock","bundle_stock_quantity":null,"bundle_virtual":false,"bundle_layout":"","bundle_add_to_cart_form_location":"","bundle_editable_in_cart":false,"bundle_sold_individually_context":"","bundle_item_grouping":"","bundle_min_size":"","bundle_max_size":"","bundle_price":[],"bundled_items":[],"bundle_sell_ids":[],"acf":[],"_links":{"self":[{"href":"https:\/\/axkid.com\/dk\/wp-json\/wp\/v2\/product\/847784","targetHints":{"allow":["GET"]}}],"collection":[{"href":"https:\/\/axkid.com\/dk\/wp-json\/wp\/v2\/product"}],"about":[{"href":"https:\/\/axkid.com\/dk\/wp-json\/wp\/v2\/types\/product"}],"replies":[{"embeddable":true,"href":"https:\/\/axkid.com\/dk\/wp-json\/wp\/v2\/comments?post=847784"}],"wp:featuredmedia":[{"embeddable":true,"href":"https:\/\/axkid.com\/dk\/wp-json\/"}],"wp:attachment":[{"href":"https:\/\/axkid.com\/dk\/wp-json\/wp\/v2\/media?parent=847784"}],"wp:term":[{"taxonomy":"product_brand","embeddable":true,"href":"https:\/\/axkid.com\/dk\/wp-json\/wp\/v2\/product_brand?post=847784"},{"taxonomy":"product_cat","embeddable":true,"href":"https:\/\/axkid.com\/dk\/wp-json\/wp\/v2\/product_cat?post=847784"},{"taxonomy":"product_tag","embeddable":true,"href":"https:\/\/axkid.com\/dk\/wp-json\/wp\/v2\/product_tag?post=847784"}],"curies":[{"name":"wp","href":"https:\/\/api.w.org\/{rel}","templated":true}]}}