{"id":849338,"date":"2025-04-09T07:19:48","date_gmt":"2025-04-09T06:19:48","guid":{"rendered":"https:\/\/axkid.com\/?post_type=product&#038;p=849338"},"modified":"2026-04-29T07:58:39","modified_gmt":"2026-04-29T06:58:39","slug":"up-baeretaske","status":"publish","type":"product","link":"https:\/\/axkid.com\/dk\/product\/up-baeretaske\/","title":{"rendered":"Up b\u00e6retaske"},"content":{"rendered":"","protected":false},"excerpt":{"rendered":"<p>Den er skr\u00e6ddersyet til at passe perfekt til den sammenfoldede Axkid Up\u2122 og sikrer nem transport og kompakt opbevaring. Med den polstrede st\u00f8dbeskyttelse og vandt\u00e6tte lynl\u00e5s holder Axkid Up Carry Bag dit s\u00e6de sikkert og beskyttet under transporten.<\/p>\n","protected":false},"featured_media":3700000850985,"comment_status":"open","ping_status":"closed","template":"","meta":{"_acf_changed":false,"_seopress_robots_primary_cat":"none","_seopress_titles_title":"UP Carry Bag | Axkid","_seopress_titles_desc":"Tailored to perfectly fit the folded Axkid Up\u2122 it ensures easy transport and compact storage.","_seopress_robots_index":"","content-type":"","_relevanssi_hide_post":"","_relevanssi_hide_content":"","_relevanssi_pin_for_all":"","_relevanssi_pin_keywords":"","_relevanssi_unpin_keywords":"","_relevanssi_related_keywords":"","_relevanssi_related_include_ids":"","_relevanssi_related_exclude_ids":"","_relevanssi_related_no_append":"","_relevanssi_related_not_related":"","_relevanssi_related_posts":"","_relevanssi_noindex_reason":"","editor_notices":[]},"product_brand":[],"product_cat":[17],"product_tag":[],"class_list":{"0":"post-849338","1":"product","2":"type-product","3":"status-publish","4":"has-post-thumbnail","6":"product_cat-tilbehoer","8":"first","9":"instock","10":"taxable","11":"shipping-taxable","12":"purchasable","13":"product-type-simple"},"bundled_by":["849670"],"bundle_stock_status":"instock","bundle_stock_quantity":5,"bundle_virtual":false,"bundle_layout":"","bundle_add_to_cart_form_location":"","bundle_editable_in_cart":false,"bundle_sold_individually_context":"","bundle_item_grouping":"","bundle_min_size":"","bundle_max_size":"","bundle_price":[],"bundled_items":[],"bundle_sell_ids":[],"acf":[],"_links":{"self":[{"href":"https:\/\/axkid.com\/dk\/wp-json\/wp\/v2\/product\/849338","targetHints":{"allow":["GET"]}}],"collection":[{"href":"https:\/\/axkid.com\/dk\/wp-json\/wp\/v2\/product"}],"about":[{"href":"https:\/\/axkid.com\/dk\/wp-json\/wp\/v2\/types\/product"}],"replies":[{"embeddable":true,"href":"https:\/\/axkid.com\/dk\/wp-json\/wp\/v2\/comments?post=849338"}],"wp:featuredmedia":[{"embeddable":true,"href":"https:\/\/axkid.com\/dk\/wp-json\/"}],"wp:attachment":[{"href":"https:\/\/axkid.com\/dk\/wp-json\/wp\/v2\/media?parent=849338"}],"wp:term":[{"taxonomy":"product_brand","embeddable":true,"href":"https:\/\/axkid.com\/dk\/wp-json\/wp\/v2\/product_brand?post=849338"},{"taxonomy":"product_cat","embeddable":true,"href":"https:\/\/axkid.com\/dk\/wp-json\/wp\/v2\/product_cat?post=849338"},{"taxonomy":"product_tag","embeddable":true,"href":"https:\/\/axkid.com\/dk\/wp-json\/wp\/v2\/product_tag?post=849338"}],"curies":[{"name":"wp","href":"https:\/\/api.w.org\/{rel}","templated":true}]}}