{"id":849656,"date":"2023-10-29T08:49:01","date_gmt":"2023-10-29T07:49:01","guid":{"rendered":"https:\/\/axkid.com\/?post_type=product&#038;p=849656"},"modified":"2026-03-28T21:44:21","modified_gmt":"2026-03-28T20:44:21","slug":"one-3-smaaboernsindsats-0-105-cm","status":"publish","type":"product","link":"https:\/\/axkid.com\/dk\/product\/one-3-smaaboernsindsats-0-105-cm\/","title":{"rendered":"One 3 sm\u00e5b\u00f8rnsindsats 0\u2013105 cm"},"content":{"rendered":"<p>The toddler insert provides smaller children between 61\u2013105 cm with a more stable position in the car seat. Included with the purchase of Axkid ONE 3 &amp; ONE+ 3. Also compatible with Axkid ONE 2, Axkid ONE+ 2, Axkid ONE, and Axkid ONE+.<\/p>\n","protected":false},"excerpt":{"rendered":"<p>Sm\u00e5b\u00f8rnsindsatsen giver mindre b\u00f8rn mellem 61 og 105 cm en mere stabil position i autostolen. Medf\u00f8lger ved k\u00f8b af Axkid ONE 3 og ONE+ 3. Ogs\u00e5 kompatibel med Axkid ONE 2, Axkid ONE+ 2, Axkid ONE og Axkid ONE+.<\/p>\n","protected":false},"featured_media":851225,"comment_status":"open","ping_status":"closed","template":"","meta":{"_acf_changed":false,"_seopress_robots_primary_cat":"none","_seopress_titles_title":"","_seopress_titles_desc":"","_seopress_robots_index":"","content-type":"","_relevanssi_hide_post":"","_relevanssi_hide_content":"","_relevanssi_pin_for_all":"","_relevanssi_pin_keywords":"","_relevanssi_unpin_keywords":"","_relevanssi_related_keywords":"","_relevanssi_related_include_ids":"","_relevanssi_related_exclude_ids":"","_relevanssi_related_no_append":"","_relevanssi_related_not_related":"","_relevanssi_related_posts":"","_relevanssi_noindex_reason":"","editor_notices":[]},"product_brand":[],"product_cat":[435,375,17],"product_tag":[],"class_list":{"0":"post-849656","1":"product","2":"type-product","3":"status-publish","4":"has-post-thumbnail","6":"product_cat-indlaeg-og-puder-til-autostole","7":"product_cat-reservedele","8":"product_cat-tilbehoer","10":"first","11":"instock","12":"taxable","13":"shipping-taxable","14":"purchasable","15":"product-type-simple"},"bundled_by":[],"bundle_stock_status":"instock","bundle_stock_quantity":5,"bundle_virtual":false,"bundle_layout":"","bundle_add_to_cart_form_location":"","bundle_editable_in_cart":false,"bundle_sold_individually_context":"","bundle_item_grouping":"","bundle_min_size":"","bundle_max_size":"","bundle_price":[],"bundled_items":[],"bundle_sell_ids":[],"acf":[],"_links":{"self":[{"href":"https:\/\/axkid.com\/dk\/wp-json\/wp\/v2\/product\/849656","targetHints":{"allow":["GET"]}}],"collection":[{"href":"https:\/\/axkid.com\/dk\/wp-json\/wp\/v2\/product"}],"about":[{"href":"https:\/\/axkid.com\/dk\/wp-json\/wp\/v2\/types\/product"}],"replies":[{"embeddable":true,"href":"https:\/\/axkid.com\/dk\/wp-json\/wp\/v2\/comments?post=849656"}],"wp:featuredmedia":[{"embeddable":true,"href":"https:\/\/axkid.com\/dk\/wp-json\/wp\/v2\/media\/851225"}],"wp:attachment":[{"href":"https:\/\/axkid.com\/dk\/wp-json\/wp\/v2\/media?parent=849656"}],"wp:term":[{"taxonomy":"product_brand","embeddable":true,"href":"https:\/\/axkid.com\/dk\/wp-json\/wp\/v2\/product_brand?post=849656"},{"taxonomy":"product_cat","embeddable":true,"href":"https:\/\/axkid.com\/dk\/wp-json\/wp\/v2\/product_cat?post=849656"},{"taxonomy":"product_tag","embeddable":true,"href":"https:\/\/axkid.com\/dk\/wp-json\/wp\/v2\/product_tag?post=849656"}],"curies":[{"name":"wp","href":"https:\/\/api.w.org\/{rel}","templated":true}]}}