{"id":851145,"date":"2025-04-10T14:24:06","date_gmt":"2025-04-10T13:24:06","guid":{"rendered":"https:\/\/axkid.com\/?post_type=product&#038;p=851145"},"modified":"2026-04-16T06:14:12","modified_gmt":"2026-04-16T05:14:12","slug":"asip-til-up","status":"publish","type":"product","link":"https:\/\/axkid.com\/dk\/product\/asip-til-up\/","title":{"rendered":"ASIP til UP"},"content":{"rendered":"","protected":false},"excerpt":{"rendered":"<p>ASIP (Axkid Side Impact Protection) absorberer og fordeler kr\u00e6fterne i tilf\u00e6lde af en kollision, hvilket reducerer risikoen for alvorlige skader. Det kan installeres p\u00e5 Axkid UP-modellerne. Bem\u00e6rk, at ASIP altid er inkluderet, n\u00e5r du k\u00f8ber en Axkid UP.<\/p>\n","protected":false},"featured_media":3700000851148,"comment_status":"closed","ping_status":"closed","template":"","meta":{"_acf_changed":false,"_seopress_robots_primary_cat":"none","_seopress_titles_title":"","_seopress_titles_desc":"","_seopress_robots_index":"","content-type":"","_relevanssi_hide_post":"","_relevanssi_hide_content":"","_relevanssi_pin_for_all":"","_relevanssi_pin_keywords":"","_relevanssi_unpin_keywords":"","_relevanssi_related_keywords":"","_relevanssi_related_include_ids":"","_relevanssi_related_exclude_ids":"","_relevanssi_related_no_append":"","_relevanssi_related_not_related":"","_relevanssi_related_posts":"","_relevanssi_noindex_reason":"","editor_notices":[]},"product_brand":[],"product_cat":[375,17],"product_tag":[],"class_list":{"0":"post-851145","1":"product","2":"type-product","3":"status-publish","4":"has-post-thumbnail","6":"product_cat-reservedele","7":"product_cat-tilbehoer","9":"first","10":"instock","11":"taxable","12":"shipping-taxable","13":"purchasable","14":"product-type-simple"},"bundled_by":[],"bundle_stock_status":"instock","bundle_stock_quantity":18,"bundle_virtual":false,"bundle_layout":"","bundle_add_to_cart_form_location":"","bundle_editable_in_cart":false,"bundle_sold_individually_context":"","bundle_item_grouping":"","bundle_min_size":"","bundle_max_size":"","bundle_price":[],"bundled_items":[],"bundle_sell_ids":[],"acf":[],"_links":{"self":[{"href":"https:\/\/axkid.com\/dk\/wp-json\/wp\/v2\/product\/851145","targetHints":{"allow":["GET"]}}],"collection":[{"href":"https:\/\/axkid.com\/dk\/wp-json\/wp\/v2\/product"}],"about":[{"href":"https:\/\/axkid.com\/dk\/wp-json\/wp\/v2\/types\/product"}],"replies":[{"embeddable":true,"href":"https:\/\/axkid.com\/dk\/wp-json\/wp\/v2\/comments?post=851145"}],"wp:featuredmedia":[{"embeddable":true,"href":"https:\/\/axkid.com\/dk\/wp-json\/"}],"wp:attachment":[{"href":"https:\/\/axkid.com\/dk\/wp-json\/wp\/v2\/media?parent=851145"}],"wp:term":[{"taxonomy":"product_brand","embeddable":true,"href":"https:\/\/axkid.com\/dk\/wp-json\/wp\/v2\/product_brand?post=851145"},{"taxonomy":"product_cat","embeddable":true,"href":"https:\/\/axkid.com\/dk\/wp-json\/wp\/v2\/product_cat?post=851145"},{"taxonomy":"product_tag","embeddable":true,"href":"https:\/\/axkid.com\/dk\/wp-json\/wp\/v2\/product_tag?post=851145"}],"curies":[{"name":"wp","href":"https:\/\/api.w.org\/{rel}","templated":true}]}}