{"id":851732,"date":"2025-10-13T13:38:12","date_gmt":"2025-10-13T12:38:12","guid":{"rendered":"https:\/\/axkid.com\/?post_type=product&#038;p=851732"},"modified":"2026-04-14T14:00:11","modified_gmt":"2026-04-14T13:00:11","slug":"axkid-laendestoette","status":"publish","type":"product","link":"https:\/\/axkid.com\/dk\/product\/axkid-laendestoette\/","title":{"rendered":"Axkid l\u00e6ndest\u00f8tte"},"content":{"rendered":"","protected":false},"excerpt":{"rendered":"<p>Axkid L\u00e6ndest\u00f8tte-tilbeh\u00f8ret er AGR-certificeret og designet til at give ekstra komfort og fremme en sund siddestilling for dit barn. Det kan bruges sammen med vores bagudvendte autostole Minikid 4 (Max og Pro) og One 3 som tilbeh\u00f8r for at give dit barn den ekstra l\u00e6ndest\u00f8tte, det har brug for. Anbefales til b\u00f8rn fra 105 cm og opefter (n\u00e5r babyindsatsen til One 3 og Minikid 4 ikke l\u00e6ngere er i brug).<\/p>\n<ul>\n<li>St\u00f8tter barnets l\u00e6nd og fremmer en naturlig siddestilling<\/li>\n<li>Hj\u00e6lper med at aflaste rygs\u00f8jlen og reducerer risikoen for rygsmerter<\/li>\n<li>Ergonomisk udviklet med s\u00e6rlig omhu for ryggen under v\u00e6kst<\/li>\n<\/ul>\n","protected":false},"featured_media":3700000851856,"comment_status":"open","ping_status":"closed","template":"","meta":{"_acf_changed":false,"_seopress_robots_primary_cat":"none","_seopress_titles_title":"","_seopress_titles_desc":"","_seopress_robots_index":"","content-type":"","_relevanssi_hide_post":"","_relevanssi_hide_content":"","_relevanssi_pin_for_all":"","_relevanssi_pin_keywords":"","_relevanssi_unpin_keywords":"","_relevanssi_related_keywords":"","_relevanssi_related_include_ids":"","_relevanssi_related_exclude_ids":"","_relevanssi_related_no_append":"","_relevanssi_related_not_related":"","_relevanssi_related_posts":"","_relevanssi_noindex_reason":"","editor_notices":[]},"product_brand":[],"product_cat":[435,375,17],"product_tag":[],"class_list":{"0":"post-851732","1":"product","2":"type-product","3":"status-publish","4":"has-post-thumbnail","6":"product_cat-indlaeg-og-puder-til-autostole","7":"product_cat-reservedele","8":"product_cat-tilbehoer","10":"first","11":"instock","12":"taxable","13":"shipping-taxable","14":"purchasable","15":"product-type-simple"},"bundled_by":[],"bundle_stock_status":"instock","bundle_stock_quantity":40,"bundle_virtual":false,"bundle_layout":"","bundle_add_to_cart_form_location":"","bundle_editable_in_cart":false,"bundle_sold_individually_context":"","bundle_item_grouping":"","bundle_min_size":"","bundle_max_size":"","bundle_price":[],"bundled_items":[],"bundle_sell_ids":[],"acf":[],"_links":{"self":[{"href":"https:\/\/axkid.com\/dk\/wp-json\/wp\/v2\/product\/851732","targetHints":{"allow":["GET"]}}],"collection":[{"href":"https:\/\/axkid.com\/dk\/wp-json\/wp\/v2\/product"}],"about":[{"href":"https:\/\/axkid.com\/dk\/wp-json\/wp\/v2\/types\/product"}],"replies":[{"embeddable":true,"href":"https:\/\/axkid.com\/dk\/wp-json\/wp\/v2\/comments?post=851732"}],"wp:featuredmedia":[{"embeddable":true,"href":"https:\/\/axkid.com\/dk\/wp-json\/"}],"wp:attachment":[{"href":"https:\/\/axkid.com\/dk\/wp-json\/wp\/v2\/media?parent=851732"}],"wp:term":[{"taxonomy":"product_brand","embeddable":true,"href":"https:\/\/axkid.com\/dk\/wp-json\/wp\/v2\/product_brand?post=851732"},{"taxonomy":"product_cat","embeddable":true,"href":"https:\/\/axkid.com\/dk\/wp-json\/wp\/v2\/product_cat?post=851732"},{"taxonomy":"product_tag","embeddable":true,"href":"https:\/\/axkid.com\/dk\/wp-json\/wp\/v2\/product_tag?post=851732"}],"curies":[{"name":"wp","href":"https:\/\/api.w.org\/{rel}","templated":true}]}}