{"id":852724,"date":"2026-02-10T14:45:14","date_gmt":"2026-02-10T13:45:14","guid":{"rendered":"https:\/\/axkid.com\/dk\/?post_type=product&#038;p=852724"},"modified":"2026-02-10T14:50:21","modified_gmt":"2026-02-10T13:50:21","slug":"up","status":"publish","type":"product","link":"https:\/\/axkid.com\/dk\/product\/up\/","title":{"rendered":"Up"},"content":{"rendered":"","protected":false},"excerpt":{"rendered":"<p>Axkid Up\u2122 er vores mest avancerede autostol med h\u00f8j rygl\u00e6n nogensinde. Passer til b\u00f8rn mellem 4 og 12 \u00e5r (100-150 cm\/50 kg) og tilpasser sig dit barn med det h\u00e6velige s\u00e6de, s\u00e5 sikkerhedsselen sidder perfekt. Udstyret med en solid st\u00e5lramme med indbygget st\u00f8tteben for ekstra stabilitet.<\/p>\n","protected":false},"featured_media":3700000849061,"comment_status":"open","ping_status":"closed","template":"","meta":{"_acf_changed":false,"_seopress_robots_primary_cat":"81","_seopress_titles_title":"Up - High back booster seat | Axkid","_seopress_titles_desc":"Axkid Up\u2122 \u2013 a high back booster for kids 4-12 years (100-150 cm). Patented raisable seat, solid steel frame & ISOFIX for safety, comfort & easy storage.","_seopress_robots_index":"","_seopress_analysis_target_kw":"","content-type":"","_relevanssi_hide_post":"","_relevanssi_hide_content":"","_relevanssi_pin_for_all":"","_relevanssi_pin_keywords":"","_relevanssi_unpin_keywords":"","_relevanssi_related_keywords":"","_relevanssi_related_include_ids":"","_relevanssi_related_exclude_ids":"","_relevanssi_related_no_append":"","_relevanssi_related_not_related":"","_relevanssi_related_posts":"","_relevanssi_noindex_reason":"","editor_notices":["While copying content, some attachments were not duplicated due to existing attachments with the same name on the remote site. The following attachments were not duplicated: Svenska site - 7350150973321.png, 7350150973291.png, 7350150973307.png, 7350150973314.png, 7350150973338.png, 7350150973321-2.png.","While copying content, some attachments were not duplicated due to existing attachments with the same name on the remote site. The following attachments were not duplicated: English site - 7350150973321.png, 7350150973291.png, 7350150973307.png, 7350150973314.png, 7350150973338.png, 7350150973321-2.png; Norwegian site - 7350150973321.png, 7350150973291.png, 7350150973307.png, 7350150973314.png, 7350150973338.png, 7350150973321-2.png; Fran\u00e7ais site - 7350150973321.png, 7350150973291.png, 7350150973307.png, 7350150973314.png, 7350150973338.png, 7350150973321-2.png; Deutsch site - 7350150973321.png, 7350150973291.png, 7350150973307.png, 7350150973314.png, 7350150973338.png, 7350150973321-2.png; Suomi site - 7350150973321.png, 7350150973291.png, 7350150973307.png, 7350150973314.png, 7350150973338.png, 7350150973321-2.png; English site - 7350150973321.png, 7350150973291.png, 7350150973307.png, 7350150973314.png, 7350150973338.png, 7350150973321-2.png.","While copying content, some attachments were not duplicated due to existing attachments with the same name on the remote site. The following attachments were not duplicated: English site - 7350150973321-2.png.","While copying content, some attachments were not duplicated due to existing attachments with the same name on the remote site. The following attachments were not duplicated: Espa\u00f1ol site - 7350150973321.png, 7350150973291.png, 7350150973307.png, 7350150973314.png, 7350150973338.png, 7350150973321-2.png."]},"product_brand":[],"product_cat":[18,432,81],"product_tag":[],"class_list":{"0":"post-852724","1":"product","2":"type-product","3":"status-publish","4":"has-post-thumbnail","6":"product_cat-autostole","7":"product_cat-barn","8":"product_cat-selepuder","10":"first","11":"instock","12":"taxable","13":"shipping-taxable","14":"purchasable","15":"product-type-bundle"},"bundled_by":[],"bundle_stock_status":"instock","bundle_stock_quantity":"","bundle_virtual":false,"bundle_layout":"default","bundle_add_to_cart_form_location":"default","bundle_editable_in_cart":false,"bundle_sold_individually_context":"product","bundle_item_grouping":"parent","bundle_min_size":"","bundle_max_size":"","bundle_price":{"price":{"min":{"incl_tax":"3499","excl_tax":"2799.2"},"max":{"incl_tax":"3499","excl_tax":"2799.2"}},"regular_price":{"min":{"incl_tax":"3499","excl_tax":"2799.2"},"max":{"incl_tax":"3499","excl_tax":"2799.2"}}},"bundled_items":[{"bundled_item_id":55,"product_id":848998,"menu_order":0,"quantity_min":1,"quantity_max":1,"quantity_default":1,"priced_individually":true,"shipped_individually":false,"override_title":false,"title":"Up","override_description":false,"description":"","optional":false,"hide_thumbnail":false,"discount":"","override_variations":false,"allowed_variations":[],"override_default_variation_attributes":false,"default_variation_attributes":[],"single_product_visibility":"visible","cart_visibility":"visible","order_visibility":"visible","single_product_price_visibility":"visible","cart_price_visibility":"visible","order_price_visibility":"visible","stock_status":"in_stock"},{"bundled_item_id":56,"product_id":849332,"menu_order":1,"quantity_min":1,"quantity_max":1,"quantity_default":1,"priced_individually":false,"shipped_individually":false,"override_title":false,"title":"Up Footrest","override_description":false,"description":"","optional":false,"hide_thumbnail":false,"discount":"","override_variations":false,"allowed_variations":[],"override_default_variation_attributes":false,"default_variation_attributes":[],"single_product_visibility":"visible","cart_visibility":"visible","order_visibility":"visible","single_product_price_visibility":"visible","cart_price_visibility":"visible","order_price_visibility":"visible","stock_status":"in_stock"}],"bundle_sell_ids":[],"acf":[],"_links":{"self":[{"href":"https:\/\/axkid.com\/dk\/wp-json\/wp\/v2\/product\/852724","targetHints":{"allow":["GET"]}}],"collection":[{"href":"https:\/\/axkid.com\/dk\/wp-json\/wp\/v2\/product"}],"about":[{"href":"https:\/\/axkid.com\/dk\/wp-json\/wp\/v2\/types\/product"}],"replies":[{"embeddable":true,"href":"https:\/\/axkid.com\/dk\/wp-json\/wp\/v2\/comments?post=852724"}],"wp:featuredmedia":[{"embeddable":true,"href":"https:\/\/axkid.com\/dk\/wp-json\/"}],"wp:attachment":[{"href":"https:\/\/axkid.com\/dk\/wp-json\/wp\/v2\/media?parent=852724"}],"wp:term":[{"taxonomy":"product_brand","embeddable":true,"href":"https:\/\/axkid.com\/dk\/wp-json\/wp\/v2\/product_brand?post=852724"},{"taxonomy":"product_cat","embeddable":true,"href":"https:\/\/axkid.com\/dk\/wp-json\/wp\/v2\/product_cat?post=852724"},{"taxonomy":"product_tag","embeddable":true,"href":"https:\/\/axkid.com\/dk\/wp-json\/wp\/v2\/product_tag?post=852724"}],"curies":[{"name":"wp","href":"https:\/\/api.w.org\/{rel}","templated":true}]}}