{"id":15719,"date":"2023-06-01T09:49:55","date_gmt":"2023-06-01T08:49:55","guid":{"rendered":"https:\/\/axkid.com\/?post_type=product&#038;p=15719"},"modified":"2026-02-11T14:53:09","modified_gmt":"2026-02-11T13:53:09","slug":"attachment-loops-120-mm","status":"publish","type":"product","link":"https:\/\/axkid.com\/es\/product\/attachment-loops-120-mm\/","title":{"rendered":"Anillas de fijaci\u00f3n de 120 mm"},"content":{"rendered":"<p>Las anillas de fijaci\u00f3n Axkid est\u00e1n dise\u00f1adas para simplificar la instalaci\u00f3n de la silla de auto a contramarcha en tu veh\u00edculo.Vienen dos anillas de sujeci\u00f3n en cada paquete.<\/p>\n<p>Longitud: 120 mm.<\/p>\n<p>Other lengths exist: <a href=\"https:\/\/axkid.com\/es\/product\/attachment-loops\/\">70 mm<\/a>\u00a0 and <a href=\"https:\/\/axkid.com\/es\/product\/axkid-attachment-loops-160-mm\/\">160<\/a> mm<\/p>\n","protected":false},"excerpt":{"rendered":"<p>Las anillas de fijaci\u00f3n Axkid est\u00e1n dise\u00f1adas para simplificar la instalaci\u00f3n de la silla de auto a contramarcha en tu veh\u00edculo.Vienen dos anillas de sujeci\u00f3n en cada paquete.<br \/>\nLongitud: 120 mm.<\/p>\n","protected":false},"featured_media":15726,"comment_status":"closed","ping_status":"closed","template":"","meta":{"_acf_changed":false,"_seopress_robots_primary_cat":"438","_seopress_titles_title":"","_seopress_titles_desc":"","_seopress_robots_index":"","content-type":"","_relevanssi_hide_post":"","_relevanssi_hide_content":"","_relevanssi_pin_for_all":"","_relevanssi_pin_keywords":"","_relevanssi_unpin_keywords":"","_relevanssi_related_keywords":"","_relevanssi_related_include_ids":"","_relevanssi_related_exclude_ids":"","_relevanssi_related_no_append":"","_relevanssi_related_not_related":"","_relevanssi_related_posts":"","_relevanssi_noindex_reason":"","editor_notices":[]},"product_brand":[],"product_cat":[17,438],"product_tag":[],"class_list":{"0":"post-15719","1":"product","2":"type-product","3":"status-publish","4":"has-post-thumbnail","6":"product_cat-accesorios","7":"product_cat-correas-de-sujecion-y-bucles-de-fijacion","8":"pa_accessories-comfort-protection","10":"first","11":"instock","12":"taxable","13":"shipping-taxable","14":"purchasable","15":"product-type-simple"},"bundled_by":[],"bundle_stock_status":"instock","bundle_stock_quantity":1,"bundle_virtual":false,"bundle_layout":"","bundle_add_to_cart_form_location":"","bundle_editable_in_cart":false,"bundle_sold_individually_context":"","bundle_item_grouping":"","bundle_min_size":"","bundle_max_size":"","bundle_price":[],"bundled_items":[],"bundle_sell_ids":[],"acf":[],"_links":{"self":[{"href":"https:\/\/axkid.com\/es\/wp-json\/wp\/v2\/product\/15719","targetHints":{"allow":["GET"]}}],"collection":[{"href":"https:\/\/axkid.com\/es\/wp-json\/wp\/v2\/product"}],"about":[{"href":"https:\/\/axkid.com\/es\/wp-json\/wp\/v2\/types\/product"}],"replies":[{"embeddable":true,"href":"https:\/\/axkid.com\/es\/wp-json\/wp\/v2\/comments?post=15719"}],"wp:featuredmedia":[{"embeddable":true,"href":"https:\/\/axkid.com\/es\/wp-json\/wp\/v2\/media\/15726"}],"wp:attachment":[{"href":"https:\/\/axkid.com\/es\/wp-json\/wp\/v2\/media?parent=15719"}],"wp:term":[{"taxonomy":"product_brand","embeddable":true,"href":"https:\/\/axkid.com\/es\/wp-json\/wp\/v2\/product_brand?post=15719"},{"taxonomy":"product_cat","embeddable":true,"href":"https:\/\/axkid.com\/es\/wp-json\/wp\/v2\/product_cat?post=15719"},{"taxonomy":"product_tag","embeddable":true,"href":"https:\/\/axkid.com\/es\/wp-json\/wp\/v2\/product_tag?post=15719"}],"curies":[{"name":"wp","href":"https:\/\/api.w.org\/{rel}","templated":true}]}}