{"id":172398,"date":"2025-03-30T09:51:10","date_gmt":"2025-03-30T08:51:10","guid":{"rendered":"https:\/\/axkid.com\/es-2-0\/?post_type=product&#038;p=172398"},"modified":"2026-05-17T20:47:26","modified_gmt":"2026-05-17T19:47:26","slug":"minikid-4-max","status":"publish","type":"product","link":"https:\/\/axkid.com\/es\/product\/minikid-4-max\/","title":{"rendered":"Minikid 4 Max"},"content":{"rendered":"","protected":false},"excerpt":{"rendered":"<p>Minikid 4 Max es la evoluci\u00f3n de la silla de coche a contramarcha, que se ha ido perfeccionando durante m\u00e1s de 15 a\u00f1os. Ofrece m\u00e1xima seguridad hasta los 7 a\u00f1os de edad (61-125 cm\/36 kg) con una instalaci\u00f3n sencilla, en menos de 60 segundos. Su dise\u00f1o compacto permite amplio espacio para las piernas. Tiene sello Plus Test y ha sido sometida a pruebas de choque muy por encima de los est\u00e1ndares.<\/p>\n","protected":false},"featured_media":3700000853075,"comment_status":"open","ping_status":"closed","template":"","meta":{"_acf_changed":false,"_seopress_robots_primary_cat":"80","_seopress_titles_title":"Minkid 4 Max","_seopress_titles_desc":"Minikid 4 Max es la silla de coche de m\u00e1xima seguridad original para autom\u00f3vil de espaldas a la marcha, perfeccionada a lo largo de 15 a\u00f1os. Ofrece seguridad hasta los 7 a\u00f1os de edad (61-125 cm\/36 kg). Instalaci\u00f3n sencilla, certificaci\u00f3n Plus Test","_seopress_robots_index":"","_seopress_analysis_target_kw":"","content-type":"","_relevanssi_hide_post":"","_relevanssi_hide_content":"","_relevanssi_pin_for_all":"","_relevanssi_pin_keywords":"","_relevanssi_unpin_keywords":"","_relevanssi_related_keywords":"","_relevanssi_related_include_ids":"","_relevanssi_related_exclude_ids":"","_relevanssi_related_no_append":"","_relevanssi_related_not_related":"","_relevanssi_related_posts":"","_relevanssi_noindex_reason":"","editor_notices":[]},"product_brand":[],"product_cat":[431,584,80,18],"product_tag":[],"class_list":{"0":"post-172398","1":"product","2":"type-product","3":"status-publish","4":"has-post-thumbnail","6":"product_cat-nino-pequeno-toddler","7":"product_cat-campaigns","8":"product_cat-asientos-a-contramarcha","9":"product_cat-todas-las-sillas-de-coche","11":"first","12":"instock","13":"sale","14":"taxable","15":"shipping-taxable","16":"purchasable","17":"product-type-variable","18":"has-default-attributes"},"bundled_by":[],"bundle_stock_status":"instock","bundle_stock_quantity":null,"bundle_virtual":false,"bundle_layout":"","bundle_add_to_cart_form_location":"","bundle_editable_in_cart":false,"bundle_sold_individually_context":"","bundle_item_grouping":"","bundle_min_size":"","bundle_max_size":"","bundle_price":[],"bundled_items":[],"bundle_sell_ids":[],"acf":[],"_links":{"self":[{"href":"https:\/\/axkid.com\/es\/wp-json\/wp\/v2\/product\/172398","targetHints":{"allow":["GET"]}}],"collection":[{"href":"https:\/\/axkid.com\/es\/wp-json\/wp\/v2\/product"}],"about":[{"href":"https:\/\/axkid.com\/es\/wp-json\/wp\/v2\/types\/product"}],"replies":[{"embeddable":true,"href":"https:\/\/axkid.com\/es\/wp-json\/wp\/v2\/comments?post=172398"}],"wp:featuredmedia":[{"embeddable":true,"href":"https:\/\/axkid.com\/es\/wp-json\/"}],"wp:attachment":[{"href":"https:\/\/axkid.com\/es\/wp-json\/wp\/v2\/media?parent=172398"}],"wp:term":[{"taxonomy":"product_brand","embeddable":true,"href":"https:\/\/axkid.com\/es\/wp-json\/wp\/v2\/product_brand?post=172398"},{"taxonomy":"product_cat","embeddable":true,"href":"https:\/\/axkid.com\/es\/wp-json\/wp\/v2\/product_cat?post=172398"},{"taxonomy":"product_tag","embeddable":true,"href":"https:\/\/axkid.com\/es\/wp-json\/wp\/v2\/product_tag?post=172398"}],"curies":[{"name":"wp","href":"https:\/\/api.w.org\/{rel}","templated":true}]}}