{"id":172408,"date":"2025-09-27T18:14:58","date_gmt":"2025-09-27T17:14:58","guid":{"rendered":"https:\/\/axkid.com\/es-2-0\/?post_type=product&#038;p=172408"},"modified":"2026-05-04T17:03:54","modified_gmt":"2026-05-04T16:03:54","slug":"minikid-4-pro","status":"publish","type":"product","link":"https:\/\/axkid.com\/es\/product\/minikid-4-pro\/","title":{"rendered":"Minikid 4 Pro"},"content":{"rendered":"<p>Diez a\u00f1os de historia avalan a la nueva revisi\u00f3n de la hist\u00f3rica silla a contramarcha de Axkid.<br \/>\nMinikid 4 Pro permite viajar de espaldas hasta los 7 a\u00f1os (61-125 cm\/36 kg). Dise\u00f1ada para<br \/>\nampliar el rango de uso al extender los l\u00edmites de peso y altura, esta silla se ha sometido a<br \/>\nextensivos y extremos ensayos en laboratorio para garantizar la seguridad hasta los 36 kg. Su<br \/>\ndise\u00f1o estrecho permite instalar tres asientos en la misma fila..<\/p>\n<p><strong>Caracter\u00edsticas principales<\/strong><br \/>\n\u2022 Dise\u00f1o CompactFit\u2122 para un m\u00e1ximo ahorro de espacio.<br \/>\n\u2022 Bloqueo de cintur\u00f3n integrado SafeLock\u2122 con sistema antideslizamiento.<br \/>\n\u2022 Sello Plus Test y probada din\u00e1micamente m\u00e1s all\u00e1 de los est\u00e1ndares.<br \/>\n\u2022 Hasta 30 cm de espacio para las piernas en cualquier plaza del coche compatible.<br \/>\n\u2022 Cabezal ajustable en 13 alturas y 2 niveles de reclinado.<\/p>\n<p><strong>Seguridad: Superando los l\u00edmites de seguridad<\/strong><br \/>\nAsiento de autom\u00f3vil extendido orientado hacia atr\u00e1s que ofrece uno de los est\u00e1ndares de seguridad m\u00e1s altos del<br \/>\nmercado. Minikid 4 Pro ha pasado la prueba PLUS sueca, considerada la prueba de choque m\u00e1s dura del mundo.<br \/>\nLongevidad: Dise\u00f1ado para durar<br \/>\nMinikid 4 Pro est\u00e1 certificado para ni\u00f1os desde aproximadamente 6 meses (61 cm) hasta 7 a\u00f1os (125 cm y 36 kg). Dise\u00f1ado para mantener a su hijo seguro y c\u00f3modo durante el mayor tiempo posible con 13 posiciones de reposacabezas ajustables y una longitud de espalda extendida.<\/p>\n<p><strong>Manejo: SafeLock\u2122<\/strong><br \/>\nEquipado con un sistema de bloqueo de cintur\u00f3n integrado para m\u00e1xima seguridad, manteniendo<br \/>\nel cintur\u00f3n de seguridad del veh\u00edculo en su lugar.<\/p>\n<p><strong>Instalaci\u00f3n: Instalaci\u00f3n segura en cualquier veh\u00edculo<\/strong><br \/>\nGu\u00eda de instalaci\u00f3n sencilla de 6 pasos en el lateral del asiento, para garantizar una instalaci\u00f3n r\u00e1pida y<br \/>\nsegura en todo momento.<\/p>\n<p><strong>Dise\u00f1o: Compact Fit<\/strong><br \/>\nMinikid 4 Pro ocupa 15 cm menos de espacio en comparaci\u00f3n con otros asientos similares orientados hacia atr\u00e1s.<br \/>\nAdem\u00e1s, su ajuste compacto ofrece hasta 30 cm de espacio para las piernas de tu hijo. Dise\u00f1ado para mantener a tu hijo orientado hacia atr\u00e1s el mayor tiempo posible.<\/p>\n<p><strong>Comodidad: c\u00f3modo para el ni\u00f1o<\/strong><br \/>\nCon tejidos suaves y transpirables, un reposacabezas ajustable y una reclinaci\u00f3n de 2 pasos, Minikid<br \/>\n4 Pro mantiene a tu hijo c\u00f3modo en cada aventura.<\/p>\n","protected":false},"excerpt":{"rendered":"<p style=\"text-align: justify\">Descubre la evoluci\u00f3n definitiva de la silla a contramarcha original. Minikid 4 Pro est\u00e1 dise\u00f1ada para ofrecer una experiencia segura y c\u00f3moda hasta los 7 a\u00f1os de edad (61\u2013125 cm \/ 36 kg), superando los l\u00edmites tradicionales de peso y altura.<br \/>\nSometida a exhaustivas pruebas de seguridad, garantiza la m\u00e1xima protecci\u00f3n hasta los 36 kg.<br \/>\nGracias a su dise\u00f1o compacto y estrecho, es posible instalar tres sillas en una misma fila, sin comprometer el espacio ni la seguridad.<\/p>\n","protected":false},"featured_media":3700000853065,"comment_status":"open","ping_status":"closed","template":"","meta":{"_acf_changed":false,"_seopress_robots_primary_cat":"80","_seopress_titles_title":"Axkid Minikid 4 Pro","_seopress_titles_desc":"La Axkid Minikid 4 Pro es el resultado de 10 a\u00f1os de experiencia desde la silla de coche original viajando en contra de la marcha. Minikid 4 Pro te ofrece seguridad extendida hasta los 7 a\u00f1os (61-125 cm\/36 kg).","_seopress_robots_index":"","content-type":"","_relevanssi_hide_post":"","_relevanssi_hide_content":"","_relevanssi_pin_for_all":"","_relevanssi_pin_keywords":"","_relevanssi_unpin_keywords":"","_relevanssi_related_keywords":"","_relevanssi_related_include_ids":"","_relevanssi_related_exclude_ids":"","_relevanssi_related_no_append":"","_relevanssi_related_not_related":"","_relevanssi_related_posts":"","_relevanssi_noindex_reason":"","editor_notices":[]},"product_brand":[],"product_cat":[431,584,80,18],"product_tag":[],"class_list":{"0":"post-172408","1":"product","2":"type-product","3":"status-publish","4":"has-post-thumbnail","6":"product_cat-nino-pequeno-toddler","7":"product_cat-campaigns","8":"product_cat-asientos-a-contramarcha","9":"product_cat-todas-las-sillas-de-coche","11":"first","12":"instock","13":"sale","14":"taxable","15":"shipping-taxable","16":"purchasable","17":"product-type-variable","18":"has-default-attributes"},"bundled_by":[],"bundle_stock_status":"instock","bundle_stock_quantity":null,"bundle_virtual":false,"bundle_layout":"","bundle_add_to_cart_form_location":"","bundle_editable_in_cart":false,"bundle_sold_individually_context":"","bundle_item_grouping":"","bundle_min_size":"","bundle_max_size":"","bundle_price":[],"bundled_items":[],"bundle_sell_ids":[],"acf":[],"_links":{"self":[{"href":"https:\/\/axkid.com\/es\/wp-json\/wp\/v2\/product\/172408","targetHints":{"allow":["GET"]}}],"collection":[{"href":"https:\/\/axkid.com\/es\/wp-json\/wp\/v2\/product"}],"about":[{"href":"https:\/\/axkid.com\/es\/wp-json\/wp\/v2\/types\/product"}],"replies":[{"embeddable":true,"href":"https:\/\/axkid.com\/es\/wp-json\/wp\/v2\/comments?post=172408"}],"wp:featuredmedia":[{"embeddable":true,"href":"https:\/\/axkid.com\/es\/wp-json\/"}],"wp:attachment":[{"href":"https:\/\/axkid.com\/es\/wp-json\/wp\/v2\/media?parent=172408"}],"wp:term":[{"taxonomy":"product_brand","embeddable":true,"href":"https:\/\/axkid.com\/es\/wp-json\/wp\/v2\/product_brand?post=172408"},{"taxonomy":"product_cat","embeddable":true,"href":"https:\/\/axkid.com\/es\/wp-json\/wp\/v2\/product_cat?post=172408"},{"taxonomy":"product_tag","embeddable":true,"href":"https:\/\/axkid.com\/es\/wp-json\/wp\/v2\/product_tag?post=172408"}],"curies":[{"name":"wp","href":"https:\/\/api.w.org\/{rel}","templated":true}]}}