{"id":172724,"date":"2025-03-22T11:43:44","date_gmt":"2025-03-22T10:43:44","guid":{"rendered":"https:\/\/axkid.com\/es-2-0\/?post_type=product&#038;p=172724"},"modified":"2026-04-09T11:26:31","modified_gmt":"2026-04-09T10:26:31","slug":"boostkid","status":"publish","type":"product","link":"https:\/\/axkid.com\/es\/product\/boostkid\/","title":{"rendered":"Boostkid"},"content":{"rendered":"<p>Axkid Boostkid es una silla elevadora con respaldo alto segura, adaptable y c\u00f3moda dise\u00f1ada para crecer con tu hijo y adaptarse perfectamente a tu coche. Con su reposacabezas ajustable y tejido suave de primera calidad, proporciona m\u00e1xima comodidad y seguridad para ni\u00f1os de hasta 150 cm.<\/p>\n<h3>Este es Axkid Boostkid<\/h3>\n<ul>\n<li>Aprobado seg\u00fan la normativa R129 y dise\u00f1ado para ni\u00f1os en crecimiento<\/li>\n<li>Dise\u00f1o flexible y adaptable con posibilidad de extraer el respaldo cuando son m\u00e1s mayores para convertirlo en un coj\u00edn elevador.<\/li>\n<li>Instalaci\u00f3n r\u00e1pida: el sistema ISOFIX seguro permite una instalaci\u00f3n r\u00e1pida.<\/li>\n<li>Alta comodidad: el tejido suave de primera calidad, mantiene a su hijo fresco y c\u00f3modo.<\/li>\n<\/ul>\n<p><em>Tenga en cuenta que, aunque Axkid Boostkid est\u00e1 aprobado para alturas de 100 a 150 cm, Axkid recomienda que deje que su hijo permanezca en sentido contrario a la marcha durante el mayor tiempo posible. Preferiblemente, hasta los 125 cm.<\/em><\/p>\n<h3>D\u00e9janos contarte un poco m\u00e1s sobre Axkid Boostkid<\/h3>\n<p><strong>Dise\u00f1ado en Suecia y aprobado de acuerdo con las \u00faltimas normas de seguridad<\/strong><br \/>\nAxkid Boostkid est\u00e1 dise\u00f1ado en Suecia con la seguridad como m\u00e1xima prioridad. El dise\u00f1o compacto garantiza que sea posible instalar tres asientos en fila, lo que lo hace perfecto para familias con varios ni\u00f1os. Con su aprobaci\u00f3n de la normativa R129, puedes estar seguro de que tu hijo viaja en uno de los asientos elevadores m\u00e1s seguros del mercado.<\/p>\n<p>Axkid Boostkid est\u00e1 dise\u00f1ado para crecer con tu hijo y est\u00e1 aprobado para su uso desde los 100 cm hasta los 150 cm, lo que se traduce aproximadamente en una edad de 4 a 12 a\u00f1os. Sin embargo, siempre recomendamos mantener a tu hijo en sentido contrario a la marcha durante el mayor tiempo posible (hasta 125 cm) antes de pasar a una silla elevadora con respaldo alto para una seguridad \u00f3ptima.<\/p>\n<p><span style=\"text-decoration: underline\"><a href=\"https:\/\/axkid.com\/es\/seguridad\/cuando-esta-mi-hijo-listo-para-una-silla-elevadora\/\">\u00bfC\u00f3mo s\u00e9 si mi hijo est\u00e1 listo para una silla elevadora con respaldo alto? Lee m\u00e1s aqu\u00ed \u00bb<\/a><\/span><\/p>\n<h3>Seguro y adaptable a tu hijo y a tu coche<\/h3>\n<p>La silla elevadora con respaldo alto Boostkid de Axkid es la combinaci\u00f3n perfecta de seguridad y adaptabilidad. Su dise\u00f1o \u00fanico hace que podamos aprovechar el asiento de la silla el d\u00eda de ma\u00f1ana para utilizarlo como asiento elevador sin respaldo. La longitud del respaldo alto y las 8 posiciones del reposacabezas garantizan un ajuste perfecto para tu hijo, independientemente de su edad o tama\u00f1o.<\/p>\n<p>Adem\u00e1s de sus caracter\u00edsticas de seguridad, Boostkid tambi\u00e9n se adapta muy bien a tu coche. Su dise\u00f1o compacto permite que se adapte a tres asientos en fila, lo que lo convierte en una opci\u00f3n ideal para familias en movimiento. El \u00e1ngulo flexible del respaldo y la forma adaptable de la silla de coche la hacen perfecta para cualquier tipo de coche, lo que garantiza la seguridad y la comodidad de tu hijo en cada viaje en coche.<\/p>\n<h3>Instalaci\u00f3n f\u00e1cil, r\u00e1pida y segura: silla de coche y ni\u00f1o<\/h3>\n<p>La Axkid Boostkid es incre\u00edblemente sencilla de instalar gracias a su sistema ISOFIX. Este sistema garantiza una instalaci\u00f3n r\u00e1pida y segura que se puede realizar en tan solo unos segundos. Una vez instalada, la silla de coche permanece estable y segura, lo que te proporciona tranquilidad durante cada viaje en coche. Los brazos ISOFIX de la Axkid Boostkid tambi\u00e9n se pliegan autom\u00e1ticamente, lo que hace que la instalaci\u00f3n sea a\u00fan m\u00e1s sencilla.<\/p>\n<p>Garantizar la seguridad de su hijo es r\u00e1pido y f\u00e1cil con el asiento elevador con respaldo alto Boostkid de Axkid. El paso del cintur\u00f3n est\u00e1 dise\u00f1ado para mantener el cintur\u00f3n de seguridad en la posici\u00f3n correcta, lo que es especialmente importante para el cintur\u00f3n de cadera, para garantizar que est\u00e9 colocado correctamente en la pelvis de su hijo. La gu\u00eda del cintur\u00f3n incluida en el asiento elevador tambi\u00e9n ayuda a guiar el cintur\u00f3n de seguridad, evitando que se deslice del hombro o se clave en el cuello, lo que proporciona la m\u00e1xima seguridad y comodidad durante cada viaje. Con el asiento elevador con respaldo alto Boostkid de Axkid, puede estar seguro de que su hijo est\u00e1 seguro y c\u00f3modo cada vez que viaja.<\/p>\n<h3>Gran comodidad para todos los viajes en coche<\/h3>\n<p>El Boostkid de Axkid no solo es uno de los asientos elevadores m\u00e1s seguros del mercado, sino que tambi\u00e9n es muy c\u00f3modo para su hijo. El tejido de primera calidad utilizado en el asiento elevador es suave al tacto, y los detalles de ventilaci\u00f3n en el tejido y la estructura de la carcasa garantizan que su hijo se mantenga fresco y c\u00f3modo incluso durante los viajes en coche m\u00e1s largos.<\/p>\n","protected":false},"excerpt":{"rendered":"<p>Boostkid es un asiento elevador ergon\u00f3mico y seguro, con instalaci\u00f3n de frente a la marcha, dise\u00f1ado para ni\u00f1os hasta 12 a\u00f1os. Cuenta con un cabezal ajustable en altura, respaldo acolchado y laterales envolventes. El dise\u00f1o elegante y ligero lo hace f\u00e1cil de manejar, y los textiles de primera calidad garantizan la m\u00e1xima comodidad. Adem\u00e1s tienes la posibilidad de convertirlo en asiento elevador sin respaldo a partir de los 125cm.<\/p>\n","protected":false},"featured_media":172738,"comment_status":"open","ping_status":"closed","template":"","meta":{"_acf_changed":false,"_seopress_robots_primary_cat":"81","_seopress_titles_title":"","_seopress_titles_desc":"","_seopress_robots_index":"","_seopress_analysis_target_kw":"","content-type":"","_relevanssi_hide_post":"","_relevanssi_hide_content":"","_relevanssi_pin_for_all":"","_relevanssi_pin_keywords":"","_relevanssi_unpin_keywords":"","_relevanssi_related_keywords":"","_relevanssi_related_include_ids":"","_relevanssi_related_exclude_ids":"","_relevanssi_related_no_append":"","_relevanssi_related_not_related":"","_relevanssi_related_posts":"","_relevanssi_noindex_reason":"","editor_notices":[]},"product_brand":[],"product_cat":[81,432,18],"product_tag":[],"class_list":{"0":"post-172724","1":"product","2":"type-product","3":"status-publish","4":"has-post-thumbnail","6":"product_cat-asientos-elevadores","7":"product_cat-nino","8":"product_cat-todas-las-sillas-de-coche","10":"first","11":"outofstock","12":"taxable","13":"shipping-taxable","14":"purchasable","15":"product-type-variable","16":"has-default-attributes"},"bundled_by":[],"bundle_stock_status":"outofstock","bundle_stock_quantity":null,"bundle_virtual":false,"bundle_layout":"","bundle_add_to_cart_form_location":"","bundle_editable_in_cart":false,"bundle_sold_individually_context":"","bundle_item_grouping":"","bundle_min_size":"","bundle_max_size":"","bundle_price":[],"bundled_items":[],"bundle_sell_ids":[],"acf":[],"_links":{"self":[{"href":"https:\/\/axkid.com\/es\/wp-json\/wp\/v2\/product\/172724","targetHints":{"allow":["GET"]}}],"collection":[{"href":"https:\/\/axkid.com\/es\/wp-json\/wp\/v2\/product"}],"about":[{"href":"https:\/\/axkid.com\/es\/wp-json\/wp\/v2\/types\/product"}],"replies":[{"embeddable":true,"href":"https:\/\/axkid.com\/es\/wp-json\/wp\/v2\/comments?post=172724"}],"wp:featuredmedia":[{"embeddable":true,"href":"https:\/\/axkid.com\/es\/wp-json\/wp\/v2\/media\/172738"}],"wp:attachment":[{"href":"https:\/\/axkid.com\/es\/wp-json\/wp\/v2\/media?parent=172724"}],"wp:term":[{"taxonomy":"product_brand","embeddable":true,"href":"https:\/\/axkid.com\/es\/wp-json\/wp\/v2\/product_brand?post=172724"},{"taxonomy":"product_cat","embeddable":true,"href":"https:\/\/axkid.com\/es\/wp-json\/wp\/v2\/product_cat?post=172724"},{"taxonomy":"product_tag","embeddable":true,"href":"https:\/\/axkid.com\/es\/wp-json\/wp\/v2\/product_tag?post=172724"}],"curies":[{"name":"wp","href":"https:\/\/api.w.org\/{rel}","templated":true}]}}