{"id":172931,"date":"2025-03-17T11:35:40","date_gmt":"2025-03-17T10:35:40","guid":{"rendered":"https:\/\/axkid.com\/es-2-0\/?post_type=product&#038;p=172931"},"modified":"2026-04-27T09:07:45","modified_gmt":"2026-04-27T08:07:45","slug":"car-seat-mirror","status":"publish","type":"product","link":"https:\/\/axkid.com\/es\/product\/car-seat-mirror\/","title":{"rendered":"Espejo para silla de coche"},"content":{"rendered":"","protected":false},"excerpt":{"rendered":"<p>Espejo para silla de auto testado en laboratorio de choques, que te permite vigilar a tu hijo sin comprometer la seguridad. Su sistema de doble correa garantiza un ajuste seguro en cualquier reposacabezas. Dise\u00f1ado con ajuste preciso para ofrecer el \u00e1ngulo de visi\u00f3n \u00f3ptimo.<\/p>\n","protected":false},"featured_media":3700000779431,"comment_status":"open","ping_status":"closed","template":"","meta":{"_acf_changed":false,"_seopress_robots_primary_cat":"17","_seopress_titles_title":"","_seopress_titles_desc":"","_seopress_robots_index":"","content-type":"","_relevanssi_hide_post":"","_relevanssi_hide_content":"","_relevanssi_pin_for_all":"","_relevanssi_pin_keywords":"","_relevanssi_unpin_keywords":"","_relevanssi_related_keywords":"","_relevanssi_related_include_ids":"","_relevanssi_related_exclude_ids":"","_relevanssi_related_no_append":"","_relevanssi_related_not_related":"","_relevanssi_related_posts":"","_relevanssi_noindex_reason":"","editor_notices":[]},"product_brand":[],"product_cat":[17],"product_tag":[],"class_list":{"0":"post-172931","1":"product","2":"type-product","3":"status-publish","4":"has-post-thumbnail","6":"product_cat-accesorios","8":"first","9":"outofstock","10":"taxable","11":"shipping-taxable","12":"purchasable","13":"product-type-simple"},"bundled_by":[],"bundle_stock_status":"outofstock","bundle_stock_quantity":0,"bundle_virtual":false,"bundle_layout":"","bundle_add_to_cart_form_location":"","bundle_editable_in_cart":false,"bundle_sold_individually_context":"","bundle_item_grouping":"","bundle_min_size":"","bundle_max_size":"","bundle_price":[],"bundled_items":[],"bundle_sell_ids":[],"acf":[],"_links":{"self":[{"href":"https:\/\/axkid.com\/es\/wp-json\/wp\/v2\/product\/172931","targetHints":{"allow":["GET"]}}],"collection":[{"href":"https:\/\/axkid.com\/es\/wp-json\/wp\/v2\/product"}],"about":[{"href":"https:\/\/axkid.com\/es\/wp-json\/wp\/v2\/types\/product"}],"replies":[{"embeddable":true,"href":"https:\/\/axkid.com\/es\/wp-json\/wp\/v2\/comments?post=172931"}],"wp:featuredmedia":[{"embeddable":true,"href":"https:\/\/axkid.com\/es\/wp-json\/"}],"wp:attachment":[{"href":"https:\/\/axkid.com\/es\/wp-json\/wp\/v2\/media?parent=172931"}],"wp:term":[{"taxonomy":"product_brand","embeddable":true,"href":"https:\/\/axkid.com\/es\/wp-json\/wp\/v2\/product_brand?post=172931"},{"taxonomy":"product_cat","embeddable":true,"href":"https:\/\/axkid.com\/es\/wp-json\/wp\/v2\/product_cat?post=172931"},{"taxonomy":"product_tag","embeddable":true,"href":"https:\/\/axkid.com\/es\/wp-json\/wp\/v2\/product_tag?post=172931"}],"curies":[{"name":"wp","href":"https:\/\/api.w.org\/{rel}","templated":true}]}}