{"id":173423,"date":"2025-04-14T09:37:30","date_gmt":"2025-04-14T08:37:30","guid":{"rendered":"https:\/\/axkid.com\/es\/?post_type=product&#038;p=173423"},"modified":"2026-05-08T10:31:51","modified_gmt":"2026-05-08T09:31:51","slug":"up-1","status":"publish","type":"product","link":"https:\/\/axkid.com\/es\/product\/up-1\/","title":{"rendered":"Up"},"content":{"rendered":"","protected":false},"excerpt":{"rendered":"<p>Axkid Up\u2122 es nuestro asiento elevador con respaldo m\u00e1s avanzado hasta la fecha. Es apta para ni\u00f1os de 4 a 12 a\u00f1os (100-150 cm\/50 kg) y se adapta a tu hijo gracias a su asiento elevable, para garantizar una posici\u00f3n perfecta del cintur\u00f3n. Construida sobre una s\u00f3lida estructura de acero y con pata de apoyo integrada para mayor estabilidad.<\/p>\n","protected":false},"featured_media":3700000853093,"comment_status":"open","ping_status":"closed","template":"","meta":{"_acf_changed":false,"_seopress_robots_primary_cat":"81","_seopress_titles_title":"Axkid Up - Asiento elevador con respaldo alto | Axkid","_seopress_titles_desc":"Axkid Up\u2122: Silla de coche con respaldo para ni\u00f1os de 4 a 12 a\u00f1os (100-150 cm). Silla patentada, estructura de acero y sistema ISOFIX para mayor seguridad.","_seopress_robots_index":"","_seopress_analysis_target_kw":"","content-type":"","_relevanssi_hide_post":"","_relevanssi_hide_content":"","_relevanssi_pin_for_all":"","_relevanssi_pin_keywords":"","_relevanssi_unpin_keywords":"","_relevanssi_related_keywords":"","_relevanssi_related_include_ids":"","_relevanssi_related_exclude_ids":"","_relevanssi_related_no_append":"","_relevanssi_related_not_related":"","_relevanssi_related_posts":"","_relevanssi_noindex_reason":"WooCommerce Exclusi\u00f3n del \u00edndice de Relevanssi","editor_notices":[]},"product_brand":[],"product_cat":[81,432,18],"product_tag":[],"class_list":{"0":"post-173423","1":"product","2":"type-product","3":"status-publish","4":"has-post-thumbnail","6":"product_cat-asientos-elevadores","7":"product_cat-nino","8":"product_cat-todas-las-sillas-de-coche","10":"first","11":"instock","12":"taxable","13":"shipping-taxable","14":"purchasable","15":"product-type-variable","16":"has-default-attributes"},"bundled_by":["173507","174561"],"bundle_stock_status":"instock","bundle_stock_quantity":null,"bundle_virtual":false,"bundle_layout":"","bundle_add_to_cart_form_location":"","bundle_editable_in_cart":false,"bundle_sold_individually_context":"","bundle_item_grouping":"","bundle_min_size":"","bundle_max_size":"","bundle_price":[],"bundled_items":[],"bundle_sell_ids":[],"acf":[],"_links":{"self":[{"href":"https:\/\/axkid.com\/es\/wp-json\/wp\/v2\/product\/173423","targetHints":{"allow":["GET"]}}],"collection":[{"href":"https:\/\/axkid.com\/es\/wp-json\/wp\/v2\/product"}],"about":[{"href":"https:\/\/axkid.com\/es\/wp-json\/wp\/v2\/types\/product"}],"replies":[{"embeddable":true,"href":"https:\/\/axkid.com\/es\/wp-json\/wp\/v2\/comments?post=173423"}],"wp:featuredmedia":[{"embeddable":true,"href":"https:\/\/axkid.com\/es\/wp-json\/"}],"wp:attachment":[{"href":"https:\/\/axkid.com\/es\/wp-json\/wp\/v2\/media?parent=173423"}],"wp:term":[{"taxonomy":"product_brand","embeddable":true,"href":"https:\/\/axkid.com\/es\/wp-json\/wp\/v2\/product_brand?post=173423"},{"taxonomy":"product_cat","embeddable":true,"href":"https:\/\/axkid.com\/es\/wp-json\/wp\/v2\/product_cat?post=173423"},{"taxonomy":"product_tag","embeddable":true,"href":"https:\/\/axkid.com\/es\/wp-json\/wp\/v2\/product_tag?post=173423"}],"curies":[{"name":"wp","href":"https:\/\/api.w.org\/{rel}","templated":true}]}}