{"id":174561,"date":"2026-03-24T10:49:01","date_gmt":"2026-03-24T09:49:01","guid":{"rendered":"https:\/\/axkid.com\/es\/?post_type=product&#038;p=174561"},"modified":"2026-03-24T11:05:51","modified_gmt":"2026-03-24T10:05:51","slug":"up","status":"publish","type":"product","link":"https:\/\/axkid.com\/es\/product\/up\/","title":{"rendered":"Up"},"content":{"rendered":"","protected":false},"excerpt":{"rendered":"<p>Axkid Up\u2122 es nuestro asiento elevador con respaldo m\u00e1s avanzado hasta la fecha. Es apta para ni\u00f1os de 4 a 12 a\u00f1os (100-150 cm\/50 kg) y se adapta a tu hijo gracias a su asiento elevable, para garantizar una posici\u00f3n perfecta del cintur\u00f3n. Construida sobre una s\u00f3lida estructura de acero y con pata de apoyo integrada para mayor estabilidad.<\/p>\n","protected":false},"featured_media":3700000853092,"comment_status":"open","ping_status":"closed","template":"","meta":{"_acf_changed":false,"_seopress_robots_primary_cat":"81","_seopress_titles_title":"Axkid Up - Asiento elevador con respaldo alto | Axkid","_seopress_titles_desc":"Axkid Up\u2122: Silla de coche con respaldo para ni\u00f1os de 4 a 12 a\u00f1os (100-150 cm). Silla patentada, estructura de acero y sistema ISOFIX para mayor seguridad.","_seopress_robots_index":"","content-type":"","_relevanssi_hide_post":"","_relevanssi_hide_content":"","_relevanssi_pin_for_all":"","_relevanssi_pin_keywords":"","_relevanssi_unpin_keywords":"","_relevanssi_related_keywords":"","_relevanssi_related_include_ids":"","_relevanssi_related_exclude_ids":"","_relevanssi_related_no_append":"","_relevanssi_related_not_related":"","_relevanssi_related_posts":"","_relevanssi_noindex_reason":"","editor_notices":[]},"product_brand":[],"product_cat":[81,432,18],"product_tag":[],"class_list":{"0":"post-174561","1":"product","2":"type-product","3":"status-publish","4":"has-post-thumbnail","6":"product_cat-asientos-elevadores","7":"product_cat-nino","8":"product_cat-todas-las-sillas-de-coche","10":"first","11":"instock","12":"taxable","13":"shipping-taxable","14":"purchasable","15":"product-type-bundle"},"bundled_by":[],"bundle_stock_status":"instock","bundle_stock_quantity":6,"bundle_virtual":false,"bundle_layout":"default","bundle_add_to_cart_form_location":"default","bundle_editable_in_cart":false,"bundle_sold_individually_context":"product","bundle_item_grouping":"parent","bundle_min_size":"","bundle_max_size":"","bundle_price":{"price":{"min":{"incl_tax":"499.9","excl_tax":"413.14"},"max":{"incl_tax":"499.9","excl_tax":"413.14"}},"regular_price":{"min":{"incl_tax":"499.9","excl_tax":"413.14"},"max":{"incl_tax":"499.9","excl_tax":"413.14"}}},"bundled_items":[{"bundled_item_id":24,"product_id":173423,"menu_order":0,"quantity_min":1,"quantity_max":1,"quantity_default":1,"priced_individually":true,"shipped_individually":false,"override_title":false,"title":"Up","override_description":false,"description":"","optional":false,"hide_thumbnail":false,"discount":"","override_variations":false,"allowed_variations":[],"override_default_variation_attributes":false,"default_variation_attributes":[],"single_product_visibility":"visible","cart_visibility":"visible","order_visibility":"visible","single_product_price_visibility":"visible","cart_price_visibility":"visible","order_price_visibility":"visible","stock_status":"in_stock"},{"bundled_item_id":25,"product_id":173510,"menu_order":1,"quantity_min":1,"quantity_max":1,"quantity_default":1,"priced_individually":false,"shipped_individually":false,"override_title":false,"title":"Reposapi\u00e9s Up","override_description":false,"description":"","optional":false,"hide_thumbnail":false,"discount":"","override_variations":false,"allowed_variations":[],"override_default_variation_attributes":false,"default_variation_attributes":[],"single_product_visibility":"visible","cart_visibility":"visible","order_visibility":"visible","single_product_price_visibility":"visible","cart_price_visibility":"visible","order_price_visibility":"visible","stock_status":"in_stock"}],"bundle_sell_ids":[],"acf":[],"_links":{"self":[{"href":"https:\/\/axkid.com\/es\/wp-json\/wp\/v2\/product\/174561","targetHints":{"allow":["GET"]}}],"collection":[{"href":"https:\/\/axkid.com\/es\/wp-json\/wp\/v2\/product"}],"about":[{"href":"https:\/\/axkid.com\/es\/wp-json\/wp\/v2\/types\/product"}],"replies":[{"embeddable":true,"href":"https:\/\/axkid.com\/es\/wp-json\/wp\/v2\/comments?post=174561"}],"wp:featuredmedia":[{"embeddable":true,"href":"https:\/\/axkid.com\/es\/wp-json\/"}],"wp:attachment":[{"href":"https:\/\/axkid.com\/es\/wp-json\/wp\/v2\/media?parent=174561"}],"wp:term":[{"taxonomy":"product_brand","embeddable":true,"href":"https:\/\/axkid.com\/es\/wp-json\/wp\/v2\/product_brand?post=174561"},{"taxonomy":"product_cat","embeddable":true,"href":"https:\/\/axkid.com\/es\/wp-json\/wp\/v2\/product_cat?post=174561"},{"taxonomy":"product_tag","embeddable":true,"href":"https:\/\/axkid.com\/es\/wp-json\/wp\/v2\/product_tag?post=174561"}],"curies":[{"name":"wp","href":"https:\/\/api.w.org\/{rel}","templated":true}]}}