{"id":174583,"date":"2026-03-31T13:15:39","date_gmt":"2026-03-31T12:15:39","guid":{"rendered":"https:\/\/axkid.com\/es\/?post_type=product&#038;p=174583"},"modified":"2026-03-31T14:33:33","modified_gmt":"2026-03-31T13:33:33","slug":"axkid-up-x-jon-olsson-1","status":"publish","type":"product","link":"https:\/\/axkid.com\/es\/product\/axkid-up-x-jon-olsson-1\/","title":{"rendered":"Axkid Up x Jon Olsson"},"content":{"rendered":"","protected":false},"excerpt":{"rendered":"<p>Axkid Up\u2122 es la silla de tipo elevador con respaldo alto m\u00e1s avanzada que hemos credo hasta la fecha, y ahora est\u00e1 disponible en una edici\u00f3n limitada creada en colaboraci\u00f3n con Jon Olsson. Apropiada para ni\u00f1os de 4 a 12 a\u00f1os (100\u2013150 cm \/ 50 kg), se adapta al crecimiento de tu hijo gracias a su asiento elevable, lo que ayuda a garantizar una posici\u00f3n \u00f3ptima del cintur\u00f3n. Adem\u00e1s est\u00e1 equipada con una pata de apoyo integrada para dotarla de mayor estabilidad. <\/p>\n","protected":false},"featured_media":3700000853829,"comment_status":"open","ping_status":"closed","template":"","meta":{"_acf_changed":false,"_seopress_robots_primary_cat":"81","_seopress_titles_title":"Axkid Up x Jon Olsson | Axkid","_seopress_titles_desc":"Axkid Up\u2122 es la silla de tipo elevador con respaldo alto m\u00e1s avanzada que hemos credo hasta la fecha, y ahora est\u00e1 disponible en una edici\u00f3n limitada creada en colaboraci\u00f3n con Jon Olsson.","_seopress_robots_index":"","content-type":"","_relevanssi_hide_post":"","_relevanssi_hide_content":"","_relevanssi_pin_for_all":"","_relevanssi_pin_keywords":"","_relevanssi_unpin_keywords":"","_relevanssi_related_keywords":"","_relevanssi_related_include_ids":"","_relevanssi_related_exclude_ids":"","_relevanssi_related_no_append":"","_relevanssi_related_not_related":"","_relevanssi_related_posts":"","_relevanssi_noindex_reason":"WooCommerce Exclusi\u00f3n del \u00edndice de Relevanssi","editor_notices":[]},"product_brand":[],"product_cat":[81,18],"product_tag":[],"class_list":{"0":"post-174583","1":"product","2":"type-product","3":"status-publish","4":"has-post-thumbnail","6":"product_cat-asientos-elevadores","7":"product_cat-todas-las-sillas-de-coche","9":"first","10":"onbackorder","11":"taxable","12":"shipping-taxable","13":"purchasable","14":"product-type-variable","15":"has-default-attributes"},"bundled_by":["174588"],"bundle_stock_status":"onbackorder","bundle_stock_quantity":null,"bundle_virtual":false,"bundle_layout":"","bundle_add_to_cart_form_location":"","bundle_editable_in_cart":false,"bundle_sold_individually_context":"","bundle_item_grouping":"","bundle_min_size":"","bundle_max_size":"","bundle_price":[],"bundled_items":[],"bundle_sell_ids":[],"acf":[],"_links":{"self":[{"href":"https:\/\/axkid.com\/es\/wp-json\/wp\/v2\/product\/174583","targetHints":{"allow":["GET"]}}],"collection":[{"href":"https:\/\/axkid.com\/es\/wp-json\/wp\/v2\/product"}],"about":[{"href":"https:\/\/axkid.com\/es\/wp-json\/wp\/v2\/types\/product"}],"replies":[{"embeddable":true,"href":"https:\/\/axkid.com\/es\/wp-json\/wp\/v2\/comments?post=174583"}],"wp:featuredmedia":[{"embeddable":true,"href":"https:\/\/axkid.com\/es\/wp-json\/"}],"wp:attachment":[{"href":"https:\/\/axkid.com\/es\/wp-json\/wp\/v2\/media?parent=174583"}],"wp:term":[{"taxonomy":"product_brand","embeddable":true,"href":"https:\/\/axkid.com\/es\/wp-json\/wp\/v2\/product_brand?post=174583"},{"taxonomy":"product_cat","embeddable":true,"href":"https:\/\/axkid.com\/es\/wp-json\/wp\/v2\/product_cat?post=174583"},{"taxonomy":"product_tag","embeddable":true,"href":"https:\/\/axkid.com\/es\/wp-json\/wp\/v2\/product_tag?post=174583"}],"curies":[{"name":"wp","href":"https:\/\/api.w.org\/{rel}","templated":true}]}}