{"id":174696,"date":"2026-04-22T12:39:17","date_gmt":"2026-04-22T11:39:17","guid":{"rendered":"https:\/\/axkid.com\/es\/?post_type=product&#038;p=174696"},"modified":"2026-04-24T09:44:04","modified_gmt":"2026-04-24T08:44:04","slug":"zero-pro","status":"publish","type":"product","link":"https:\/\/axkid.com\/es\/product\/zero-pro\/","title":{"rendered":"Zero Pro"},"content":{"rendered":"","protected":false},"excerpt":{"rendered":"<p>Zero Pro es una silla de coche para beb\u00e9 dise\u00f1ada para mantener a tu reci\u00e9n nacido seguro desde el primer d\u00eda. Ligera y f\u00e1cil de transportar, est\u00e1 pensada para proporcionar a los beb\u00e9s m\u00e1s peque\u00f1os el soporte que necesitan desde su primer viaje a casa. Apta de 40 a 87 cm y hasta 13 kg, Zero Pro cuenta con certificaci\u00f3n R129 i-Size y puede instalarse con la Base Zero Pro o con el cintur\u00f3n de seguridad del veh\u00edculo.<\/p>\n","protected":false},"featured_media":174672,"comment_status":"open","ping_status":"closed","template":"","meta":{"_acf_changed":false,"_seopress_robots_primary_cat":"79","_seopress_titles_title":"S\u00e9 experto en sillas de coche","_seopress_titles_desc":"Zero Pro es una silla de coche ligera para beb\u00e9s desde el nacimiento hasta los 15 meses (40\u201387 cm, 0\u201313 kg). Homologaci\u00f3n R129 i-Size y compatible con travel system.","_seopress_robots_index":"","content-type":"","_relevanssi_hide_post":"","_relevanssi_hide_content":"","_relevanssi_pin_for_all":"","_relevanssi_pin_keywords":"","_relevanssi_unpin_keywords":"","_relevanssi_related_keywords":"","_relevanssi_related_include_ids":"","_relevanssi_related_exclude_ids":"","_relevanssi_related_no_append":"","_relevanssi_related_not_related":"","_relevanssi_related_posts":"","_relevanssi_noindex_reason":"","editor_notices":[]},"product_brand":[],"product_cat":[79,18],"product_tag":[],"class_list":{"0":"post-174696","1":"product","2":"type-product","3":"status-publish","4":"has-post-thumbnail","6":"product_cat-asientos-de-coche-para-recien-nacidos-y-bebes","7":"product_cat-todas-las-sillas-de-coche","9":"first","10":"onbackorder","11":"taxable","12":"shipping-taxable","13":"purchasable","14":"product-type-variable","15":"has-default-attributes"},"bundled_by":["174715"],"bundle_stock_status":"onbackorder","bundle_stock_quantity":null,"bundle_virtual":false,"bundle_layout":"","bundle_add_to_cart_form_location":"","bundle_editable_in_cart":false,"bundle_sold_individually_context":"","bundle_item_grouping":"","bundle_min_size":"","bundle_max_size":"","bundle_price":[],"bundled_items":[],"bundle_sell_ids":[],"acf":[],"_links":{"self":[{"href":"https:\/\/axkid.com\/es\/wp-json\/wp\/v2\/product\/174696","targetHints":{"allow":["GET"]}}],"collection":[{"href":"https:\/\/axkid.com\/es\/wp-json\/wp\/v2\/product"}],"about":[{"href":"https:\/\/axkid.com\/es\/wp-json\/wp\/v2\/types\/product"}],"replies":[{"embeddable":true,"href":"https:\/\/axkid.com\/es\/wp-json\/wp\/v2\/comments?post=174696"}],"wp:featuredmedia":[{"embeddable":true,"href":"https:\/\/axkid.com\/es\/wp-json\/wp\/v2\/media\/174672"}],"wp:attachment":[{"href":"https:\/\/axkid.com\/es\/wp-json\/wp\/v2\/media?parent=174696"}],"wp:term":[{"taxonomy":"product_brand","embeddable":true,"href":"https:\/\/axkid.com\/es\/wp-json\/wp\/v2\/product_brand?post=174696"},{"taxonomy":"product_cat","embeddable":true,"href":"https:\/\/axkid.com\/es\/wp-json\/wp\/v2\/product_cat?post=174696"},{"taxonomy":"product_tag","embeddable":true,"href":"https:\/\/axkid.com\/es\/wp-json\/wp\/v2\/product_tag?post=174696"}],"curies":[{"name":"wp","href":"https:\/\/api.w.org\/{rel}","templated":true}]}}