{"id":174713,"date":"2026-04-22T12:52:05","date_gmt":"2026-04-22T11:52:05","guid":{"rendered":"https:\/\/axkid.com\/es\/?post_type=product&#038;p=174713"},"modified":"2026-04-24T13:47:16","modified_gmt":"2026-04-24T12:47:16","slug":"zero-base","status":"publish","type":"product","link":"https:\/\/axkid.com\/es\/product\/zero-base\/","title":{"rendered":"Zero base"},"content":{"rendered":"","protected":false},"excerpt":{"rendered":"<p>La Base Zero est\u00e1 dise\u00f1ada para un uso diario seguro e intuitivo con Zero Pro. Con conectores ISOFIX, pata de apoyo extensible e indicadores de seguridad claros, ayuda a una instalaci\u00f3n segura desde el primer d\u00eda. La fijaci\u00f3n con un solo clic y la rotaci\u00f3n de 180\u00b0 hacen que el uso diario sea m\u00e1s sencillo.<\/p>\n","protected":false},"featured_media":174689,"comment_status":"open","ping_status":"closed","template":"","meta":{"_acf_changed":false,"_seopress_robots_primary_cat":"79","_seopress_titles_title":"","_seopress_titles_desc":"","_seopress_robots_index":"","content-type":"","_relevanssi_hide_post":"","_relevanssi_hide_content":"","_relevanssi_pin_for_all":"","_relevanssi_pin_keywords":"","_relevanssi_unpin_keywords":"","_relevanssi_related_keywords":"","_relevanssi_related_include_ids":"","_relevanssi_related_exclude_ids":"","_relevanssi_related_no_append":"","_relevanssi_related_not_related":"","_relevanssi_related_posts":"","_relevanssi_noindex_reason":"","editor_notices":[]},"product_brand":[],"product_cat":[79,18],"product_tag":[],"class_list":{"0":"post-174713","1":"product","2":"type-product","3":"status-publish","4":"has-post-thumbnail","6":"product_cat-asientos-de-coche-para-recien-nacidos-y-bebes","7":"product_cat-todas-las-sillas-de-coche","9":"first","10":"onbackorder","11":"taxable","12":"shipping-taxable","13":"purchasable","14":"product-type-simple"},"bundled_by":["174715"],"bundle_stock_status":"onbackorder","bundle_stock_quantity":0,"bundle_virtual":false,"bundle_layout":"","bundle_add_to_cart_form_location":"","bundle_editable_in_cart":false,"bundle_sold_individually_context":"","bundle_item_grouping":"","bundle_min_size":"","bundle_max_size":"","bundle_price":[],"bundled_items":[],"bundle_sell_ids":[],"acf":[],"_links":{"self":[{"href":"https:\/\/axkid.com\/es\/wp-json\/wp\/v2\/product\/174713","targetHints":{"allow":["GET"]}}],"collection":[{"href":"https:\/\/axkid.com\/es\/wp-json\/wp\/v2\/product"}],"about":[{"href":"https:\/\/axkid.com\/es\/wp-json\/wp\/v2\/types\/product"}],"replies":[{"embeddable":true,"href":"https:\/\/axkid.com\/es\/wp-json\/wp\/v2\/comments?post=174713"}],"wp:featuredmedia":[{"embeddable":true,"href":"https:\/\/axkid.com\/es\/wp-json\/wp\/v2\/media\/174689"}],"wp:attachment":[{"href":"https:\/\/axkid.com\/es\/wp-json\/wp\/v2\/media?parent=174713"}],"wp:term":[{"taxonomy":"product_brand","embeddable":true,"href":"https:\/\/axkid.com\/es\/wp-json\/wp\/v2\/product_brand?post=174713"},{"taxonomy":"product_cat","embeddable":true,"href":"https:\/\/axkid.com\/es\/wp-json\/wp\/v2\/product_cat?post=174713"},{"taxonomy":"product_tag","embeddable":true,"href":"https:\/\/axkid.com\/es\/wp-json\/wp\/v2\/product_tag?post=174713"}],"curies":[{"name":"wp","href":"https:\/\/api.w.org\/{rel}","templated":true}]}}