{"id":174715,"date":"2026-04-22T13:13:14","date_gmt":"2026-04-22T12:13:14","guid":{"rendered":"https:\/\/axkid.com\/es\/?post_type=product&#038;p=174715"},"modified":"2026-04-24T14:19:40","modified_gmt":"2026-04-24T13:19:40","slug":"bundle-zero-pro-base","status":"publish","type":"product","link":"https:\/\/axkid.com\/es\/product\/bundle-zero-pro-base\/","title":{"rendered":"Bundle: Zero Pro + Base"},"content":{"rendered":"","protected":false},"excerpt":{"rendered":"<p>Zero Pro + Base es un conjunto de silla de coche para beb\u00e9 y base ISOFIX dise\u00f1ado para ofrecer viajes seguros y sencillos desde el primer d\u00eda. Al combinar la ligera Zero Pro con una base ISOFIX giratoria, proporciona una instalaci\u00f3n segura, fijaci\u00f3n con un clic y un manejo diario m\u00e1s f\u00e1cil para familias con reci\u00e9n nacidos. Apta desde 40 a 87 cm y de 0 a 13 kg, la Zero Pro cuenta con certificaci\u00f3n R129 i-Size y est\u00e1 dise\u00f1ada para proteger a los beb\u00e9s desde su primer viaje a casa.<\/p>\n","protected":false},"featured_media":174723,"comment_status":"open","ping_status":"closed","template":"","meta":{"_acf_changed":false,"_seopress_robots_primary_cat":"18","_seopress_titles_title":"Zero Pro + Base | Silla de coche para beb\u00e9 con ISOFIX | Axkid","_seopress_titles_desc":"Zero Pro + Base combina una silla de coche ligera con una base ISOFIX para viajes seguros y sencillos desde el primer d\u00eda.","_seopress_robots_index":"","content-type":"","_relevanssi_hide_post":"","_relevanssi_hide_content":"","_relevanssi_pin_for_all":"","_relevanssi_pin_keywords":"","_relevanssi_unpin_keywords":"","_relevanssi_related_keywords":"","_relevanssi_related_include_ids":"","_relevanssi_related_exclude_ids":"","_relevanssi_related_no_append":"","_relevanssi_related_not_related":"","_relevanssi_related_posts":"","_relevanssi_noindex_reason":"","editor_notices":[]},"product_brand":[],"product_cat":[583,18],"product_tag":[],"class_list":{"0":"post-174715","1":"product","2":"type-product","3":"status-publish","4":"has-post-thumbnail","6":"product_cat-bundles","7":"product_cat-todas-las-sillas-de-coche","9":"first","10":"onbackorder","11":"sale","12":"taxable","13":"shipping-taxable","14":"purchasable","15":"product-type-bundle"},"bundled_by":[],"bundle_stock_status":"instock","bundle_stock_quantity":"","bundle_virtual":false,"bundle_layout":"default","bundle_add_to_cart_form_location":"default","bundle_editable_in_cart":false,"bundle_sold_individually_context":"product","bundle_item_grouping":"parent","bundle_min_size":"","bundle_max_size":"","bundle_price":{"price":{"min":{"incl_tax":"399","excl_tax":"329.76"},"max":{"incl_tax":"399","excl_tax":"329.76"}},"regular_price":{"min":{"incl_tax":"448","excl_tax":"370.25"},"max":{"incl_tax":"448","excl_tax":"370.25"}}},"bundled_items":[{"bundled_item_id":30,"product_id":174696,"menu_order":0,"quantity_min":1,"quantity_max":1,"quantity_default":1,"priced_individually":true,"shipped_individually":false,"override_title":false,"title":"Zero Pro","override_description":false,"description":"","optional":false,"hide_thumbnail":false,"discount":"","override_variations":false,"allowed_variations":[],"override_default_variation_attributes":false,"default_variation_attributes":[],"single_product_visibility":"visible","cart_visibility":"visible","order_visibility":"visible","single_product_price_visibility":"visible","cart_price_visibility":"visible","order_price_visibility":"visible","stock_status":"on_backorder"},{"bundled_item_id":31,"product_id":174713,"menu_order":1,"quantity_min":1,"quantity_max":1,"quantity_default":1,"priced_individually":true,"shipped_individually":false,"override_title":false,"title":"Zero base","override_description":false,"description":"","optional":false,"hide_thumbnail":false,"discount":"24.623116","override_variations":false,"allowed_variations":[],"override_default_variation_attributes":false,"default_variation_attributes":[],"single_product_visibility":"visible","cart_visibility":"visible","order_visibility":"visible","single_product_price_visibility":"visible","cart_price_visibility":"visible","order_price_visibility":"visible","stock_status":"on_backorder"}],"bundle_sell_ids":[],"acf":[],"_links":{"self":[{"href":"https:\/\/axkid.com\/es\/wp-json\/wp\/v2\/product\/174715","targetHints":{"allow":["GET"]}}],"collection":[{"href":"https:\/\/axkid.com\/es\/wp-json\/wp\/v2\/product"}],"about":[{"href":"https:\/\/axkid.com\/es\/wp-json\/wp\/v2\/types\/product"}],"replies":[{"embeddable":true,"href":"https:\/\/axkid.com\/es\/wp-json\/wp\/v2\/comments?post=174715"}],"wp:featuredmedia":[{"embeddable":true,"href":"https:\/\/axkid.com\/es\/wp-json\/wp\/v2\/media\/174723"}],"wp:attachment":[{"href":"https:\/\/axkid.com\/es\/wp-json\/wp\/v2\/media?parent=174715"}],"wp:term":[{"taxonomy":"product_brand","embeddable":true,"href":"https:\/\/axkid.com\/es\/wp-json\/wp\/v2\/product_brand?post=174715"},{"taxonomy":"product_cat","embeddable":true,"href":"https:\/\/axkid.com\/es\/wp-json\/wp\/v2\/product_cat?post=174715"},{"taxonomy":"product_tag","embeddable":true,"href":"https:\/\/axkid.com\/es\/wp-json\/wp\/v2\/product_tag?post=174715"}],"curies":[{"name":"wp","href":"https:\/\/api.w.org\/{rel}","templated":true}]}}