{"id":635,"date":"2019-09-12T09:01:04","date_gmt":"2019-09-12T08:01:04","guid":{"rendered":"\/?post_type=product&#038;p=635"},"modified":"2026-03-17T23:51:23","modified_gmt":"2026-03-17T22:51:23","slug":"attachment-loops","status":"publish","type":"product","link":"https:\/\/axkid.com\/es\/product\/attachment-loops\/","title":{"rendered":"Anillas de fijaci\u00f3n de 70mm"},"content":{"rendered":"<p>Las anillas de fijaci\u00f3n Axkid est\u00e1n dise\u00f1adas para simplificar la instalaci\u00f3n de la silla de auto a contramarcha en tu veh\u00edculo.Vienen dos anillas de sujeci\u00f3n en cada paquete.<\/p>\n","protected":false},"excerpt":{"rendered":"<p>Las anillas de fijaci\u00f3n Axkid est\u00e1n dise\u00f1adas para simplificar la instalaci\u00f3n de la silla de auto a contramarcha en tu veh\u00edculo.Vienen dos anillas de sujeci\u00f3n en cada paquete.<br \/>\nTama\u00f1o: 70mm<\/p>\n","protected":false},"featured_media":825,"comment_status":"open","ping_status":"closed","template":"","meta":{"_acf_changed":false,"_seopress_robots_primary_cat":"438","_seopress_titles_title":"","_seopress_titles_desc":"","_seopress_robots_index":"","content-type":"","_relevanssi_hide_post":"","_relevanssi_hide_content":"","_relevanssi_pin_for_all":"","_relevanssi_pin_keywords":"","_relevanssi_unpin_keywords":"","_relevanssi_related_keywords":"","_relevanssi_related_include_ids":"","_relevanssi_related_exclude_ids":"","_relevanssi_related_no_append":"","_relevanssi_related_not_related":"","_relevanssi_related_posts":"","_relevanssi_noindex_reason":"","editor_notices":[]},"product_brand":[],"product_cat":[17,438],"product_tag":[63],"class_list":{"0":"post-635","1":"product","2":"type-product","3":"status-publish","4":"has-post-thumbnail","6":"product_cat-accesorios","7":"product_cat-correas-de-sujecion-y-bucles-de-fijacion","8":"product_tag-instalacion-de-accesorios","9":"pa_accessories-installation","11":"first","12":"outofstock","13":"taxable","14":"shipping-taxable","15":"purchasable","16":"product-type-simple"},"bundled_by":[],"bundle_stock_status":"outofstock","bundle_stock_quantity":0,"bundle_virtual":false,"bundle_layout":"","bundle_add_to_cart_form_location":"","bundle_editable_in_cart":false,"bundle_sold_individually_context":"","bundle_item_grouping":"","bundle_min_size":"","bundle_max_size":"","bundle_price":[],"bundled_items":[],"bundle_sell_ids":[],"acf":[],"_links":{"self":[{"href":"https:\/\/axkid.com\/es\/wp-json\/wp\/v2\/product\/635","targetHints":{"allow":["GET"]}}],"collection":[{"href":"https:\/\/axkid.com\/es\/wp-json\/wp\/v2\/product"}],"about":[{"href":"https:\/\/axkid.com\/es\/wp-json\/wp\/v2\/types\/product"}],"replies":[{"embeddable":true,"href":"https:\/\/axkid.com\/es\/wp-json\/wp\/v2\/comments?post=635"}],"wp:featuredmedia":[{"embeddable":true,"href":"https:\/\/axkid.com\/es\/wp-json\/wp\/v2\/media\/825"}],"wp:attachment":[{"href":"https:\/\/axkid.com\/es\/wp-json\/wp\/v2\/media?parent=635"}],"wp:term":[{"taxonomy":"product_brand","embeddable":true,"href":"https:\/\/axkid.com\/es\/wp-json\/wp\/v2\/product_brand?post=635"},{"taxonomy":"product_cat","embeddable":true,"href":"https:\/\/axkid.com\/es\/wp-json\/wp\/v2\/product_cat?post=635"},{"taxonomy":"product_tag","embeddable":true,"href":"https:\/\/axkid.com\/es\/wp-json\/wp\/v2\/product_tag?post=635"}],"curies":[{"name":"wp","href":"https:\/\/api.w.org\/{rel}","templated":true}]}}