{"id":813,"date":"2019-08-24T13:27:07","date_gmt":"2019-08-24T12:27:07","guid":{"rendered":"\/?post_type=product&#038;p=813"},"modified":"2026-02-11T16:21:14","modified_gmt":"2026-02-11T15:21:14","slug":"baby-cushion","status":"publish","type":"product","link":"https:\/\/axkid.com\/es\/product\/baby-cushion\/","title":{"rendered":"Baby cushion standard"},"content":{"rendered":"<p>Coj\u00edn suave dise\u00f1ado para proporcionar un mejor soporte a los ni\u00f1os m\u00e1s peque\u00f1os. Eleva al ni\u00f1o para una mejor colocaci\u00f3n del cintur\u00f3n de seguridad, permitiendo que viaje de manera m\u00e1s c\u00f3moda y segura. Compatible con todos los asientos de coche orientados a contramarcha de Axkid.<\/p>\n","protected":false},"excerpt":{"rendered":"<p>Coj\u00edn suave dise\u00f1ado para proporcionar un mejor soporte a los ni\u00f1os m\u00e1s peque\u00f1os. Eleva al ni\u00f1o para una mejor colocaci\u00f3n del cintur\u00f3n de seguridad, permitiendo que viaje de manera m\u00e1s c\u00f3moda y segura. Compatible con todos los asientos de coche orientados a contramarcha de Axkid.<\/p>\n","protected":false},"featured_media":818,"comment_status":"open","ping_status":"closed","template":"","meta":{"_acf_changed":false,"_seopress_robots_primary_cat":"435","_seopress_titles_title":"","_seopress_titles_desc":"","_seopress_robots_index":"","content-type":"","_relevanssi_hide_post":"","_relevanssi_hide_content":"","_relevanssi_pin_for_all":"","_relevanssi_pin_keywords":"","_relevanssi_unpin_keywords":"","_relevanssi_related_keywords":"","_relevanssi_related_include_ids":"","_relevanssi_related_exclude_ids":"","_relevanssi_related_no_append":"","_relevanssi_related_not_related":"","_relevanssi_related_posts":"","_relevanssi_noindex_reason":"","editor_notices":[]},"product_brand":[],"product_cat":[17,435],"product_tag":[94],"class_list":{"0":"post-813","1":"product","2":"type-product","3":"status-publish","4":"has-post-thumbnail","6":"product_cat-accesorios","7":"product_cat-insertos-y-almohadillas-para-asientos-de-automovil","8":"product_tag-accesorios-para-la-comodidad-y-proteccion","9":"pa_accessories-comfort-protection","11":"first","12":"instock","13":"taxable","14":"shipping-taxable","15":"purchasable","16":"product-type-simple"},"bundled_by":[],"bundle_stock_status":"instock","bundle_stock_quantity":19,"bundle_virtual":false,"bundle_layout":"","bundle_add_to_cart_form_location":"","bundle_editable_in_cart":false,"bundle_sold_individually_context":"","bundle_item_grouping":"","bundle_min_size":"","bundle_max_size":"","bundle_price":[],"bundled_items":[],"bundle_sell_ids":[],"acf":[],"_links":{"self":[{"href":"https:\/\/axkid.com\/es\/wp-json\/wp\/v2\/product\/813","targetHints":{"allow":["GET"]}}],"collection":[{"href":"https:\/\/axkid.com\/es\/wp-json\/wp\/v2\/product"}],"about":[{"href":"https:\/\/axkid.com\/es\/wp-json\/wp\/v2\/types\/product"}],"replies":[{"embeddable":true,"href":"https:\/\/axkid.com\/es\/wp-json\/wp\/v2\/comments?post=813"}],"wp:featuredmedia":[{"embeddable":true,"href":"https:\/\/axkid.com\/es\/wp-json\/wp\/v2\/media\/818"}],"wp:attachment":[{"href":"https:\/\/axkid.com\/es\/wp-json\/wp\/v2\/media?parent=813"}],"wp:term":[{"taxonomy":"product_brand","embeddable":true,"href":"https:\/\/axkid.com\/es\/wp-json\/wp\/v2\/product_brand?post=813"},{"taxonomy":"product_cat","embeddable":true,"href":"https:\/\/axkid.com\/es\/wp-json\/wp\/v2\/product_cat?post=813"},{"taxonomy":"product_tag","embeddable":true,"href":"https:\/\/axkid.com\/es\/wp-json\/wp\/v2\/product_tag?post=813"}],"curies":[{"name":"wp","href":"https:\/\/api.w.org\/{rel}","templated":true}]}}