{"id":195,"date":"2019-06-17T08:15:36","date_gmt":"2019-06-17T08:15:36","guid":{"rendered":"\/?page_id=195"},"modified":"2025-03-13T13:54:54","modified_gmt":"2025-03-13T12:54:54","slug":"ota-yhteytta","status":"publish","type":"page","link":"https:\/\/axkid.com\/fi\/ota-yhteytta\/","title":{"rendered":"Ota yhteytt\u00e4"},"content":{"rendered":"\n<div class=\"container-fluid p-0 full-width-img-container\">\n    <div class=\"image-container\">\n\n                        <img decoding=\"async\"\n                    src=\"https:\/\/axkid.com\/app\/uploads\/b8ad2323-axkid-contact-picture.jpg\"\n                    alt=\"Axkid\"\n                    class=\"w-100 p-0 full-width-desktop\"\n                \/>\n                \n                    <div class=\"overlay\">\n\n                                                        <h2>\n                        Ota yhteytt\u00e4                    <\/h2>\n                \n                \n            <\/div> <!-- .overlay -->\n        \n    <\/div> <!-- .image-container -->\n<\/div> <!-- .container-fluid -->\n\n\n\n<div class=\"wp-block-columns is-layout-flex wp-container-core-columns-is-layout-9d6595d7 wp-block-columns-is-layout-flex\">\n<div class=\"wp-block-column is-layout-flow wp-block-column-is-layout-flow\">\n<p><br>Olemme tukena jos sinulla on kysytt\u00e4v\u00e4\u00e4, ongelmia tai ehdotuksia. Haluamme my\u00f6s mielell\u00e4mme kuulla jos haluat tehd\u00e4 yhteisty\u00f6t\u00e4 tai ryhty\u00e4 yhteisty\u00f6kumppaniksemme.<br>Valitse pyynt\u00f6si syy. Se auttaa meit\u00e4 k\u00e4sittelem\u00e4\u00e4n pyynt\u00f6si mahdollisimman nopeasti. Pyrimme aina vastaamaan sinulle v\u00e4hint\u00e4\u00e4n 48 tunnin kuluessa. Odotamme innolla yhteydenottoasi!<\/p>\n\n\n\n<div class=\"wp-block-buttons is-horizontal is-content-justification-center is-layout-flex wp-container-core-buttons-is-layout-499968f5 wp-block-buttons-is-layout-flex\">\n<div class=\"wp-block-button\"><a class=\"wp-block-button__link wp-element-button\" href=\"https:\/\/axkid.com\/fi\/faq\/\" rel=\"https:\/\/axkid.com\/fi\/frequently-asked-questions\/\">FAQ<\/a><\/div>\n<\/div>\n<\/div>\n<\/div>\n\n\n\n<div class=\"wp-block-columns is-layout-flex wp-container-core-columns-is-layout-9d6595d7 wp-block-columns-is-layout-flex\">\n<div class=\"wp-block-column is-layout-flow wp-block-column-is-layout-flow\">\n<p class=\"has-text-align-center\"><strong>Koskeeko asiasi korjauksia, reklamaatioita tai takuuta?<\/strong><\/p>\n\n\n\n<div class=\"wp-block-buttons is-content-justification-center is-layout-flex wp-container-core-buttons-is-layout-16018d1d wp-block-buttons-is-layout-flex\">\n<div class=\"wp-block-button\"><a class=\"wp-block-button__link wp-element-button\" href=\"https:\/\/axkid.com\/fi\/palautus-peruutusoikeus-ja-takuu\/\" rel=\"https:\/\/axkid.com\/fi\/return-right-of-withdrawal-and-warranty\/warranty-claims-return-form\/\">Klikkaa t\u00e4st\u00e4<\/a><\/div>\n<\/div>\n<\/div>\n<\/div>\n\n\n\n\t\t\t\t\t\t<script>\n\t\t\t\t\t\t\twindow.hsFormsOnReady = window.hsFormsOnReady || [];\n\t\t\t\t\t\t\twindow.hsFormsOnReady.push(()=>{\n\t\t\t\t\t\t\t\thbspt.forms.create({\n\t\t\t\t\t\t\t\t\tportalId: 7184819,\n\t\t\t\t\t\t\t\t\tformId: \"a220fcd0-17f4-4e0c-91fa-bae93a12c7cb\",\n\t\t\t\t\t\t\t\t\ttarget: \"#hbspt-form-1776211222000-2209434075\",\n\t\t\t\t\t\t\t\t\tregion: \"na1\",\n\t\t\t\t\t\t\t\t\t\n\t\t\t\t\t\t\t})});\n\t\t\t\t\t\t<\/script>\n\t\t\t\t\t\t<div class=\"hbspt-form\" id=\"hbspt-form-1776211222000-2209434075\"><\/div>\n","protected":false},"excerpt":{"rendered":"<p>Olemme tukena jos sinulla on kysytt\u00e4v\u00e4\u00e4, ongelmia tai ehdotuksia. Haluamme my\u00f6s mielell\u00e4mme kuulla jos haluat tehd\u00e4 yhteisty\u00f6t\u00e4 tai ryhty\u00e4 yhteisty\u00f6kumppaniksemme.Valitse&#8230; <\/br><a class=\"read-more text-decoration-none\" href=\"https:\/\/axkid.com\/fi\/ota-yhteytta\/\">Lue koko artikkeli<\/a><\/p>\n","protected":false},"author":29,"featured_media":0,"parent":0,"menu_order":0,"comment_status":"closed","ping_status":"closed","template":"","meta":{"_acf_changed":false,"_seopress_robots_primary_cat":"","_seopress_titles_title":"Ota yhteytt\u00e4 | Kysymyksi\u00e4? T\u00e4yt\u00e4 lomake | Axkid","_seopress_titles_desc":"Autamme sinua tuotteisiimme liittyviss\u00e4 kysymyksiss\u00e4 ja ongelmissa. T\u00e4\u00e4lt\u00e4 voit my\u00f6s l\u00e4hett\u00e4\u00e4 pyynn\u00f6n yhteisty\u00f6st\u00e4.","_seopress_robots_index":"","content-type":"","_relevanssi_hide_post":"","_relevanssi_hide_content":"","_relevanssi_pin_for_all":"","_relevanssi_pin_keywords":"","_relevanssi_unpin_keywords":"","_relevanssi_related_keywords":"","_relevanssi_related_include_ids":"","_relevanssi_related_exclude_ids":"","_relevanssi_related_no_append":"","_relevanssi_related_not_related":"","_relevanssi_related_posts":"21623,21624,21626,21634,21638,21639","_relevanssi_noindex_reason":"","editor_notices":[],"footnotes":""},"class_list":["post-195","page","type-page","status-publish","hentry"],"acf":[],"jetpack_sharing_enabled":true,"_links":{"self":[{"href":"https:\/\/axkid.com\/fi\/wp-json\/wp\/v2\/pages\/195","targetHints":{"allow":["GET"]}}],"collection":[{"href":"https:\/\/axkid.com\/fi\/wp-json\/wp\/v2\/pages"}],"about":[{"href":"https:\/\/axkid.com\/fi\/wp-json\/wp\/v2\/types\/page"}],"author":[{"embeddable":true,"href":"https:\/\/axkid.com\/fi\/wp-json\/wp\/v2\/users\/29"}],"replies":[{"embeddable":true,"href":"https:\/\/axkid.com\/fi\/wp-json\/wp\/v2\/comments?post=195"}],"version-history":[{"count":43,"href":"https:\/\/axkid.com\/fi\/wp-json\/wp\/v2\/pages\/195\/revisions"}],"predecessor-version":[{"id":174210,"href":"https:\/\/axkid.com\/fi\/wp-json\/wp\/v2\/pages\/195\/revisions\/174210"}],"wp:attachment":[{"href":"https:\/\/axkid.com\/fi\/wp-json\/wp\/v2\/media?parent=195"}],"curies":[{"name":"wp","href":"https:\/\/api.w.org\/{rel}","templated":true}]}}