{"id":15322,"date":"2023-05-03T12:35:21","date_gmt":"2023-05-03T11:35:21","guid":{"rendered":"https:\/\/axkid.com\/?post_type=product&#038;p=15322"},"modified":"2026-04-13T16:13:45","modified_gmt":"2026-04-13T13:13:45","slug":"vyopehmusteet-vyolukon-pehmuste-minikid-3-ja-4","status":"publish","type":"product","link":"https:\/\/axkid.com\/fi\/product\/vyopehmusteet-vyolukon-pehmuste-minikid-3-ja-4\/","title":{"rendered":"Vy\u00f6pehmusteet + vy\u00f6lukon pehmuste Minikid 3 ja 4"},"content":{"rendered":"<p>2 kpl vy\u00f6pehmusteet ja 1 vy\u00f6lukon pehmuste Axkid Minikid 3 ja 4 istuimiin. Saatavana v\u00e4reiss\u00e4 Tar ja Granite Melange.<\/p>\n","protected":false},"excerpt":{"rendered":"<p>2 kpl vy\u00f6pehmusteet ja 1 vy\u00f6lukon pehmuste Axkid Minikid 3 ja 4 istuimiin. Saatavana v\u00e4reiss\u00e4 Tar ja Granite Melange.<\/p>\n","protected":false},"featured_media":15325,"comment_status":"closed","ping_status":"closed","template":"","meta":{"_acf_changed":false,"_seopress_robots_primary_cat":"435","_seopress_titles_title":"","_seopress_titles_desc":"","_seopress_robots_index":"","content-type":"","_relevanssi_hide_post":"","_relevanssi_hide_content":"","_relevanssi_pin_for_all":"","_relevanssi_pin_keywords":"","_relevanssi_unpin_keywords":"","_relevanssi_related_keywords":"","_relevanssi_related_include_ids":"","_relevanssi_related_exclude_ids":"","_relevanssi_related_no_append":"","_relevanssi_related_not_related":"","_relevanssi_related_posts":"","_relevanssi_noindex_reason":"","editor_notices":[]},"product_brand":[],"product_cat":[435,375],"product_tag":[],"class_list":{"0":"post-15322","1":"product","2":"type-product","3":"status-publish","4":"has-post-thumbnail","6":"product_cat-lisatuet-ja-tyynyt","7":"product_cat-varaosat","9":"first","10":"instock","11":"taxable","12":"shipping-taxable","13":"purchasable","14":"product-type-variable","15":"has-default-attributes"},"bundled_by":[],"bundle_stock_status":"instock","bundle_stock_quantity":null,"bundle_virtual":false,"bundle_layout":"","bundle_add_to_cart_form_location":"","bundle_editable_in_cart":false,"bundle_sold_individually_context":"","bundle_item_grouping":"","bundle_min_size":"","bundle_max_size":"","bundle_price":[],"bundled_items":[],"bundle_sell_ids":[],"acf":[],"jetpack_sharing_enabled":true,"_links":{"self":[{"href":"https:\/\/axkid.com\/fi\/wp-json\/wp\/v2\/product\/15322","targetHints":{"allow":["GET"]}}],"collection":[{"href":"https:\/\/axkid.com\/fi\/wp-json\/wp\/v2\/product"}],"about":[{"href":"https:\/\/axkid.com\/fi\/wp-json\/wp\/v2\/types\/product"}],"replies":[{"embeddable":true,"href":"https:\/\/axkid.com\/fi\/wp-json\/wp\/v2\/comments?post=15322"}],"wp:featuredmedia":[{"embeddable":true,"href":"https:\/\/axkid.com\/fi\/wp-json\/wp\/v2\/media\/15325"}],"wp:attachment":[{"href":"https:\/\/axkid.com\/fi\/wp-json\/wp\/v2\/media?parent=15322"}],"wp:term":[{"taxonomy":"product_brand","embeddable":true,"href":"https:\/\/axkid.com\/fi\/wp-json\/wp\/v2\/product_brand?post=15322"},{"taxonomy":"product_cat","embeddable":true,"href":"https:\/\/axkid.com\/fi\/wp-json\/wp\/v2\/product_cat?post=15322"},{"taxonomy":"product_tag","embeddable":true,"href":"https:\/\/axkid.com\/fi\/wp-json\/wp\/v2\/product_tag?post=15322"}],"curies":[{"name":"wp","href":"https:\/\/api.w.org\/{rel}","templated":true}]}}