{"id":15364,"date":"2023-05-03T10:59:06","date_gmt":"2023-05-03T09:59:06","guid":{"rendered":"https:\/\/axkid.com\/?post_type=product&#038;p=15364"},"modified":"2026-04-25T15:13:33","modified_gmt":"2026-04-25T12:13:33","slug":"minikid-2-0-paallinen","status":"publish","type":"product","link":"https:\/\/axkid.com\/fi\/product\/minikid-2-0-paallinen\/","title":{"rendered":"Minikid 2.0 p\u00e4\u00e4llinen"},"content":{"rendered":"<p>Axkid Minikid vaihtop\u00e4\u00e4llinen Minikid 2.0 sopii vuoden 2018 mallin Minikid 2:een, ei Minikid 2 2022\/23 malliin.<\/p>\n<p>Huom. Vain p\u00e4\u00e4llinen, ei sis\u00e4ll\u00e4 vy\u00f6pehmusteet eik\u00e4 vy\u00f6lukon pehmuste (myyd\u00e4\u00e4n erikseen).<\/p>\n","protected":false},"excerpt":{"rendered":"<p>Axkid Minikid vaihtop\u00e4\u00e4llinen Minikid 2.0 sopii vuoden 2018 mallin Minikid 2:een, ei Minikid 2 2022\/23 malliin.<\/p>\n<p>Huom. Vain p\u00e4\u00e4llinen, ei sis\u00e4ll\u00e4 vy\u00f6pehmusteet eik\u00e4 vy\u00f6lukon pehmuste (myyd\u00e4\u00e4n erikseen).<\/p>\n","protected":false},"featured_media":15379,"comment_status":"closed","ping_status":"closed","template":"","meta":{"_acf_changed":false,"_seopress_robots_primary_cat":"434","_seopress_titles_title":"","_seopress_titles_desc":"","_seopress_robots_index":"","content-type":"","_relevanssi_hide_post":"","_relevanssi_hide_content":"","_relevanssi_pin_for_all":"","_relevanssi_pin_keywords":"","_relevanssi_unpin_keywords":"","_relevanssi_related_keywords":"","_relevanssi_related_include_ids":"","_relevanssi_related_exclude_ids":"","_relevanssi_related_no_append":"","_relevanssi_related_not_related":"","_relevanssi_related_posts":"","_relevanssi_noindex_reason":"","editor_notices":[]},"product_brand":[],"product_cat":[434,375],"product_tag":[],"class_list":{"0":"post-15364","1":"product","2":"type-product","3":"status-publish","4":"has-post-thumbnail","6":"product_cat-istuinpaalliset","7":"product_cat-varaosat","9":"first","10":"instock","11":"sale","12":"taxable","13":"shipping-taxable","14":"purchasable","15":"product-type-variable","16":"has-default-attributes"},"bundled_by":[],"bundle_stock_status":"instock","bundle_stock_quantity":null,"bundle_virtual":false,"bundle_layout":"","bundle_add_to_cart_form_location":"","bundle_editable_in_cart":false,"bundle_sold_individually_context":"","bundle_item_grouping":"","bundle_min_size":"","bundle_max_size":"","bundle_price":[],"bundled_items":[],"bundle_sell_ids":[],"acf":[],"jetpack_sharing_enabled":true,"_links":{"self":[{"href":"https:\/\/axkid.com\/fi\/wp-json\/wp\/v2\/product\/15364","targetHints":{"allow":["GET"]}}],"collection":[{"href":"https:\/\/axkid.com\/fi\/wp-json\/wp\/v2\/product"}],"about":[{"href":"https:\/\/axkid.com\/fi\/wp-json\/wp\/v2\/types\/product"}],"replies":[{"embeddable":true,"href":"https:\/\/axkid.com\/fi\/wp-json\/wp\/v2\/comments?post=15364"}],"wp:featuredmedia":[{"embeddable":true,"href":"https:\/\/axkid.com\/fi\/wp-json\/wp\/v2\/media\/15379"}],"wp:attachment":[{"href":"https:\/\/axkid.com\/fi\/wp-json\/wp\/v2\/media?parent=15364"}],"wp:term":[{"taxonomy":"product_brand","embeddable":true,"href":"https:\/\/axkid.com\/fi\/wp-json\/wp\/v2\/product_brand?post=15364"},{"taxonomy":"product_cat","embeddable":true,"href":"https:\/\/axkid.com\/fi\/wp-json\/wp\/v2\/product_cat?post=15364"},{"taxonomy":"product_tag","embeddable":true,"href":"https:\/\/axkid.com\/fi\/wp-json\/wp\/v2\/product_tag?post=15364"}],"curies":[{"name":"wp","href":"https:\/\/api.w.org\/{rel}","templated":true}]}}