{"id":173477,"date":"2025-01-21T10:43:34","date_gmt":"2025-01-21T09:43:34","guid":{"rendered":"https:\/\/axkid.com\/fi-2-0\/?post_type=product&#038;p=173477"},"modified":"2026-04-26T08:13:40","modified_gmt":"2026-04-26T05:13:40","slug":"mate-2-isofix","status":"publish","type":"product","link":"https:\/\/axkid.com\/fi\/product\/mate-2-isofix\/","title":{"rendered":"Mate 2 ISOFIX"},"content":{"rendered":"","protected":false},"excerpt":{"rendered":"<p>Mate 2 ISOFIX on 135-150 cm pituisille lapsille suunniteltu monipuolinen ja kevyt istuinkoroke, joka tarjoaa lis\u00e4turvaa ulosvedett\u00e4vien ISOFIX-kiinnikkeiden avulla. T\u00e4m\u00e4 istuinkoroke varmistaa ett\u00e4 auton kolmipisteturvavy\u00f6 asettuu optimaalisesti lapsen vartalon yli ja lapsi voi hy\u00f6dynt\u00e4\u00e4 auton oman turvaj\u00e4rjestelm\u00e4n suojaa.<\/p>\n","protected":false},"featured_media":173478,"comment_status":"open","ping_status":"closed","template":"","meta":{"_acf_changed":false,"_seopress_robots_primary_cat":"81","_seopress_titles_title":"","_seopress_titles_desc":"","_seopress_robots_index":"","content-type":"","_relevanssi_hide_post":"","_relevanssi_hide_content":"","_relevanssi_pin_for_all":"","_relevanssi_pin_keywords":"","_relevanssi_unpin_keywords":"","_relevanssi_related_keywords":"","_relevanssi_related_include_ids":"","_relevanssi_related_exclude_ids":"","_relevanssi_related_no_append":"","_relevanssi_related_not_related":"","_relevanssi_related_posts":"","_relevanssi_noindex_reason":"","editor_notices":[]},"product_brand":[],"product_cat":[432,18,81],"product_tag":[],"class_list":{"0":"post-173477","1":"product","2":"type-product","3":"status-publish","4":"has-post-thumbnail","6":"product_cat-isommat-lapset","7":"product_cat-kaikki-turvaistuimet","8":"product_cat-turvavyoistuimet","10":"first","11":"outofstock","12":"taxable","13":"shipping-taxable","14":"purchasable","15":"product-type-variable","16":"has-default-attributes"},"bundled_by":[],"bundle_stock_status":"outofstock","bundle_stock_quantity":null,"bundle_virtual":false,"bundle_layout":"","bundle_add_to_cart_form_location":"","bundle_editable_in_cart":false,"bundle_sold_individually_context":"","bundle_item_grouping":"","bundle_min_size":"","bundle_max_size":"","bundle_price":[],"bundled_items":[],"bundle_sell_ids":[],"acf":[],"jetpack_sharing_enabled":true,"_links":{"self":[{"href":"https:\/\/axkid.com\/fi\/wp-json\/wp\/v2\/product\/173477","targetHints":{"allow":["GET"]}}],"collection":[{"href":"https:\/\/axkid.com\/fi\/wp-json\/wp\/v2\/product"}],"about":[{"href":"https:\/\/axkid.com\/fi\/wp-json\/wp\/v2\/types\/product"}],"replies":[{"embeddable":true,"href":"https:\/\/axkid.com\/fi\/wp-json\/wp\/v2\/comments?post=173477"}],"wp:featuredmedia":[{"embeddable":true,"href":"https:\/\/axkid.com\/fi\/wp-json\/wp\/v2\/media\/173478"}],"wp:attachment":[{"href":"https:\/\/axkid.com\/fi\/wp-json\/wp\/v2\/media?parent=173477"}],"wp:term":[{"taxonomy":"product_brand","embeddable":true,"href":"https:\/\/axkid.com\/fi\/wp-json\/wp\/v2\/product_brand?post=173477"},{"taxonomy":"product_cat","embeddable":true,"href":"https:\/\/axkid.com\/fi\/wp-json\/wp\/v2\/product_cat?post=173477"},{"taxonomy":"product_tag","embeddable":true,"href":"https:\/\/axkid.com\/fi\/wp-json\/wp\/v2\/product_tag?post=173477"}],"curies":[{"name":"wp","href":"https:\/\/api.w.org\/{rel}","templated":true}]}}