{"id":173485,"date":"2025-01-23T10:23:40","date_gmt":"2025-01-23T09:23:40","guid":{"rendered":"https:\/\/axkid.com\/fi-2-0\/?post_type=product&#038;p=173485"},"modified":"2026-04-10T10:40:50","modified_gmt":"2026-04-10T07:40:50","slug":"boostkid","status":"publish","type":"product","link":"https:\/\/axkid.com\/fi\/product\/boostkid\/","title":{"rendered":"Boostkid"},"content":{"rendered":"","protected":false},"excerpt":{"rendered":"<p>Vanhemmille lapsille suunniteltu kasvot menosuuntaan suunnattu turvavy\u00f6istuin. Boostkid on turvallinen ja mukava istuin, jossa on s\u00e4\u00e4dett\u00e4v\u00e4 p\u00e4\u00e4ntuki, pehmustettu selk\u00e4noja, suojaavat sivutuet ja ensiluokkaiset kankaat. Asennetaan isofixin (ei pakollinen) ja auton 3-pisteturvavy\u00f6n avulla.<\/p>\n","protected":false},"featured_media":173486,"comment_status":"open","ping_status":"closed","template":"","meta":{"_acf_changed":false,"_seopress_robots_primary_cat":"81","_seopress_titles_title":"","_seopress_titles_desc":"","_seopress_robots_index":"","content-type":"","_relevanssi_hide_post":"","_relevanssi_hide_content":"","_relevanssi_pin_for_all":"","_relevanssi_pin_keywords":"","_relevanssi_unpin_keywords":"","_relevanssi_related_keywords":"","_relevanssi_related_include_ids":"","_relevanssi_related_exclude_ids":"","_relevanssi_related_no_append":"","_relevanssi_related_not_related":"","_relevanssi_related_posts":"","_relevanssi_noindex_reason":"","editor_notices":[]},"product_brand":[],"product_cat":[432,18,81],"product_tag":[],"class_list":{"0":"post-173485","1":"product","2":"type-product","3":"status-publish","4":"has-post-thumbnail","6":"product_cat-isommat-lapset","7":"product_cat-kaikki-turvaistuimet","8":"product_cat-turvavyoistuimet","10":"first","11":"instock","12":"taxable","13":"shipping-taxable","14":"purchasable","15":"product-type-variable","16":"has-default-attributes"},"bundled_by":[],"bundle_stock_status":"instock","bundle_stock_quantity":null,"bundle_virtual":false,"bundle_layout":"","bundle_add_to_cart_form_location":"","bundle_editable_in_cart":false,"bundle_sold_individually_context":"","bundle_item_grouping":"","bundle_min_size":"","bundle_max_size":"","bundle_price":[],"bundled_items":[],"bundle_sell_ids":[],"acf":[],"jetpack_sharing_enabled":true,"_links":{"self":[{"href":"https:\/\/axkid.com\/fi\/wp-json\/wp\/v2\/product\/173485","targetHints":{"allow":["GET"]}}],"collection":[{"href":"https:\/\/axkid.com\/fi\/wp-json\/wp\/v2\/product"}],"about":[{"href":"https:\/\/axkid.com\/fi\/wp-json\/wp\/v2\/types\/product"}],"replies":[{"embeddable":true,"href":"https:\/\/axkid.com\/fi\/wp-json\/wp\/v2\/comments?post=173485"}],"wp:featuredmedia":[{"embeddable":true,"href":"https:\/\/axkid.com\/fi\/wp-json\/wp\/v2\/media\/173486"}],"wp:attachment":[{"href":"https:\/\/axkid.com\/fi\/wp-json\/wp\/v2\/media?parent=173485"}],"wp:term":[{"taxonomy":"product_brand","embeddable":true,"href":"https:\/\/axkid.com\/fi\/wp-json\/wp\/v2\/product_brand?post=173485"},{"taxonomy":"product_cat","embeddable":true,"href":"https:\/\/axkid.com\/fi\/wp-json\/wp\/v2\/product_cat?post=173485"},{"taxonomy":"product_tag","embeddable":true,"href":"https:\/\/axkid.com\/fi\/wp-json\/wp\/v2\/product_tag?post=173485"}],"curies":[{"name":"wp","href":"https:\/\/api.w.org\/{rel}","templated":true}]}}