{"id":173790,"date":"2025-01-28T12:56:11","date_gmt":"2025-01-28T11:56:11","guid":{"rendered":"https:\/\/axkid.com\/fi-2-0\/?post_type=product&#038;p=173790"},"modified":"2026-04-22T09:59:04","modified_gmt":"2026-04-22T06:59:04","slug":"spinkid-2","status":"publish","type":"product","link":"https:\/\/axkid.com\/fi\/product\/spinkid-2\/","title":{"rendered":"Spinkid 2"},"content":{"rendered":"","protected":false},"excerpt":{"rendered":"<p>Spinkid 2 on 180\u00b0 k\u00e4\u00e4ntyv\u00e4 turvaistuin joka tarjoaa monipuolisen joustavuuden vastasyntyneest\u00e4 4-vuotiaaksi (40-105cm\/18kg). Istuimessa on 12-portaisesti s\u00e4\u00e4dett\u00e4v\u00e4 p\u00e4\u00e4tuki, useamman asteen kallistus, mukautuva lis\u00e4osa ja magneettivaljaat. Varustettu innovatiivisilla EasyClimb\u2122-kahvoilla jokap\u00e4iv\u00e4ist\u00e4 helppok\u00e4ytt\u00f6isyytt\u00e4 varten.<\/p>\n","protected":false},"featured_media":3700000853893,"comment_status":"open","ping_status":"closed","template":"","meta":{"_acf_changed":false,"_seopress_robots_primary_cat":"79","_seopress_titles_title":"","_seopress_titles_desc":"","_seopress_robots_index":"","content-type":"","_relevanssi_hide_post":"","_relevanssi_hide_content":"","_relevanssi_pin_for_all":"","_relevanssi_pin_keywords":"","_relevanssi_unpin_keywords":"","_relevanssi_related_keywords":"","_relevanssi_related_include_ids":"","_relevanssi_related_exclude_ids":"","_relevanssi_related_no_append":"","_relevanssi_related_not_related":"","_relevanssi_related_posts":"","_relevanssi_noindex_reason":"","editor_notices":[]},"product_brand":[],"product_cat":[18,431,80,79],"product_tag":[],"class_list":{"0":"post-173790","1":"product","2":"type-product","3":"status-publish","4":"has-post-thumbnail","6":"product_cat-kaikki-turvaistuimet","7":"product_cat-pienet-lapset","8":"product_cat-selka-menosuuntaan","9":"product_cat-turvakaukalot","11":"first","12":"instock","13":"taxable","14":"shipping-taxable","15":"purchasable","16":"product-type-variable","17":"has-default-attributes"},"bundled_by":[],"bundle_stock_status":"instock","bundle_stock_quantity":null,"bundle_virtual":false,"bundle_layout":"","bundle_add_to_cart_form_location":"","bundle_editable_in_cart":false,"bundle_sold_individually_context":"","bundle_item_grouping":"","bundle_min_size":"","bundle_max_size":"","bundle_price":[],"bundled_items":[],"bundle_sell_ids":[],"acf":[],"jetpack_sharing_enabled":true,"_links":{"self":[{"href":"https:\/\/axkid.com\/fi\/wp-json\/wp\/v2\/product\/173790","targetHints":{"allow":["GET"]}}],"collection":[{"href":"https:\/\/axkid.com\/fi\/wp-json\/wp\/v2\/product"}],"about":[{"href":"https:\/\/axkid.com\/fi\/wp-json\/wp\/v2\/types\/product"}],"replies":[{"embeddable":true,"href":"https:\/\/axkid.com\/fi\/wp-json\/wp\/v2\/comments?post=173790"}],"wp:featuredmedia":[{"embeddable":true,"href":"https:\/\/axkid.com\/fi\/wp-json\/"}],"wp:attachment":[{"href":"https:\/\/axkid.com\/fi\/wp-json\/wp\/v2\/media?parent=173790"}],"wp:term":[{"taxonomy":"product_brand","embeddable":true,"href":"https:\/\/axkid.com\/fi\/wp-json\/wp\/v2\/product_brand?post=173790"},{"taxonomy":"product_cat","embeddable":true,"href":"https:\/\/axkid.com\/fi\/wp-json\/wp\/v2\/product_cat?post=173790"},{"taxonomy":"product_tag","embeddable":true,"href":"https:\/\/axkid.com\/fi\/wp-json\/wp\/v2\/product_tag?post=173790"}],"curies":[{"name":"wp","href":"https:\/\/api.w.org\/{rel}","templated":true}]}}