{"id":173806,"date":"2026-01-31T09:14:28","date_gmt":"2026-01-31T07:14:28","guid":{"rendered":"https:\/\/axkid.com\/fi-2-0\/?post_type=product&#038;p=173806"},"modified":"2026-04-21T08:57:53","modified_gmt":"2026-04-21T05:57:53","slug":"minikid-4-max","status":"publish","type":"product","link":"https:\/\/axkid.com\/fi\/product\/minikid-4-max\/","title":{"rendered":"Minikid 4 Max"},"content":{"rendered":"","protected":false},"excerpt":{"rendered":"<p>Minikid 4 Max on 15 vuoden ajan kehitetty alkuper\u00e4inen pitk\u00e4\u00e4n menev\u00e4 selk\u00e4 menosuuntaan asennettava turvaistuin. Suojaa 7 vuoden ik\u00e4\u00e4n asti (61-125cm\/36kg). Vaivaton asennus alle 60 sekunnissa. Kompakti muotoilu ja reilusti jalkatilaa. Plus Test -hyv\u00e4ksytty ja t\u00f6rm\u00e4ystestattu yli standardien.<\/p>\n","protected":false},"featured_media":3700000853075,"comment_status":"open","ping_status":"closed","template":"","meta":{"_acf_changed":false,"_seopress_robots_primary_cat":"80","_seopress_titles_title":"Minikid 4 Max | Axkid","_seopress_titles_desc":"","_seopress_robots_index":"","content-type":"","_relevanssi_hide_post":"","_relevanssi_hide_content":"","_relevanssi_pin_for_all":"","_relevanssi_pin_keywords":"","_relevanssi_unpin_keywords":"","_relevanssi_related_keywords":"","_relevanssi_related_include_ids":"","_relevanssi_related_exclude_ids":"","_relevanssi_related_no_append":"","_relevanssi_related_not_related":"","_relevanssi_related_posts":"","_relevanssi_noindex_reason":"","editor_notices":[]},"product_brand":[],"product_cat":[432,18,431,80],"product_tag":[],"class_list":{"0":"post-173806","1":"product","2":"type-product","3":"status-publish","4":"has-post-thumbnail","6":"product_cat-isommat-lapset","7":"product_cat-kaikki-turvaistuimet","8":"product_cat-pienet-lapset","9":"product_cat-selka-menosuuntaan","11":"first","12":"instock","13":"taxable","14":"shipping-taxable","15":"purchasable","16":"product-type-variable","17":"has-default-attributes"},"bundled_by":["175202"],"bundle_stock_status":"instock","bundle_stock_quantity":null,"bundle_virtual":false,"bundle_layout":"","bundle_add_to_cart_form_location":"","bundle_editable_in_cart":false,"bundle_sold_individually_context":"","bundle_item_grouping":"","bundle_min_size":"","bundle_max_size":"","bundle_price":[],"bundled_items":[],"bundle_sell_ids":[],"acf":[],"jetpack_sharing_enabled":true,"_links":{"self":[{"href":"https:\/\/axkid.com\/fi\/wp-json\/wp\/v2\/product\/173806","targetHints":{"allow":["GET"]}}],"collection":[{"href":"https:\/\/axkid.com\/fi\/wp-json\/wp\/v2\/product"}],"about":[{"href":"https:\/\/axkid.com\/fi\/wp-json\/wp\/v2\/types\/product"}],"replies":[{"embeddable":true,"href":"https:\/\/axkid.com\/fi\/wp-json\/wp\/v2\/comments?post=173806"}],"wp:featuredmedia":[{"embeddable":true,"href":"https:\/\/axkid.com\/fi\/wp-json\/"}],"wp:attachment":[{"href":"https:\/\/axkid.com\/fi\/wp-json\/wp\/v2\/media?parent=173806"}],"wp:term":[{"taxonomy":"product_brand","embeddable":true,"href":"https:\/\/axkid.com\/fi\/wp-json\/wp\/v2\/product_brand?post=173806"},{"taxonomy":"product_cat","embeddable":true,"href":"https:\/\/axkid.com\/fi\/wp-json\/wp\/v2\/product_cat?post=173806"},{"taxonomy":"product_tag","embeddable":true,"href":"https:\/\/axkid.com\/fi\/wp-json\/wp\/v2\/product_tag?post=173806"}],"curies":[{"name":"wp","href":"https:\/\/api.w.org\/{rel}","templated":true}]}}