{"id":174977,"date":"2025-06-05T15:40:14","date_gmt":"2025-06-05T14:40:14","guid":{"rendered":"https:\/\/axkid.com\/fi\/?post_type=product&#038;p=174977"},"modified":"2026-04-28T13:29:04","modified_gmt":"2026-04-28T10:29:04","slug":"gokid","status":"publish","type":"product","link":"https:\/\/axkid.com\/fi\/product\/gokid\/","title":{"rendered":"Gokid"},"content":{"rendered":"","protected":false},"excerpt":{"rendered":"<p>Gokid vauvan turvakaukalo sopii vastasyntyneest\u00e4 15 kuukauden ik\u00e4iseen (40-87 cm\/13 kg). Vaivaton asennus ISOFIX-telakalla (myyd\u00e4\u00e4n erikseen) tai 3-pisteturvavy\u00f6ll\u00e4. Rattaiden universaaliadapterien kanssa yhteensopiva saumattomia siirtymi\u00e4 varten. Sis\u00e4lt\u00e4\u00e4 venyv\u00e4n kuomun joka suojaa auringolta, tuulelta ja sateelta.<\/p>\n","protected":false},"featured_media":174978,"comment_status":"open","ping_status":"closed","template":"","meta":{"_acf_changed":false,"_seopress_robots_primary_cat":"none","_seopress_titles_title":"Gokid - baby car seat | Axkid","_seopress_titles_desc":"The Gokid baby car seat is suitable from newborn up to 15 months (40\u201387 cm\/13 kg). Installed using ISOFIX base (sold separately) or 3 point seat belt.","_seopress_robots_index":"","content-type":"","_relevanssi_hide_post":"","_relevanssi_hide_content":"","_relevanssi_pin_for_all":"","_relevanssi_pin_keywords":"","_relevanssi_unpin_keywords":"","_relevanssi_related_keywords":"","_relevanssi_related_include_ids":"","_relevanssi_related_exclude_ids":"","_relevanssi_related_no_append":"","_relevanssi_related_not_related":"","_relevanssi_related_posts":"","_relevanssi_noindex_reason":"","editor_notices":[]},"product_brand":[],"product_cat":[18,79],"product_tag":[],"class_list":{"0":"post-174977","1":"product","2":"type-product","3":"status-publish","4":"has-post-thumbnail","6":"product_cat-kaikki-turvaistuimet","7":"product_cat-turvakaukalot","9":"first","10":"instock","11":"taxable","12":"shipping-taxable","13":"purchasable","14":"product-type-variable","15":"has-default-attributes"},"bundled_by":["175010","175202","175649"],"bundle_stock_status":"instock","bundle_stock_quantity":null,"bundle_virtual":false,"bundle_layout":"","bundle_add_to_cart_form_location":"","bundle_editable_in_cart":false,"bundle_sold_individually_context":"","bundle_item_grouping":"","bundle_min_size":"","bundle_max_size":"","bundle_price":[],"bundled_items":[],"bundle_sell_ids":[],"acf":[],"jetpack_sharing_enabled":true,"_links":{"self":[{"href":"https:\/\/axkid.com\/fi\/wp-json\/wp\/v2\/product\/174977","targetHints":{"allow":["GET"]}}],"collection":[{"href":"https:\/\/axkid.com\/fi\/wp-json\/wp\/v2\/product"}],"about":[{"href":"https:\/\/axkid.com\/fi\/wp-json\/wp\/v2\/types\/product"}],"replies":[{"embeddable":true,"href":"https:\/\/axkid.com\/fi\/wp-json\/wp\/v2\/comments?post=174977"}],"wp:featuredmedia":[{"embeddable":true,"href":"https:\/\/axkid.com\/fi\/wp-json\/wp\/v2\/media\/174978"}],"wp:attachment":[{"href":"https:\/\/axkid.com\/fi\/wp-json\/wp\/v2\/media?parent=174977"}],"wp:term":[{"taxonomy":"product_brand","embeddable":true,"href":"https:\/\/axkid.com\/fi\/wp-json\/wp\/v2\/product_brand?post=174977"},{"taxonomy":"product_cat","embeddable":true,"href":"https:\/\/axkid.com\/fi\/wp-json\/wp\/v2\/product_cat?post=174977"},{"taxonomy":"product_tag","embeddable":true,"href":"https:\/\/axkid.com\/fi\/wp-json\/wp\/v2\/product_tag?post=174977"}],"curies":[{"name":"wp","href":"https:\/\/api.w.org\/{rel}","templated":true}]}}