{"id":175479,"date":"2020-10-14T16:19:28","date_gmt":"2020-10-14T13:19:28","guid":{"rendered":"https:\/\/axkid.com\/fi\/?post_type=product&#038;p=175479"},"modified":"2026-04-27T20:12:50","modified_gmt":"2026-04-27T17:12:50","slug":"eps-wings-toddler-insert","status":"publish","type":"product","link":"https:\/\/axkid.com\/fi\/product\/eps-wings-toddler-insert\/","title":{"rendered":"EPS Wings toddler insert"},"content":{"rendered":"<p>The EPS wings, commonly referred to as styrofoam, for the toddler insert \u2013 both left and right sides included. Included with the purchase of the car seat and compatible with ONE 2\/ONE 3 and ONE+ 2\/ONE+ 3.<\/p>\n","protected":false},"excerpt":{"rendered":"<p>EPS-siivet, joita usein kutsutaan styroksiksi, kuuluvat pienen lapsen lis\u00e4osaan \u2013 sek\u00e4 oikea ett\u00e4 vasen puoli sis\u00e4ltyv\u00e4t. Sis\u00e4ltyy turvaistuimen ostoon ja sopii malleihin ONE 2\/ONE 3, ONE+ 2\/ONE+ 3, Minikid 4 Max ja Minikid 4 Pro.<\/p>\n","protected":false},"featured_media":3700000851230,"comment_status":"open","ping_status":"closed","template":"","meta":{"_acf_changed":false,"_seopress_robots_primary_cat":"none","_seopress_titles_title":"","_seopress_titles_desc":"","_seopress_robots_index":"","content-type":"","_relevanssi_hide_post":"","_relevanssi_hide_content":"","_relevanssi_pin_for_all":"","_relevanssi_pin_keywords":"","_relevanssi_unpin_keywords":"","_relevanssi_related_keywords":"","_relevanssi_related_include_ids":"","_relevanssi_related_exclude_ids":"","_relevanssi_related_no_append":"","_relevanssi_related_not_related":"","_relevanssi_related_posts":"","_relevanssi_noindex_reason":"","editor_notices":[]},"product_brand":[],"product_cat":[17,375],"product_tag":[],"class_list":{"0":"post-175479","1":"product","2":"type-product","3":"status-publish","4":"has-post-thumbnail","6":"product_cat-lisavarusteet","7":"product_cat-varaosat","9":"first","10":"instock","11":"taxable","12":"shipping-taxable","13":"purchasable","14":"product-type-simple"},"bundled_by":[],"bundle_stock_status":"instock","bundle_stock_quantity":8,"bundle_virtual":false,"bundle_layout":"","bundle_add_to_cart_form_location":"","bundle_editable_in_cart":false,"bundle_sold_individually_context":"","bundle_item_grouping":"","bundle_min_size":"","bundle_max_size":"","bundle_price":[],"bundled_items":[],"bundle_sell_ids":[],"acf":[],"jetpack_sharing_enabled":true,"_links":{"self":[{"href":"https:\/\/axkid.com\/fi\/wp-json\/wp\/v2\/product\/175479","targetHints":{"allow":["GET"]}}],"collection":[{"href":"https:\/\/axkid.com\/fi\/wp-json\/wp\/v2\/product"}],"about":[{"href":"https:\/\/axkid.com\/fi\/wp-json\/wp\/v2\/types\/product"}],"replies":[{"embeddable":true,"href":"https:\/\/axkid.com\/fi\/wp-json\/wp\/v2\/comments?post=175479"}],"wp:featuredmedia":[{"embeddable":true,"href":"https:\/\/axkid.com\/fi\/wp-json\/"}],"wp:attachment":[{"href":"https:\/\/axkid.com\/fi\/wp-json\/wp\/v2\/media?parent=175479"}],"wp:term":[{"taxonomy":"product_brand","embeddable":true,"href":"https:\/\/axkid.com\/fi\/wp-json\/wp\/v2\/product_brand?post=175479"},{"taxonomy":"product_cat","embeddable":true,"href":"https:\/\/axkid.com\/fi\/wp-json\/wp\/v2\/product_cat?post=175479"},{"taxonomy":"product_tag","embeddable":true,"href":"https:\/\/axkid.com\/fi\/wp-json\/wp\/v2\/product_tag?post=175479"}],"curies":[{"name":"wp","href":"https:\/\/api.w.org\/{rel}","templated":true}]}}