{"id":176137,"date":"2026-01-16T15:08:12","date_gmt":"2026-01-16T13:08:12","guid":{"rendered":"https:\/\/axkid.com\/fi\/?post_type=product&#038;p=176137"},"modified":"2026-02-27T10:54:53","modified_gmt":"2026-02-27T08:54:53","slug":"up-beachgrass-beige","status":"publish","type":"product","link":"https:\/\/axkid.com\/fi\/product\/up-beachgrass-beige\/","title":{"rendered":"Up Beachgrass Beige"},"content":{"rendered":"","protected":false},"excerpt":{"rendered":"<p>Axkid Up\u2122 on kaikkien aikojen edistyksellisin turvavy\u00f6istuin. Se sopii 4-12 vuotiaille lapsille (100-150cm\/50kg) ja mukautuu lapsellesi korotettavan istuinosan avulla varmistaen optimaalisen vy\u00f6asennon. Varustettu tukevalla ter\u00e4srungolla, jossa integroitu tukijalka lis\u00e4\u00e4 vakautta.<\/p>\n","protected":false},"featured_media":174344,"comment_status":"open","ping_status":"closed","template":"","meta":{"_acf_changed":false,"_seopress_robots_primary_cat":"none","_seopress_titles_title":"Up - High back booster seat | Axkid","_seopress_titles_desc":"Axkid Up\u2122 \u2013 a high back booster for kids 4-12 years (100-150 cm). Patented raisable seat, solid steel frame & ISOFIX for safety, comfort & easy storage.","_seopress_robots_index":"","content-type":"","_relevanssi_hide_post":"","_relevanssi_hide_content":"","_relevanssi_pin_for_all":"","_relevanssi_pin_keywords":"","_relevanssi_unpin_keywords":"","_relevanssi_related_keywords":"","_relevanssi_related_include_ids":"","_relevanssi_related_exclude_ids":"","_relevanssi_related_no_append":"","_relevanssi_related_not_related":"","_relevanssi_related_posts":"","_relevanssi_noindex_reason":"","editor_notices":[]},"product_brand":[],"product_cat":[412],"product_tag":[],"class_list":{"0":"post-176137","1":"product","2":"type-product","3":"status-publish","4":"has-post-thumbnail","6":"product_cat-outlet","8":"first","9":"instock","10":"taxable","11":"shipping-taxable","12":"purchasable","13":"product-type-bundle"},"bundled_by":[],"bundle_stock_status":"insufficientstock","bundle_stock_quantity":0,"bundle_virtual":false,"bundle_layout":"default","bundle_add_to_cart_form_location":"default","bundle_editable_in_cart":false,"bundle_sold_individually_context":"product","bundle_item_grouping":"parent","bundle_min_size":"","bundle_max_size":"","bundle_price":{"price":{"min":{"incl_tax":"499.9","excl_tax":"398.33"},"max":{"incl_tax":"499.9","excl_tax":"398.33"}},"regular_price":{"min":{"incl_tax":"499.9","excl_tax":"398.33"},"max":{"incl_tax":"499.9","excl_tax":"398.33"}}},"bundled_items":[{"bundled_item_id":30,"product_id":174404,"menu_order":0,"quantity_min":1,"quantity_max":1,"quantity_default":1,"priced_individually":true,"shipped_individually":false,"override_title":false,"title":"Up","override_description":false,"description":"","optional":false,"hide_thumbnail":false,"discount":"","override_variations":true,"allowed_variations":[174409],"override_default_variation_attributes":true,"default_variation_attributes":[{"id":1,"name":"V\u00e4ri","option":"beachgrass-beige"}],"single_product_visibility":"visible","cart_visibility":"visible","order_visibility":"visible","single_product_price_visibility":"visible","cart_price_visibility":"visible","order_price_visibility":"visible","stock_status":"out_of_stock"},{"bundled_item_id":31,"product_id":174528,"menu_order":1,"quantity_min":1,"quantity_max":1,"quantity_default":1,"priced_individually":false,"shipped_individually":false,"override_title":false,"title":"Up Jalkatuki","override_description":true,"description":"Uutuus 2026. Up\u2122 jalkatuki sis\u00e4ltyy hintaan.","optional":false,"hide_thumbnail":false,"discount":"","override_variations":false,"allowed_variations":[],"override_default_variation_attributes":false,"default_variation_attributes":[],"single_product_visibility":"visible","cart_visibility":"visible","order_visibility":"visible","single_product_price_visibility":"visible","cart_price_visibility":"visible","order_price_visibility":"visible","stock_status":"in_stock"}],"bundle_sell_ids":[],"acf":[],"jetpack_sharing_enabled":true,"_links":{"self":[{"href":"https:\/\/axkid.com\/fi\/wp-json\/wp\/v2\/product\/176137","targetHints":{"allow":["GET"]}}],"collection":[{"href":"https:\/\/axkid.com\/fi\/wp-json\/wp\/v2\/product"}],"about":[{"href":"https:\/\/axkid.com\/fi\/wp-json\/wp\/v2\/types\/product"}],"replies":[{"embeddable":true,"href":"https:\/\/axkid.com\/fi\/wp-json\/wp\/v2\/comments?post=176137"}],"wp:featuredmedia":[{"embeddable":true,"href":"https:\/\/axkid.com\/fi\/wp-json\/wp\/v2\/media\/174344"}],"wp:attachment":[{"href":"https:\/\/axkid.com\/fi\/wp-json\/wp\/v2\/media?parent=176137"}],"wp:term":[{"taxonomy":"product_brand","embeddable":true,"href":"https:\/\/axkid.com\/fi\/wp-json\/wp\/v2\/product_brand?post=176137"},{"taxonomy":"product_cat","embeddable":true,"href":"https:\/\/axkid.com\/fi\/wp-json\/wp\/v2\/product_cat?post=176137"},{"taxonomy":"product_tag","embeddable":true,"href":"https:\/\/axkid.com\/fi\/wp-json\/wp\/v2\/product_tag?post=176137"}],"curies":[{"name":"wp","href":"https:\/\/api.w.org\/{rel}","templated":true}]}}