{"id":176513,"date":"2026-03-31T10:45:49","date_gmt":"2026-03-31T07:45:49","guid":{"rendered":"https:\/\/axkid.com\/fi\/?post_type=product&#038;p=176513"},"modified":"2026-04-20T08:58:25","modified_gmt":"2026-04-20T05:58:25","slug":"axkid-up-x-jon-olsson-1","status":"publish","type":"product","link":"https:\/\/axkid.com\/fi\/product\/axkid-up-x-jon-olsson-1\/","title":{"rendered":"Axkid Up x Jon Olsson"},"content":{"rendered":"","protected":false},"excerpt":{"rendered":"<p>Axkid Up\u2122 on kaikkien aikojen edistyksellisin turvavy\u00f6istuin, nyt saatavana limited edition -versiona yhteisty\u00f6ss\u00e4 Jon Olssonin kanssa. Se sopii 4\u201312-vuotiaille lapsille (100\u2013150 cm \/ 50 kg) ja mukautuu lapsellesi korotettavan istuinosan avulla varmistaen optimaalisen vy\u00f6asennon. Varustettu integroidulla tukijalalla, joka lis\u00e4\u00e4 vakautta.<\/p>\n","protected":false},"featured_media":3700000853829,"comment_status":"open","ping_status":"closed","template":"","meta":{"_acf_changed":false,"_seopress_robots_primary_cat":"432","_seopress_titles_title":"Axkid Up x Jon Olsson | Axkid","_seopress_titles_desc":"Axkid Up\u2122 on kaikkien aikojen edistyksellisin turvavy\u00f6istuin, nyt saatavana limited edition -versiona yhteisty\u00f6ss\u00e4 Jon Olssonin kanssa.","_seopress_robots_index":"","content-type":"","_relevanssi_hide_post":"","_relevanssi_hide_content":"","_relevanssi_pin_for_all":"","_relevanssi_pin_keywords":"","_relevanssi_unpin_keywords":"","_relevanssi_related_keywords":"","_relevanssi_related_include_ids":"","_relevanssi_related_exclude_ids":"","_relevanssi_related_no_append":"","_relevanssi_related_not_related":"","_relevanssi_related_posts":"","_relevanssi_noindex_reason":"WooCommerce Relevanssi index exclude","editor_notices":[]},"product_brand":[],"product_cat":[432,18,81],"product_tag":[],"class_list":{"0":"post-176513","1":"product","2":"type-product","3":"status-publish","4":"has-post-thumbnail","6":"product_cat-isommat-lapset","7":"product_cat-kaikki-turvaistuimet","8":"product_cat-turvavyoistuimet","10":"first","11":"onbackorder","12":"taxable","13":"shipping-taxable","14":"purchasable","15":"product-type-variable","16":"has-default-attributes"},"bundled_by":["176531"],"bundle_stock_status":"onbackorder","bundle_stock_quantity":null,"bundle_virtual":false,"bundle_layout":"","bundle_add_to_cart_form_location":"","bundle_editable_in_cart":false,"bundle_sold_individually_context":"","bundle_item_grouping":"","bundle_min_size":"","bundle_max_size":"","bundle_price":[],"bundled_items":[],"bundle_sell_ids":[],"acf":[],"jetpack_sharing_enabled":true,"_links":{"self":[{"href":"https:\/\/axkid.com\/fi\/wp-json\/wp\/v2\/product\/176513","targetHints":{"allow":["GET"]}}],"collection":[{"href":"https:\/\/axkid.com\/fi\/wp-json\/wp\/v2\/product"}],"about":[{"href":"https:\/\/axkid.com\/fi\/wp-json\/wp\/v2\/types\/product"}],"replies":[{"embeddable":true,"href":"https:\/\/axkid.com\/fi\/wp-json\/wp\/v2\/comments?post=176513"}],"wp:featuredmedia":[{"embeddable":true,"href":"https:\/\/axkid.com\/fi\/wp-json\/"}],"wp:attachment":[{"href":"https:\/\/axkid.com\/fi\/wp-json\/wp\/v2\/media?parent=176513"}],"wp:term":[{"taxonomy":"product_brand","embeddable":true,"href":"https:\/\/axkid.com\/fi\/wp-json\/wp\/v2\/product_brand?post=176513"},{"taxonomy":"product_cat","embeddable":true,"href":"https:\/\/axkid.com\/fi\/wp-json\/wp\/v2\/product_cat?post=176513"},{"taxonomy":"product_tag","embeddable":true,"href":"https:\/\/axkid.com\/fi\/wp-json\/wp\/v2\/product_tag?post=176513"}],"curies":[{"name":"wp","href":"https:\/\/api.w.org\/{rel}","templated":true}]}}