{"id":176648,"date":"2026-04-23T13:45:39","date_gmt":"2026-04-23T10:45:39","guid":{"rendered":"https:\/\/axkid.com\/fi\/?post_type=product&#038;p=176648"},"modified":"2026-04-24T11:39:55","modified_gmt":"2026-04-24T08:39:55","slug":"zero-pro","status":"publish","type":"product","link":"https:\/\/axkid.com\/fi\/product\/zero-pro\/","title":{"rendered":"Zero Pro"},"content":{"rendered":"","protected":false},"excerpt":{"rendered":"<p>Zero Pro on turvakaukalo, joka on suunniteltu turvaamaan vastasyntyneen vauvasi turvallisuus heti ensimm\u00e4isest\u00e4 p\u00e4iv\u00e4st\u00e4 l\u00e4htien. Kevyt ja helppo kuljettaa, se on suunniteltu antamaan pienille vauvoille tarvittavan tuen jo ensimm\u00e4iselt\u00e4 kotimatkalta l\u00e4htien. Zero Pro sopii 40\u201387cm pituisille ja enint\u00e4\u00e4n 13kg painoisille vauvoille. Zero Pro on R129 i-Size -sertifioitu ja voidaan asentaa Zero Pro Base -telakan avulla tai auton turvavy\u00f6ll\u00e4.<\/p>\n","protected":false},"featured_media":176653,"comment_status":"open","ping_status":"closed","template":"","meta":{"_acf_changed":false,"_seopress_robots_primary_cat":"18","_seopress_titles_title":"Zero Pro turvakaukalo | Vauvan turvallisuus ensimm\u00e4isest\u00e4 p\u00e4iv\u00e4st\u00e4 l\u00e4htien","_seopress_titles_desc":"Zero Pro on kevyt turvakaukalo vastasyntyneille ja alle 15 kuukauden ik\u00e4isille lapsille (40\u201387cm, 0\u201313kg).","_seopress_robots_index":"","content-type":"","_relevanssi_hide_post":"","_relevanssi_hide_content":"","_relevanssi_pin_for_all":"","_relevanssi_pin_keywords":"","_relevanssi_unpin_keywords":"","_relevanssi_related_keywords":"","_relevanssi_related_include_ids":"","_relevanssi_related_exclude_ids":"","_relevanssi_related_no_append":"","_relevanssi_related_not_related":"","_relevanssi_related_posts":"","_relevanssi_noindex_reason":"","editor_notices":[]},"product_brand":[],"product_cat":[18,79],"product_tag":[],"class_list":{"0":"post-176648","1":"product","2":"type-product","3":"status-publish","4":"has-post-thumbnail","6":"product_cat-kaikki-turvaistuimet","7":"product_cat-turvakaukalot","9":"first","10":"onbackorder","11":"taxable","12":"shipping-taxable","13":"purchasable","14":"product-type-variable","15":"has-default-attributes"},"bundled_by":["176662"],"bundle_stock_status":"onbackorder","bundle_stock_quantity":null,"bundle_virtual":false,"bundle_layout":"","bundle_add_to_cart_form_location":"","bundle_editable_in_cart":false,"bundle_sold_individually_context":"","bundle_item_grouping":"","bundle_min_size":"","bundle_max_size":"","bundle_price":[],"bundled_items":[],"bundle_sell_ids":[],"acf":[],"jetpack_sharing_enabled":true,"_links":{"self":[{"href":"https:\/\/axkid.com\/fi\/wp-json\/wp\/v2\/product\/176648","targetHints":{"allow":["GET"]}}],"collection":[{"href":"https:\/\/axkid.com\/fi\/wp-json\/wp\/v2\/product"}],"about":[{"href":"https:\/\/axkid.com\/fi\/wp-json\/wp\/v2\/types\/product"}],"replies":[{"embeddable":true,"href":"https:\/\/axkid.com\/fi\/wp-json\/wp\/v2\/comments?post=176648"}],"wp:featuredmedia":[{"embeddable":true,"href":"https:\/\/axkid.com\/fi\/wp-json\/wp\/v2\/media\/176653"}],"wp:attachment":[{"href":"https:\/\/axkid.com\/fi\/wp-json\/wp\/v2\/media?parent=176648"}],"wp:term":[{"taxonomy":"product_brand","embeddable":true,"href":"https:\/\/axkid.com\/fi\/wp-json\/wp\/v2\/product_brand?post=176648"},{"taxonomy":"product_cat","embeddable":true,"href":"https:\/\/axkid.com\/fi\/wp-json\/wp\/v2\/product_cat?post=176648"},{"taxonomy":"product_tag","embeddable":true,"href":"https:\/\/axkid.com\/fi\/wp-json\/wp\/v2\/product_tag?post=176648"}],"curies":[{"name":"wp","href":"https:\/\/api.w.org\/{rel}","templated":true}]}}