{"id":176662,"date":"2026-04-23T13:52:43","date_gmt":"2026-04-23T10:52:43","guid":{"rendered":"https:\/\/axkid.com\/fi\/?post_type=product&#038;p=176662"},"modified":"2026-04-28T11:55:07","modified_gmt":"2026-04-28T08:55:07","slug":"bundle-zero-pro-base","status":"publish","type":"product","link":"https:\/\/axkid.com\/fi\/product\/bundle-zero-pro-base\/","title":{"rendered":"Bundle: Zero Pro + Base"},"content":{"rendered":"","protected":false},"excerpt":{"rendered":"<p>Zero Pro + Base on vauvan turvakaukalon ja ISOFIX -telakan paketti, joka on suunniteltu turvalliseen ja helppoon matkustamiseen heti ensimm\u00e4isest\u00e4 p\u00e4iv\u00e4st\u00e4 l\u00e4htien. Yhdist\u00e4m\u00e4ll\u00e4 kevyen Zero Pro -kaukalon k\u00e4\u00e4ntyv\u00e4\u00e4n ISOFIX -telakkaan se tarjoaa turvallisen asennuksen, yhden napsautuksen kiinnityksen ja helpomman p\u00e4ivitt\u00e4isen k\u00e4yt\u00f6n vastasyntyneen vauvan perheille. Zero Pro sopii 40\u201387cm pituisille ja 0\u201313kg painoisille lapsille, ja se on R129 i-Size -sertifioitu sek\u00e4 suunniteltu tukemaan pieni\u00e4 vauvoja jo ensimm\u00e4isest\u00e4 kotimatkasta l\u00e4htien.<\/p>\n","protected":false},"featured_media":176681,"comment_status":"open","ping_status":"closed","template":"","meta":{"_acf_changed":false,"_seopress_robots_primary_cat":"18","_seopress_titles_title":"Zero Pro + Base | ISOFIX turvakaukalo | Axkid","_seopress_titles_desc":"Zero Pro + Base yhdist\u00e4\u00e4 kevyen turvakaukalon ja ISOFIX -telakan, mik\u00e4 takaa turvallisen ja vaivattoman matkustamisen heti ensimm\u00e4isest\u00e4 p\u00e4iv\u00e4st\u00e4 l\u00e4htien.","_seopress_robots_index":"","_seopress_analysis_target_kw":"","content-type":"","_relevanssi_hide_post":"","_relevanssi_hide_content":"","_relevanssi_pin_for_all":"","_relevanssi_pin_keywords":"","_relevanssi_unpin_keywords":"","_relevanssi_related_keywords":"","_relevanssi_related_include_ids":"","_relevanssi_related_exclude_ids":"","_relevanssi_related_no_append":"","_relevanssi_related_not_related":"","_relevanssi_related_posts":"","_relevanssi_noindex_reason":"","editor_notices":[]},"product_brand":[],"product_cat":[18,175],"product_tag":[],"class_list":{"0":"post-176662","1":"product","2":"type-product","3":"status-publish","4":"has-post-thumbnail","6":"product_cat-kaikki-turvaistuimet","7":"product_cat-paketit","9":"first","10":"onbackorder","11":"sale","12":"taxable","13":"shipping-taxable","14":"purchasable","15":"product-type-bundle"},"bundled_by":[],"bundle_stock_status":"instock","bundle_stock_quantity":"","bundle_virtual":false,"bundle_layout":"default","bundle_add_to_cart_form_location":"default","bundle_editable_in_cart":false,"bundle_sold_individually_context":"product","bundle_item_grouping":"parent","bundle_min_size":"","bundle_max_size":"","bundle_price":{"price":{"min":{"incl_tax":"399","excl_tax":"317.93"},"max":{"incl_tax":"399","excl_tax":"317.93"}},"regular_price":{"min":{"incl_tax":"448","excl_tax":"356.98"},"max":{"incl_tax":"448","excl_tax":"356.98"}}},"bundled_items":[{"bundled_item_id":42,"product_id":176648,"menu_order":0,"quantity_min":1,"quantity_max":1,"quantity_default":1,"priced_individually":true,"shipped_individually":false,"override_title":false,"title":"Zero Pro","override_description":false,"description":"","optional":false,"hide_thumbnail":false,"discount":"","override_variations":false,"allowed_variations":[],"override_default_variation_attributes":false,"default_variation_attributes":[],"single_product_visibility":"visible","cart_visibility":"visible","order_visibility":"visible","single_product_price_visibility":"visible","cart_price_visibility":"visible","order_price_visibility":"visible","stock_status":"on_backorder"},{"bundled_item_id":43,"product_id":176682,"menu_order":1,"quantity_min":1,"quantity_max":1,"quantity_default":1,"priced_individually":true,"shipped_individually":false,"override_title":false,"title":"Zero base","override_description":false,"description":"","optional":false,"hide_thumbnail":false,"discount":"24.623116","override_variations":false,"allowed_variations":[],"override_default_variation_attributes":false,"default_variation_attributes":[],"single_product_visibility":"visible","cart_visibility":"visible","order_visibility":"visible","single_product_price_visibility":"visible","cart_price_visibility":"visible","order_price_visibility":"visible","stock_status":"on_backorder"}],"bundle_sell_ids":[],"acf":[],"jetpack_sharing_enabled":true,"_links":{"self":[{"href":"https:\/\/axkid.com\/fi\/wp-json\/wp\/v2\/product\/176662","targetHints":{"allow":["GET"]}}],"collection":[{"href":"https:\/\/axkid.com\/fi\/wp-json\/wp\/v2\/product"}],"about":[{"href":"https:\/\/axkid.com\/fi\/wp-json\/wp\/v2\/types\/product"}],"replies":[{"embeddable":true,"href":"https:\/\/axkid.com\/fi\/wp-json\/wp\/v2\/comments?post=176662"}],"wp:featuredmedia":[{"embeddable":true,"href":"https:\/\/axkid.com\/fi\/wp-json\/wp\/v2\/media\/176681"}],"wp:attachment":[{"href":"https:\/\/axkid.com\/fi\/wp-json\/wp\/v2\/media?parent=176662"}],"wp:term":[{"taxonomy":"product_brand","embeddable":true,"href":"https:\/\/axkid.com\/fi\/wp-json\/wp\/v2\/product_brand?post=176662"},{"taxonomy":"product_cat","embeddable":true,"href":"https:\/\/axkid.com\/fi\/wp-json\/wp\/v2\/product_cat?post=176662"},{"taxonomy":"product_tag","embeddable":true,"href":"https:\/\/axkid.com\/fi\/wp-json\/wp\/v2\/product_tag?post=176662"}],"curies":[{"name":"wp","href":"https:\/\/api.w.org\/{rel}","templated":true}]}}